{"id":5240,"date":"2025-10-12T12:23:55","date_gmt":"2025-10-12T10:23:55","guid":{"rendered":"https:\/\/vitamin.coredesign.hu\/?product=haya-labs-high-potency-co-q10-100mg-60-kapszula"},"modified":"2026-01-08T23:23:23","modified_gmt":"2026-01-08T22:23:23","slug":"haya-labs-high-potency-co-q10-100mg-60-kapszula","status":"publish","type":"product","link":"https:\/\/vitamin.coredesign.hu\/?product=haya-labs-high-potency-co-q10-100mg-60-kapszula","title":{"rendered":"HAYA LABS \u2013 High Potency Co-Q10 100mg. \/ 60 kapszula"},"content":{"rendered":"<p>&nbsp;<\/p>\n<div id=\"lt-accessibility-devtools\" aria-hidden=\"true\"><\/div>\n<p>Nagy hat\u00e9konys\u00e1g\u00fa Co-Q10 60 kapszula, er\u0151s antioxid\u00e1ns, seg\u00edtheti az immunrendszert, fontos a sejtsz\u00f6vetek \u00e9s a csonts\u0171r\u0171s\u00e9g szempontj\u00e1b\u00f3l<\/p>\n<p><strong>Er\u0151teljes antioxid\u00e1ns:<\/strong>\u00a0fontos t\u00e1panyag, amely megv\u00e9di a sejteket a k\u00e1rosod\u00e1st\u00f3l<br \/>\n<strong>T\u00e1mogathatja az immunrendszert:<\/strong> er\u0151s antioxid\u00e1ns tulajdons\u00e1gainak k\u00f6sz\u00f6nhet\u0151en er\u0151s\u00edtheti az immunrendszert<br \/>\n<strong>Eel\u0151seg\u00edti a b\u0151r eg\u00e9szs\u00e9g\u00e9t:<\/strong> serkenti a kollag\u00e9n termel\u00e9st \u00e9s a b\u0151rsejteket<br \/>\n<strong>Fontos a csonts\u0171r\u0171s\u00e9g szempontj\u00e1b\u00f3l:<\/strong>\u00a0jelent\u0151sen cs\u00f6kkentheti a csontfelsz\u00edv\u00f3d\u00e1st<br \/>\n<strong>Cs\u00f6kkentheti az izomf\u00e1radts\u00e1got:<\/strong>\u00a0cs\u00f6kkentheti az izomf\u00e1rad\u00e1shoz vezet\u0151 oxidat\u00edv k\u00e1rosod\u00e1st<\/p>\n<p>A Haya Labs High Potency Co-Q10 60 kapszul\u00e1t tartalmaz, 100 mg koenzim Q10 adagonk\u00e9nt. Az aj\u00e1nlott adag 1 kapszula naponta egyszer.<\/p>\n<p><strong>A Haya Labs High Potency Co-Q10 el\u0151nyei:<\/strong><\/p>\n<ul>\n<li><strong>Er\u0151teljes antioxid\u00e1ns<\/strong><br \/>\n<strong>Seg\u00edthet az immunrendszer t\u00e1mogat\u00e1s\u00e1ban<\/strong><br \/>\n<strong>El\u0151seg\u00edtheti a b\u0151r eg\u00e9szs\u00e9g\u00e9t<\/strong><br \/>\n<strong>Fontos a csonts\u0171r\u0171s\u00e9g szempontj\u00e1b\u00f3l<\/strong><br \/>\n<strong>Cs\u00f6kkentheti az izomf\u00e1radts\u00e1got<\/strong><\/li>\n<\/ul>\n<p><strong>Egy adag:<\/strong> 1 kapszula<\/p>\n<p><strong>Aj\u00e1nlott haszn\u00e1lat:<\/strong> Vegyen be 1 adagot naponta, \u00e9tkez\u00e9s k\u00f6zben.<\/p>\n<p><strong>Csomag tartalma:<\/strong> 60 adag<\/p>\n","protected":false},"excerpt":{"rendered":"<p>Nagy hat\u00e9konys\u00e1g\u00fa Co-Q10 60 kapszula, er\u0151s antioxid\u00e1ns, seg\u00edtheti az immunrendszert, fontos a sejtsz\u00f6vetek \u00e9s a csonts\u0171r\u0171s\u00e9g szempontj\u00e1b\u00f3l<\/p>\n","protected":false},"featured_media":5241,"comment_status":"closed","ping_status":"open","template":"","meta":[],"product_cat":[61],"product_tag":[],"class_list":{"0":"post-5240","1":"product","2":"type-product","3":"status-publish","4":"has-post-thumbnail","6":"product_brand-haya-labs","7":"product_cat-etrend-kiegeszitok","9":"first","10":"instock","11":"purchasable","12":"product-type-simple"},"_links":{"self":[{"href":"https:\/\/vitamin.coredesign.hu\/index.php?rest_route=\/wp\/v2\/product\/5240","targetHints":{"allow":["GET"]}}],"collection":[{"href":"https:\/\/vitamin.coredesign.hu\/index.php?rest_route=\/wp\/v2\/product"}],"about":[{"href":"https:\/\/vitamin.coredesign.hu\/index.php?rest_route=\/wp\/v2\/types\/product"}],"replies":[{"embeddable":true,"href":"https:\/\/vitamin.coredesign.hu\/index.php?rest_route=%2Fwp%2Fv2%2Fcomments&post=5240"}],"wp:featuredmedia":[{"embeddable":true,"href":"https:\/\/vitamin.coredesign.hu\/index.php?rest_route=\/wp\/v2\/media\/5241"}],"wp:attachment":[{"href":"https:\/\/vitamin.coredesign.hu\/index.php?rest_route=%2Fwp%2Fv2%2Fmedia&parent=5240"}],"wp:term":[{"taxonomy":"product_cat","embeddable":true,"href":"https:\/\/vitamin.coredesign.hu\/index.php?rest_route=%2Fwp%2Fv2%2Fproduct_cat&post=5240"},{"taxonomy":"product_tag","embeddable":true,"href":"https:\/\/vitamin.coredesign.hu\/index.php?rest_route=%2Fwp%2Fv2%2Fproduct_tag&post=5240"}],"curies":[{"name":"wp","href":"https:\/\/api.w.org\/{rel}","templated":true}]}}