{"id":5238,"date":"2025-10-12T12:23:55","date_gmt":"2025-10-12T10:23:55","guid":{"rendered":"https:\/\/vitamin.coredesign.hu\/?product=haya-labs-hair-skin-and-nails-60-kapszula"},"modified":"2026-01-08T23:23:22","modified_gmt":"2026-01-08T22:23:22","slug":"haya-labs-hair-skin-and-nails-60-kapszula","status":"publish","type":"product","link":"https:\/\/vitamin.coredesign.hu\/?product=haya-labs-hair-skin-and-nails-60-kapszula","title":{"rendered":"HAYA LABS \u2013 Hair, Skin, and Nails \/ 60 kapszula"},"content":{"rendered":"<p>&nbsp;<\/p>\n<div id=\"lt-accessibility-devtools\" aria-hidden=\"true\"><\/div>\n<p><strong>Haj, b\u0151r \u00e9s k\u00f6r\u00f6m kapszula<\/strong><\/p>\n<p>Mi az a HAYA LABS Hair, Skin \u00e9s Nails?<\/p>\n<p>Ez a HAYA LABS k\u00e9sz\u00edtm\u00e9ny sz\u00e1mos kulcsfontoss\u00e1g\u00fa vitamint, \u00e1sv\u00e1nyi anyagot \u00e9s t\u00e1panyagot kombin\u00e1l, hogy t\u00e1mogassa az eg\u00e9szs\u00e9ges hajsz\u00e1lak \u00e9s k\u00f6rm\u00f6k n\u00f6veked\u00e9s\u00e9t \u00e9s \u00e1polja b\u0151re eg\u00e9szs\u00e9g\u00e9t.<\/p>\n<p>Mind a n\u0151k, mind a f\u00e9rfiak sz\u00e1m\u00e1ra ide\u00e1lis k\u00e9sz\u00edtm\u00e9ny, mely bels\u0151leg alapozza meg a haj, a b\u0151r \u00e9s a k\u00f6rm\u00f6k t\u00e1pl\u00e1l\u00e1s\u00e1t \u00e9s v\u00e9delm\u00e9t, \u00edgy alak\u00edtva ki az er\u0151s \u00e9s az eg\u00e9szs\u00e9ges megjelen\u00e9st.<\/p>\n<p><strong>El\u0151ny\u00f6k:<\/strong><\/p>\n<ul>\n<li>Ellen\u00e1ll\u00f3v\u00e1 \u00e9s eg\u00e9szs\u00e9ges megjelen\u00e9s\u0171v\u00e9 teszi a hajat, a b\u0151rt \u00e9s a k\u00f6rm\u00f6ket.<\/li>\n<li>Vitaminjai megk\u00f6tik a szabad gy\u00f6k\u00f6ket \u2013 v\u00e9delmet ny\u00fajtanak a b\u0151rnek, seg\u00edtve ez\u00e1ltal a fiatalos megjelen\u00e9st \u00e9s a ragyog\u00e1st.<\/li>\n<li>E t\u00e1panyagok egyed\u00fcl\u00e1ll\u00f3 kombin\u00e1ci\u00f3ja biztos\u00edtja az optim\u00e1lis haj, b\u0151r \u00e9s k\u00f6r\u00f6m \u00e1llapotot.<\/li>\n<li>Egy kapszula biztos\u00edt minden sz\u00fcks\u00e9ges t\u00e1panyagot.<\/li>\n<li>Kedvez\u0151 \u00e1r \u2013 \u00e9rt\u00e9k ar\u00e1ny.<\/li>\n<li>Er\u0151s hajat, rugalmas b\u0151rt \u00e9s eg\u00e9szs\u00e9ges k\u00f6rm\u00f6ket \u2013 a HAYA LABS Hair, Skin \u00e9s Nails seg\u00edts\u00e9g\u00e9vel!<\/li>\n<\/ul>\n<p><strong>Aj\u00e1nlott adagol\u00e1s:\u00a0<\/strong>Vegyen be 2 tablett\u00e1t naponta \u00e9tkez\u00e9s k\u00f6zben.<\/p>\n","protected":false},"excerpt":{"rendered":"<p>Ez a HAYA LABS k\u00e9sz\u00edtm\u00e9ny sz\u00e1mos kulcsfontoss\u00e1g\u00fa vitamint, \u00e1sv\u00e1nyi anyagot \u00e9s t\u00e1panyagot kombin\u00e1l, hogy t\u00e1mogassa az eg\u00e9szs\u00e9ges hajsz\u00e1lak \u00e9s k\u00f6rm\u00f6k n\u00f6veked\u00e9s\u00e9t \u00e9s \u00e1polja b\u0151re eg\u00e9szs\u00e9g\u00e9t.<\/p>\n","protected":false},"featured_media":5239,"comment_status":"closed","ping_status":"open","template":"","meta":[],"product_cat":[80],"product_tag":[],"class_list":{"0":"post-5238","1":"product","2":"type-product","3":"status-publish","4":"has-post-thumbnail","6":"product_brand-haya-labs","7":"product_cat-kozmetikumok","9":"first","10":"instock","11":"purchasable","12":"product-type-simple"},"_links":{"self":[{"href":"https:\/\/vitamin.coredesign.hu\/index.php?rest_route=\/wp\/v2\/product\/5238","targetHints":{"allow":["GET"]}}],"collection":[{"href":"https:\/\/vitamin.coredesign.hu\/index.php?rest_route=\/wp\/v2\/product"}],"about":[{"href":"https:\/\/vitamin.coredesign.hu\/index.php?rest_route=\/wp\/v2\/types\/product"}],"replies":[{"embeddable":true,"href":"https:\/\/vitamin.coredesign.hu\/index.php?rest_route=%2Fwp%2Fv2%2Fcomments&post=5238"}],"wp:featuredmedia":[{"embeddable":true,"href":"https:\/\/vitamin.coredesign.hu\/index.php?rest_route=\/wp\/v2\/media\/5239"}],"wp:attachment":[{"href":"https:\/\/vitamin.coredesign.hu\/index.php?rest_route=%2Fwp%2Fv2%2Fmedia&parent=5238"}],"wp:term":[{"taxonomy":"product_cat","embeddable":true,"href":"https:\/\/vitamin.coredesign.hu\/index.php?rest_route=%2Fwp%2Fv2%2Fproduct_cat&post=5238"},{"taxonomy":"product_tag","embeddable":true,"href":"https:\/\/vitamin.coredesign.hu\/index.php?rest_route=%2Fwp%2Fv2%2Fproduct_tag&post=5238"}],"curies":[{"name":"wp","href":"https:\/\/api.w.org\/{rel}","templated":true}]}}