{"id":5236,"date":"2025-10-12T12:23:55","date_gmt":"2025-10-12T10:23:55","guid":{"rendered":"https:\/\/vitamin.coredesign.hu\/?product=haya-labs-food-based-womens-multi-60-tabletta"},"modified":"2026-01-08T23:23:21","modified_gmt":"2026-01-08T22:23:21","slug":"haya-labs-food-based-womens-multi-60-tabletta","status":"publish","type":"product","link":"https:\/\/vitamin.coredesign.hu\/?product=haya-labs-food-based-womens-multi-60-tabletta","title":{"rendered":"HAYA LABS \u2013 Food Based Women\u2019s Multi \/ 60 tabletta"},"content":{"rendered":"<p>&nbsp;<\/p>\n<div id=\"lt-accessibility-devtools\" aria-hidden=\"true\"><\/div>\n<p>100% \u00e9lelmiszer -alap\u00fa n\u0151i multi 60 tabletta, er\u0151s antioxid\u00e1ns, seg\u00edthet az immunrendszer stimul\u00e1l\u00e1s\u00e1ban, alkalmas n\u0151knek<\/p>\n<p><strong>Er\u0151s antioxid\u00e1ns:<\/strong> hat\u00e9kony formula, amely megv\u00e9di a szervezetet a szabad gy\u00f6k\u00f6kt\u0151l<br \/>\n<strong>Seg\u00edthet az immunrendszer stimul\u00e1l\u00e1s\u00e1ban:<\/strong> sz\u00e1mos eg\u00e9szs\u00e9g\u00fcgyi el\u0151nye miatt stimul\u00e1lhatja az immunrendszert<br \/>\n<strong>F\u00e9rfiaknak aj\u00e1nlott:<\/strong>\u00a0kifejezetten a f\u00e9rfiak eg\u00e9szs\u00e9g\u00e9re tervezett m\u00e1trix<br \/>\nT<strong>eljes vitamin- \u00e9s \u00e1sv\u00e1nyi komplex:<\/strong> tartalmazza a sz\u00fcks\u00e9ges napi mennyis\u00e9get<\/p>\n<p>A Haya Labs 100% \u00e9lelmiszer alap\u00fa n\u0151i multi 60 tablett\u00e1t tartalmaz, 5000 NE A-vitamint, 300 mg C-vitamint, 50 NE E-vitamint, 400 NE D-vitamint, 50 mg tiaminot, 50 mg riboflavint, 50 mg nikotinamidot, 50 mg D-pantot\u00e9nsavat, 30 mg piridoxint , 250 mcg metilkobolamin, 600 mcg folsav, 600 mcg biotin, 20 mg k\u00e1lium, 150 mg kalcium, 25 mg magn\u00e9zium, 15 mg cink, 2 mg r\u00e9z, 75 mcg molibd\u00e9n, 2 mg mang\u00e1n, 70 mcg szel\u00e9n, 120 mcg kr\u00f3m, 150 mcg j\u00f3d, 50 mg z\u00f6ld tea kivonat, , 50mg Black Cohosh, 50mg Acai Bogy\u00f3, 50mg Hidroliz\u00e1lt szarvasmarha, 1mg Lutein, 1mg Lycopene, 25mg Pancreatine, 30mg Green Superfood kivonat, Probiotikus komplex adagonk\u00e9nt. Az aj\u00e1nlott adag 2 tabletta, naponta egyszer.<\/p>\n<p><strong>A Haya Labs 100% \u00e9lelmiszer alap\u00fa n\u0151i multi el\u0151nyei:<\/strong><\/p>\n<ul>\n<li>Er\u0151s antioxid\u00e1ns<\/li>\n<li>Seg\u00edthet az immunrendszer stimul\u00e1l\u00e1s\u00e1ban<\/li>\n<li>N\u0151knek aj\u00e1nlott<\/li>\n<li>Teljes vitamin- \u00e9s \u00e1sv\u00e1nyi komplex<\/li>\n<\/ul>\n<p>&nbsp;<\/p>\n<p><strong>Egy adag:<\/strong> 2 tabletta<\/p>\n<p><strong>Felhaszn\u00e1l\u00e1si javaslat:<\/strong> napi 1 adag \u00e9tkez\u00e9s k\u00f6zben<\/p>\n<p><strong>Csomag tartalma:<\/strong> 30 adag<\/p>\n","protected":false},"excerpt":{"rendered":"<p>100% \u00e9lelmiszer -alap\u00fa n\u0151i multi 60 tabletta, er\u0151s antioxid\u00e1ns, seg\u00edthet az immunrendszer stimul\u00e1l\u00e1s\u00e1ban, alkalmas n\u0151knek<\/p>\n","protected":false},"featured_media":5237,"comment_status":"closed","ping_status":"open","template":"","meta":[],"product_cat":[60],"product_tag":[],"class_list":{"0":"post-5236","1":"product","2":"type-product","3":"status-publish","4":"has-post-thumbnail","6":"product_brand-haya-labs","7":"product_cat-vitaminok","9":"first","10":"instock","11":"purchasable","12":"product-type-simple"},"_links":{"self":[{"href":"https:\/\/vitamin.coredesign.hu\/index.php?rest_route=\/wp\/v2\/product\/5236","targetHints":{"allow":["GET"]}}],"collection":[{"href":"https:\/\/vitamin.coredesign.hu\/index.php?rest_route=\/wp\/v2\/product"}],"about":[{"href":"https:\/\/vitamin.coredesign.hu\/index.php?rest_route=\/wp\/v2\/types\/product"}],"replies":[{"embeddable":true,"href":"https:\/\/vitamin.coredesign.hu\/index.php?rest_route=%2Fwp%2Fv2%2Fcomments&post=5236"}],"wp:featuredmedia":[{"embeddable":true,"href":"https:\/\/vitamin.coredesign.hu\/index.php?rest_route=\/wp\/v2\/media\/5237"}],"wp:attachment":[{"href":"https:\/\/vitamin.coredesign.hu\/index.php?rest_route=%2Fwp%2Fv2%2Fmedia&parent=5236"}],"wp:term":[{"taxonomy":"product_cat","embeddable":true,"href":"https:\/\/vitamin.coredesign.hu\/index.php?rest_route=%2Fwp%2Fv2%2Fproduct_cat&post=5236"},{"taxonomy":"product_tag","embeddable":true,"href":"https:\/\/vitamin.coredesign.hu\/index.php?rest_route=%2Fwp%2Fv2%2Fproduct_tag&post=5236"}],"curies":[{"name":"wp","href":"https:\/\/api.w.org\/{rel}","templated":true}]}}