{"id":5232,"date":"2025-10-12T12:23:55","date_gmt":"2025-10-12T10:23:55","guid":{"rendered":"https:\/\/vitamin.coredesign.hu\/?product=haya-labs-fo-ti-gyoker-kivonat-100-kapszula"},"modified":"2026-01-08T23:23:19","modified_gmt":"2026-01-08T22:23:19","slug":"haya-labs-fo-ti-gyoker-kivonat-100-kapszula","status":"publish","type":"product","link":"https:\/\/vitamin.coredesign.hu\/?product=haya-labs-fo-ti-gyoker-kivonat-100-kapszula","title":{"rendered":"HAYA LABS \u2013 Fo-Ti gy\u00f6k\u00e9r kivonat \/ 100 kapszula"},"content":{"rendered":"<p>&nbsp;<\/p>\n<div id=\"lt-accessibility-devtools\" aria-hidden=\"true\"><\/div>\n<p>100% Fo-Ti gy\u00f6k\u00e9r kivonat 100 kapszula, seg\u00edthet az immunrendszer stimul\u00e1l\u00e1s\u00e1ban, er\u0151s gyullad\u00e1scs\u00f6kkent\u0151 tulajdons\u00e1gokkal rendelkezik.<\/p>\n<p>El\u0151ny\u00f6k:<\/p>\n<ul>\n<li>Izomer\u0151<\/li>\n<li>Seg\u00edthet az immunrendszer stimul\u00e1l\u00e1s\u00e1ban<\/li>\n<li>Er\u0151s gyullad\u00e1sg\u00e1tl\u00f3 tulajdons\u00e1gok<\/li>\n<li>Serkenti a haj n\u00f6veked\u00e9s\u00e9t<\/li>\n<li>Kiv\u00e1l\u00f3 min\u0151s\u00e9g\u0171 term\u00e9k<\/li>\n<\/ul>\n<p>Fokozhatja az izomer\u0151t: gazdag cinkben, \u00e9s nagyobb izomer\u0151h\u00f6z vezethet edz\u00e9s k\u00f6zben<br \/>\nSeg\u00edthet az immunrendszer stimul\u00e1l\u00e1s\u00e1ban: sz\u00e1mos eg\u00e9szs\u00e9g\u00fcgyi el\u0151nye miatt stimul\u00e1lhatja az immunrendszert<br \/>\nEr\u0151s gyullad\u00e1sg\u00e1tl\u00f3 tulajdons\u00e1gok: sz\u00e1mos eg\u00e9szs\u00e9g\u00fcgyi tulajdons\u00e1g, amelyek pozit\u00edv hat\u00e1ssal lehetnek a gyullad\u00e1sra<br \/>\nSerkenti a hajn\u00f6veked\u00e9st: gazdag t\u00e1panyagokban, \u00e9s pozit\u00edv hat\u00e1ssal lehet a haj \u00e1llapot\u00e1ra<\/p>\n<p><strong>Egy adag:<\/strong> 2 kapszula<\/p>\n<p><strong>Felhaszn\u00e1l\u00e1si javaslat:<\/strong> napi 2 kapszula, lehet\u0151leg \u00e9tkez\u00e9s k\u00f6zben<\/p>\n<p><strong>Csomag tartalma:<\/strong> 50 adag<\/p>\n","protected":false},"excerpt":{"rendered":"<p>100% Fo-Ti gy\u00f6k\u00e9r kivonat 100 kapszula, seg\u00edthet az immunrendszer stimul\u00e1l\u00e1s\u00e1ban, er\u0151s gyullad\u00e1scs\u00f6kkent\u0151 tulajdons\u00e1gokkal rendelkezik.<\/p>\n","protected":false},"featured_media":5233,"comment_status":"closed","ping_status":"open","template":"","meta":[],"product_cat":[61],"product_tag":[],"class_list":{"0":"post-5232","1":"product","2":"type-product","3":"status-publish","4":"has-post-thumbnail","6":"product_brand-haya-labs","7":"product_cat-etrend-kiegeszitok","9":"first","10":"instock","11":"purchasable","12":"product-type-simple"},"_links":{"self":[{"href":"https:\/\/vitamin.coredesign.hu\/index.php?rest_route=\/wp\/v2\/product\/5232","targetHints":{"allow":["GET"]}}],"collection":[{"href":"https:\/\/vitamin.coredesign.hu\/index.php?rest_route=\/wp\/v2\/product"}],"about":[{"href":"https:\/\/vitamin.coredesign.hu\/index.php?rest_route=\/wp\/v2\/types\/product"}],"replies":[{"embeddable":true,"href":"https:\/\/vitamin.coredesign.hu\/index.php?rest_route=%2Fwp%2Fv2%2Fcomments&post=5232"}],"wp:featuredmedia":[{"embeddable":true,"href":"https:\/\/vitamin.coredesign.hu\/index.php?rest_route=\/wp\/v2\/media\/5233"}],"wp:attachment":[{"href":"https:\/\/vitamin.coredesign.hu\/index.php?rest_route=%2Fwp%2Fv2%2Fmedia&parent=5232"}],"wp:term":[{"taxonomy":"product_cat","embeddable":true,"href":"https:\/\/vitamin.coredesign.hu\/index.php?rest_route=%2Fwp%2Fv2%2Fproduct_cat&post=5232"},{"taxonomy":"product_tag","embeddable":true,"href":"https:\/\/vitamin.coredesign.hu\/index.php?rest_route=%2Fwp%2Fv2%2Fproduct_tag&post=5232"}],"curies":[{"name":"wp","href":"https:\/\/api.w.org\/{rel}","templated":true}]}}