{"id":5230,"date":"2025-10-12T12:23:55","date_gmt":"2025-10-12T10:23:55","guid":{"rendered":"https:\/\/vitamin.coredesign.hu\/?product=haya-labs-fenugreek-gorogszena-600-mg-120-tabletta"},"modified":"2026-01-08T23:23:18","modified_gmt":"2026-01-08T22:23:18","slug":"haya-labs-fenugreek-gorogszena-600-mg-120-tabletta","status":"publish","type":"product","link":"https:\/\/vitamin.coredesign.hu\/?product=haya-labs-fenugreek-gorogszena-600-mg-120-tabletta","title":{"rendered":"HAYA LABS \u2013 Fenugreek, G\u00f6r\u00f6gsz\u00e9na 600 mg \/ 120 tabletta"},"content":{"rendered":"<p>&nbsp;<\/p>\n<div id=\"lt-accessibility-devtools\" aria-hidden=\"true\"><\/div>\n<p>100% G\u00f6r\u00f6gsz\u00e9na 600mg 120 tabletta,<\/p>\n<p>El\u0151ny\u00f6k:<\/p>\n<ul>\n<li>Gazdag t\u00e1panyagforr\u00e1s<\/li>\n<li>Er\u0151s gyullad\u00e1scs\u00f6kkent\u0151 tulajdons\u00e1gokkal<\/li>\n<li>Seg\u00edtheti az anyagcser\u00e9t<\/li>\n<li>Seg\u00edthet egyens\u00falyban tartani a koleszterinszintet<\/li>\n<li>Kiv\u00e1l\u00f3 min\u0151s\u00e9g\u0171 term\u00e9k<\/li>\n<\/ul>\n","protected":false},"excerpt":{"rendered":"<p>100% G\u00f6r\u00f6gsz\u00e9na 600mg 120 tabletta,<\/p>\n","protected":false},"featured_media":5231,"comment_status":"closed","ping_status":"open","template":"","meta":[],"product_cat":[61],"product_tag":[],"class_list":{"0":"post-5230","1":"product","2":"type-product","3":"status-publish","4":"has-post-thumbnail","6":"product_brand-haya-labs","7":"product_cat-etrend-kiegeszitok","9":"first","10":"instock","11":"purchasable","12":"product-type-simple"},"_links":{"self":[{"href":"https:\/\/vitamin.coredesign.hu\/index.php?rest_route=\/wp\/v2\/product\/5230","targetHints":{"allow":["GET"]}}],"collection":[{"href":"https:\/\/vitamin.coredesign.hu\/index.php?rest_route=\/wp\/v2\/product"}],"about":[{"href":"https:\/\/vitamin.coredesign.hu\/index.php?rest_route=\/wp\/v2\/types\/product"}],"replies":[{"embeddable":true,"href":"https:\/\/vitamin.coredesign.hu\/index.php?rest_route=%2Fwp%2Fv2%2Fcomments&post=5230"}],"wp:featuredmedia":[{"embeddable":true,"href":"https:\/\/vitamin.coredesign.hu\/index.php?rest_route=\/wp\/v2\/media\/5231"}],"wp:attachment":[{"href":"https:\/\/vitamin.coredesign.hu\/index.php?rest_route=%2Fwp%2Fv2%2Fmedia&parent=5230"}],"wp:term":[{"taxonomy":"product_cat","embeddable":true,"href":"https:\/\/vitamin.coredesign.hu\/index.php?rest_route=%2Fwp%2Fv2%2Fproduct_cat&post=5230"},{"taxonomy":"product_tag","embeddable":true,"href":"https:\/\/vitamin.coredesign.hu\/index.php?rest_route=%2Fwp%2Fv2%2Fproduct_tag&post=5230"}],"curies":[{"name":"wp","href":"https:\/\/api.w.org\/{rel}","templated":true}]}}