{"id":5228,"date":"2025-10-12T12:23:14","date_gmt":"2025-10-12T10:23:14","guid":{"rendered":"https:\/\/vitamin.coredesign.hu\/?product=haya-labs-calcium-magnesium-zinc-d-vitaminnal-90-tabletta"},"modified":"2026-01-08T23:23:12","modified_gmt":"2026-01-08T22:23:12","slug":"haya-labs-calcium-magnesium-zinc-d-vitaminnal-90-tabletta","status":"publish","type":"product","link":"https:\/\/vitamin.coredesign.hu\/?product=haya-labs-calcium-magnesium-zinc-d-vitaminnal-90-tabletta","title":{"rendered":"HAYA LABS \u2013 Calcium Magnesium &#038; Zinc D vitaminnal \/ 90 tabletta"},"content":{"rendered":"<p>&nbsp;<\/p>\n<div id=\"lt-accessibility-devtools\" aria-hidden=\"true\"><\/div>\n<p>A <strong>Haya Labs\u00a0Biotin Maximum Strength<\/strong>\u00a0\u2013 fontos term\u00e9k az eg\u00e9szs\u00e9gi \u00e1llapot\u00e1hoz!<\/p>\n<p><strong>El\u0151ny\u00f6k:<\/strong><\/p>\n<ul>\n<li>T\u00e1pl\u00e1lja a csontokat<\/li>\n<li>Stimul\u00e1lja a csontn\u00f6veked\u00e9st<\/li>\n<li>Er\u0151s\u00edti a fogakat<\/li>\n<li>K\u00f6nny\u0171 felsz\u00edv\u00f3d\u00e1s\u00fa<\/li>\n<\/ul>\n<p>A kalcium \u00e9s a magn\u00e9zium olyan \u00e1sv\u00e1nyi anyagokat tartalmaz, amelyek nagyon fontosak a j\u00f3 csonteg\u00e9szs\u00e9g szempontj\u00e1b\u00f3l. Jelenl\u00e9t\u00fck l\u00e9tfontoss\u00e1g\u00fa a csontok, fogak, valamint az izmok \u00e9s az idegrendszer eg\u00e9szs\u00e9g\u00e9nek fenntart\u00e1s\u00e1hoz. Az aj\u00e1nlott ar\u00e1ny 2-1.<\/p>\n<p>A cink, amely esszenci\u00e1lis eleme az eg\u00e9szs\u00e9ges szervezetnek, n\u00e9lk\u00fcl\u00f6zhetetlen, konstrukt\u00edv komponense az \u00f6sszes testi sz\u00f6vetnek \u00e9s szerepet j\u00e1tszik a kiv\u00e1laszt\u00e1sban is. Nagy mennyis\u00e9gben tal\u00e1lhat\u00f3 a retin\u00e1ban \/ szem \u00e9rh\u00e1rty\u00e1j\u00e1ban, a m\u00e1jban, a ves\u00e9ben, a reprodukt\u00edv folyad\u00e9kokban \u00e9s a f\u00e9rfi prosztata mirigy\u00e9ben. Val\u00f3j\u00e1ban minden biok\u00e9miai mechanizmusban \u00e9s \u00e9lettani folyamatban szerepet j\u00e1tszik. A kutat\u00e1sok azt mutatj\u00e1k, hogy a cink l\u00e9tfontoss\u00e1g\u00fa a csontok eg\u00e9szs\u00e9g\u00e9hez, mivel ez sz\u00fcks\u00e9ges a j\u00f3 csonts\u0171r\u0171s\u00e9g fenntart\u00e1s\u00e1hoz. A cinkhi\u00e1ny egyik els\u0151 t\u00fcnete az \u00edz\u00e9rzet \u00e9s a szag elveszt\u00e9se. Az emberi test nem termeli ezt az elemet, ez\u00e9rt k\u00fcls\u0151 forr\u00e1sb\u00f3l kell sz\u00e1rmaznia.<\/p>\n<p>A D-vitamin seg\u00edti a kalcium felsz\u00edv\u00f3d\u00e1s\u00e1t a belekb\u0151l. Ez a k\u00fcl\u00f6nleges felsz\u00edv\u00f3d\u00e1si folyamat serkenti a csontok mineraliz\u00e1ci\u00f3j\u00e1t. E vitamin hi\u00e1ny\u00e1ban a csontok v\u00e9konny\u00e1, t\u00f6r\u00e9kenny\u00e9 \u00e9s puh\u00e1v\u00e1 v\u00e1lnak, vagy elvesz\u00edtik form\u00e1jukat.<\/p>\n<p>Ezenk\u00edv\u00fcl ez a term\u00e9k betain-hidrokloridot \u00e9s glutaminsav-hidrokloridot is tartalmaz. Ezek fontos szerepet j\u00e1tszanak a kalcium, a \u00a0magn\u00e9zium \u00e9s a cink felsz\u00edv\u00f3d\u00e1s\u00e1nak maximaliz\u00e1l\u00e1s\u00e1ban. Ez l\u00e9tfontoss\u00e1g\u00fa, mert a s\u00f3savszint \u00e9s vele egy\u00fctt a lebont\u00e1si, em\u00e9szt\u00e9si folyamatok is \u00e1ltal\u00e1ban a korral cs\u00f6kkenek.<\/p>\n<p><strong>Aj\u00e1nlott adag:<\/strong>\u00a02 tabletta<\/p>\n<p><strong>Haszn\u00e1lati \u00fatmutat\u00f3:<\/strong>\u00a0Naponta vegyen be 2 tablett\u00e1t.<\/p>\n<p><strong>Kiszerel\u00e9s:<\/strong>\u00a045 adag<\/p>\n<p>T\u00e1mogassa csontjait ezzel az egyed\u00fcl\u00e1ll\u00f3 HAYA LABS kieg\u00e9sz\u00edt\u0151vel!<\/p>\n<p><strong>\u00d6sszetev\u0151k:<\/strong>\u00a0kalcium, magn\u00e9zium, D-vitamin, cink, betain HCL, glutaminsav HCL.<\/p>\n<p><strong>Megjegyz\u00e9s:<\/strong><br \/>\nNe l\u00e9pje t\u00fal az aj\u00e1nlott napi adagot!<br \/>\nNe haszn\u00e1lja az eg\u00e9szs\u00e9ges t\u00e1pl\u00e1lkoz\u00e1s helyettes\u00edt\u0151jek\u00e9nt!<\/p>\n","protected":false},"excerpt":{"rendered":"<p>T\u00e1mogassa csontjait ezzel az egyed\u00fcl\u00e1ll\u00f3 HAYA LABS kieg\u00e9sz\u00edt\u0151vel!<\/p>\n","protected":false},"featured_media":5229,"comment_status":"closed","ping_status":"open","template":"","meta":[],"product_cat":[73],"product_tag":[],"class_list":{"0":"post-5228","1":"product","2":"type-product","3":"status-publish","4":"has-post-thumbnail","6":"product_brand-haya-labs","7":"product_cat-arvanyi-anyagok","9":"first","10":"instock","11":"purchasable","12":"product-type-simple"},"_links":{"self":[{"href":"https:\/\/vitamin.coredesign.hu\/index.php?rest_route=\/wp\/v2\/product\/5228","targetHints":{"allow":["GET"]}}],"collection":[{"href":"https:\/\/vitamin.coredesign.hu\/index.php?rest_route=\/wp\/v2\/product"}],"about":[{"href":"https:\/\/vitamin.coredesign.hu\/index.php?rest_route=\/wp\/v2\/types\/product"}],"replies":[{"embeddable":true,"href":"https:\/\/vitamin.coredesign.hu\/index.php?rest_route=%2Fwp%2Fv2%2Fcomments&post=5228"}],"wp:featuredmedia":[{"embeddable":true,"href":"https:\/\/vitamin.coredesign.hu\/index.php?rest_route=\/wp\/v2\/media\/5229"}],"wp:attachment":[{"href":"https:\/\/vitamin.coredesign.hu\/index.php?rest_route=%2Fwp%2Fv2%2Fmedia&parent=5228"}],"wp:term":[{"taxonomy":"product_cat","embeddable":true,"href":"https:\/\/vitamin.coredesign.hu\/index.php?rest_route=%2Fwp%2Fv2%2Fproduct_cat&post=5228"},{"taxonomy":"product_tag","embeddable":true,"href":"https:\/\/vitamin.coredesign.hu\/index.php?rest_route=%2Fwp%2Fv2%2Fproduct_tag&post=5228"}],"curies":[{"name":"wp","href":"https:\/\/api.w.org\/{rel}","templated":true}]}}