{"id":5224,"date":"2025-10-12T12:23:14","date_gmt":"2025-10-12T10:23:14","guid":{"rendered":"https:\/\/vitamin.coredesign.hu\/?product=haya-labs-acetyl-l-carnitine-1000mg-100-kapszula"},"modified":"2026-01-08T23:23:10","modified_gmt":"2026-01-08T22:23:10","slug":"haya-labs-acetyl-l-carnitine-1000mg-100-kapszula","status":"publish","type":"product","link":"https:\/\/vitamin.coredesign.hu\/?product=haya-labs-acetyl-l-carnitine-1000mg-100-kapszula","title":{"rendered":"HAYA LABS \u2013 Acetyl L-Carnitine 1000mg \/ 100 kapszula"},"content":{"rendered":"<p>&nbsp;<\/p>\n<div id=\"lt-accessibility-devtools\" aria-hidden=\"true\"><\/div>\n<p><strong>El\u0151ny\u00f6k:<\/strong><\/p>\n<ul>\n<li>Felgyors\u00edtja az anyagcser\u00e9t \u00e9s a zs\u00edr\u00e9get\u00e9st<\/li>\n<li>Jav\u00edtja az agyi aktivit\u00e1st<\/li>\n<li>J\u00f3t\u00e9konyan hat az idegrendszerre<\/li>\n<li>N\u00f6veli a szervezet energi\u00e1j\u00e1t<\/li>\n<li>Felgyors\u00edtja a regener\u00e1ci\u00f3s folyamatot<\/li>\n<li>T\u00e1mogatja a sz\u00edv-\u00e9s \u00e9rrendszert<\/li>\n<li>Hat\u00e9kony antioxid\u00e1ns<\/li>\n<li>Harcol a stressz \u00e9s a depresszi\u00f3 t\u00fcnetei ellen<\/li>\n<\/ul>\n<p>A\u00a0<strong>HAYA LABS Acetil L-karnitin<\/strong>\u00a0az L-karnitin-acetil L-karnitin aminosav bioakt\u00edv form\u00e1j\u00e1t tartalmazza, amely jav\u00edtja a zs\u00edranyagcser\u00e9t, serkenti a felesleges testzs\u00edr el\u00e9get\u00e9s\u00e9t \u00e9s n\u00f6veli a szervezet energi\u00e1j\u00e1t. Az acetil-L-karnitint az agy t\u00e1pl\u00e1l\u00e9k\u00e1nak is nevezik, mivel kedvez\u0151 hat\u00e1ssal van az agyi aktivit\u00e1sra, jav\u00edtja a mem\u00f3ri\u00e1t \u00e9s a koncentr\u00e1ci\u00f3t. Ez az aminosav el\u0151seg\u00edti az Alzheimer-k\u00f3r kezel\u00e9s\u00e9t, \u00e9s v\u00e9delmet ny\u00fajt a Parkinson-k\u00f3r ellen.<\/p>\n<p>HAYA LABS Acetil L-karnitin seg\u00edti az idegrendszer m\u0171k\u00f6d\u00e9s\u00e9t, cs\u00f6kkenti a regener\u00e1ci\u00f3s id\u0151t a nagy intenzit\u00e1s\u00fa edz\u00e9sek ut\u00e1n \u00e9s jav\u00edtja az alv\u00e1s min\u0151s\u00e9g\u00e9t. Az acetil-L-karnitin er\u0151s\u00edti a sz\u00edv- \u00e9s \u00e9rrendszert, er\u0151s antioxid\u00e1ns, \u00e9s cs\u00f6kkenti a tests\u00falyt.<\/p>\n<p>Ezenk\u00edv\u00fcl ez az aminosav a stresszhelyzetben is t\u00e1mogat\u00e1st ny\u00fajt, seg\u00edt megsz\u00fcntetni a depresszi\u00f3 t\u00fcneteit.<\/p>\n<p><strong>Aj\u00e1nlott napi bevitel:<\/strong> Vegyen be 2 kapszul\u00e1t 2-3 alkalommal naponta.<\/p>\n<p>Haszn\u00e1lja ki a HAYA LABS Acetyl L-Carnitine el\u0151nyeit!<\/p>\n","protected":false},"excerpt":{"rendered":"<p>A\u00a0<strong>HAYA LABS Acetil L-karnitin<\/strong>\u00a0az L-karnitin-acetil L-karnitin aminosav bioakt\u00edv form\u00e1j\u00e1t tartalmazza, amely jav\u00edtja a zs\u00edranyagcser\u00e9t, serkenti a felesleges testzs\u00edr el\u00e9get\u00e9s\u00e9t \u00e9s n\u00f6veli a szervezet energi\u00e1j\u00e1t.<\/p>\n","protected":false},"featured_media":5225,"comment_status":"closed","ping_status":"open","template":"","meta":[],"product_cat":[79],"product_tag":[],"class_list":{"0":"post-5224","1":"product","2":"type-product","3":"status-publish","4":"has-post-thumbnail","6":"product_brand-haya-labs","7":"product_cat-aminosavak","9":"first","10":"instock","11":"purchasable","12":"product-type-simple"},"_links":{"self":[{"href":"https:\/\/vitamin.coredesign.hu\/index.php?rest_route=\/wp\/v2\/product\/5224","targetHints":{"allow":["GET"]}}],"collection":[{"href":"https:\/\/vitamin.coredesign.hu\/index.php?rest_route=\/wp\/v2\/product"}],"about":[{"href":"https:\/\/vitamin.coredesign.hu\/index.php?rest_route=\/wp\/v2\/types\/product"}],"replies":[{"embeddable":true,"href":"https:\/\/vitamin.coredesign.hu\/index.php?rest_route=%2Fwp%2Fv2%2Fcomments&post=5224"}],"wp:featuredmedia":[{"embeddable":true,"href":"https:\/\/vitamin.coredesign.hu\/index.php?rest_route=\/wp\/v2\/media\/5225"}],"wp:attachment":[{"href":"https:\/\/vitamin.coredesign.hu\/index.php?rest_route=%2Fwp%2Fv2%2Fmedia&parent=5224"}],"wp:term":[{"taxonomy":"product_cat","embeddable":true,"href":"https:\/\/vitamin.coredesign.hu\/index.php?rest_route=%2Fwp%2Fv2%2Fproduct_cat&post=5224"},{"taxonomy":"product_tag","embeddable":true,"href":"https:\/\/vitamin.coredesign.hu\/index.php?rest_route=%2Fwp%2Fv2%2Fproduct_tag&post=5224"}],"curies":[{"name":"wp","href":"https:\/\/api.w.org\/{rel}","templated":true}]}}