{"id":5222,"date":"2025-10-12T12:23:14","date_gmt":"2025-10-12T10:23:14","guid":{"rendered":"https:\/\/vitamin.coredesign.hu\/?product=haya-labs-basic-adult-multivitamin-100-kapszula"},"modified":"2026-01-08T23:23:09","modified_gmt":"2026-01-08T22:23:09","slug":"haya-labs-basic-adult-multivitamin-100-kapszula","status":"publish","type":"product","link":"https:\/\/vitamin.coredesign.hu\/?product=haya-labs-basic-adult-multivitamin-100-kapszula","title":{"rendered":"HAYA LABS \u2013 Basic Adult Multivitamin \/ 100 kapszula"},"content":{"rendered":"<p>&nbsp;<\/p>\n<div id=\"lt-accessibility-devtools\" aria-hidden=\"true\"><\/div>\n<p><strong>El\u0151ny\u00f6k:<\/strong><\/p>\n<ul>\n<li>\nJav\u00edtja az anyagcser\u00e9t<\/li>\n<li>Hat\u00e9kony immunrendszer stimul\u00e1tor<\/li>\n<li>Az agyi aktivit\u00e1st stimul\u00e1lja<\/li>\n<li>T\u00e1mogatja a csontrendszert<\/li>\n<li>Stimul\u00e1lja az izomt\u00f6meg n\u00f6veked\u00e9st<\/li>\n<li>Cardiovascularis t\u00e1mogat\u00e1st ny\u00fajt<\/li>\n<li>Cs\u00f6kkenti a v\u00e9rnyom\u00e1st<\/li>\n<li>Jav\u00edtja az em\u00e9szt\u00e9st<\/li>\n<li>Cs\u00f6kkenti a koleszterinszintet<\/li>\n<\/ul>\n<p>A\u00a0<strong>Basic Adult Multivitamin<\/strong>\u00a0tartalmaz A \u00e9s E vitaminokat, amelyek mindegyike jelent\u0151s antioxidat\u00edv hat\u00e1ssal b\u00edr, valamint jav\u00edtja a szervezet hidrat\u00e1lts\u00e1g\u00e1t. Intenz\u00edv t\u00falterhel\u00e9s ut\u00e1n cs\u00f6kkenti az izomsz\u00f6vet k\u00e1rosod\u00e1s\u00e1nak kock\u00e1zat\u00e1t. Az A-vitamin serkenti az immunrendszert. T\u00e1mogatja a csontok eg\u00e9szs\u00e9g\u00e9t \u00e9s fontos szerepet j\u00e1tszik az eg\u00e9szs\u00e9ges anyagcser\u00e9ben is. Az E-vitamin pozit\u00edv hat\u00e1ssal van az em\u00e9szt\u00e9sre, t\u00e1mogatja az idegrendszert \u00e9s jav\u00edtja a b\u0151r eg\u00e9szs\u00e9g\u00e9t.<\/p>\n<p>Alapvet\u0151 multivitamin kever\u00e9k C vitamint is tartalmaz. A C vitamin az egyik legn\u00e9pszer\u0171bb antioxid\u00e1ns, amely jav\u00edtja a feh\u00e9rje szint\u00e9zis\u00e9t, stimul\u00e1lja a tiszta izomt\u00f6meg n\u00f6veked\u00e9s\u00e9t \u00e9s t\u00e1mogatja a k\u00f6t\u0151sz\u00f6vet eg\u00e9szs\u00e9g\u00e9t. A C-vitamin stimul\u00e1lja az immunrendszert, jav\u00edtja az agyi aktivit\u00e1st \u00e9s semleges\u00edti az izomt\u00f6meg elveszt\u00e9s\u00e9nek kock\u00e1zat\u00e1t.<\/p>\n<p>A Basic Multivitamin B vitamin komplexuma serkenti az anyagcser\u00e9t \u00e9s a sz\u00e1raz izomt\u00f6meg \u00e9p\u00edt\u00e9s\u00e9t, tov\u00e1bb\u00e1 j\u00f3 hat\u00e1ssal van a sz\u00edv- \u00e9s \u00e9rrendszerre. A B1-vitamin (tiamin) felgyors\u00edtja a sz\u00e9nhidr\u00e1t anyagcser\u00e9t, aktiv\u00e1lja az izomfolyamatokat \u00e9s t\u00e1mogatja a k\u00f6zponti idegrendszert. A B2-vitamin (riboflavin) fontos a j\u00f3 l\u00e1t\u00e1s fenntart\u00e1s\u00e1hoz, stimul\u00e1lja az izmok anyagcser\u00e9j\u00e9t \u00e9s n\u00f6veked\u00e9s\u00e9t. A B3-vitamin (niacin) cs\u00f6kkenti a magas v\u00e9rnyom\u00e1st \u00e9s a rossz koleszterin szintj\u00e9t, emellett t\u00e1mogatja az em\u00e9szt\u0151rendszer m\u0171k\u00f6d\u00e9s\u00e9t is. A B6-vitamin (piridoxin) kulcsfontoss\u00e1g\u00fa szerepet j\u00e1tszik a feh\u00e9rj\u00e9k \u00e9s a zs\u00edrok megfelel\u0151 asszimil\u00e1ci\u00f3j\u00e1ban. Jav\u00edtja az idegrendszer m\u0171k\u00f6d\u00e9s\u00e9t \u00e9s t\u00e1mogatja az agyi aktivit\u00e1st. A B12-vitamin t\u00e1mogatja az idegrendszert \u00e9s a v\u00e9rsejtek termel\u00e9s\u00e9t, serkenti a feh\u00e9rje-anyagcser\u00e9t is.<\/p>\n<p>A Basic Multivitamin b\u00e1zis\u00e1t k\u00e9pezi m\u00e9g a kalcium, magn\u00e9zium \u00e9s cink \u00e1sv\u00e1nyianyag komplexuma, amely el\u0151seg\u00edti az eg\u00e9szs\u00e9ges anyagcser\u00e9t, jav\u00edtja a v\u00e1zrendszer eg\u00e9szs\u00e9gi \u00e1llapot\u00e1t \u00e9s nagyon er\u0151s immunrendszer stimul\u00e1l\u00f3 hat\u00e1s\u00fa. A kalcium j\u00f3 hat\u00e1ssal van az idegrendszerre, t\u00e1mogatja a sz\u00edv-\u00e9rrendszeri aktivit\u00e1st \u00e9s jav\u00edtja a fogak eg\u00e9szs\u00e9g\u00e9t. A magn\u00e9zium szab\u00e1lyozza a szervezet elektrolit egyens\u00faly\u00e1t, t\u00e1mogatja az \u00edz\u00fcletek \u00e9s a porcok eg\u00e9szs\u00e9g\u00e9t, \u00e9s szab\u00e1lyozza az inzulin szintj\u00e9t a szervezetben. A cink felgyors\u00edtja a sebek gy\u00f3gyul\u00e1s\u00e1t, stimul\u00e1lja az agyi aktivit\u00e1st \u00e9s cs\u00f6kkenti a prosztata betegs\u00e9gek kialakul\u00e1s\u00e1nak kock\u00e1zat\u00e1t.<\/p>\n<p><strong>Napi adag<\/strong>\u00a0= 1 tabletta<\/p>\n<p><strong>Haszn\u00e1lati utas\u00edt\u00e1s:<\/strong>\u00a0Naponta 1 adagot vegyen be.<\/p>\n<p><strong>Kiszerel\u00e9s:<\/strong>\u00a0100 adag<\/p>\n<p>A HAYA LABS Basic Adult Multivitamin \u00e9rt\u00e9kes vitaminjait \u00e9s \u00e1sv\u00e1nyi anyagait minden nap kapja meg!<\/p>\n<p><strong>\u00d6sszetev\u0151k:<\/strong>\u00a0A-vitamin, C-vitamin, E-vitamin, D-vitamin, tiamin, riboflavin, B6-vitamin, niacin, folsav, biotin, B12-vitamin, kalcium, magn\u00e9zium, cink, r\u00e9z, szel\u00e9n, szil\u00edcium.<\/p>\n","protected":false},"excerpt":{"rendered":"<p>A Basic Multivitamin B vitamin komplexuma serkenti az anyagcser\u00e9t \u00e9s a sz\u00e1raz izomt\u00f6meg \u00e9p\u00edt\u00e9s\u00e9t, tov\u00e1bb\u00e1 j\u00f3 hat\u00e1ssal van a sz\u00edv- \u00e9s \u00e9rrendszerre.<\/p>\n","protected":false},"featured_media":5223,"comment_status":"closed","ping_status":"open","template":"","meta":[],"product_cat":[60],"product_tag":[],"class_list":{"0":"post-5222","1":"product","2":"type-product","3":"status-publish","4":"has-post-thumbnail","6":"product_brand-haya-labs","7":"product_cat-vitaminok","9":"first","10":"instock","11":"purchasable","12":"product-type-simple"},"_links":{"self":[{"href":"https:\/\/vitamin.coredesign.hu\/index.php?rest_route=\/wp\/v2\/product\/5222","targetHints":{"allow":["GET"]}}],"collection":[{"href":"https:\/\/vitamin.coredesign.hu\/index.php?rest_route=\/wp\/v2\/product"}],"about":[{"href":"https:\/\/vitamin.coredesign.hu\/index.php?rest_route=\/wp\/v2\/types\/product"}],"replies":[{"embeddable":true,"href":"https:\/\/vitamin.coredesign.hu\/index.php?rest_route=%2Fwp%2Fv2%2Fcomments&post=5222"}],"wp:featuredmedia":[{"embeddable":true,"href":"https:\/\/vitamin.coredesign.hu\/index.php?rest_route=\/wp\/v2\/media\/5223"}],"wp:attachment":[{"href":"https:\/\/vitamin.coredesign.hu\/index.php?rest_route=%2Fwp%2Fv2%2Fmedia&parent=5222"}],"wp:term":[{"taxonomy":"product_cat","embeddable":true,"href":"https:\/\/vitamin.coredesign.hu\/index.php?rest_route=%2Fwp%2Fv2%2Fproduct_cat&post=5222"},{"taxonomy":"product_tag","embeddable":true,"href":"https:\/\/vitamin.coredesign.hu\/index.php?rest_route=%2Fwp%2Fv2%2Fproduct_tag&post=5222"}],"curies":[{"name":"wp","href":"https:\/\/api.w.org\/{rel}","templated":true}]}}