{"id":5220,"date":"2025-10-12T12:23:14","date_gmt":"2025-10-12T10:23:14","guid":{"rendered":"https:\/\/vitamin.coredesign.hu\/?product=haya-labs-100-all-natural-rizs-protein-unflavored-454g"},"modified":"2026-01-08T23:23:08","modified_gmt":"2026-01-08T22:23:08","slug":"haya-labs-100-all-natural-rizs-protein-unflavored-454g","status":"publish","type":"product","link":"https:\/\/vitamin.coredesign.hu\/?product=haya-labs-100-all-natural-rizs-protein-unflavored-454g","title":{"rendered":"HAYA LABS 100% All Natural R\u00edzs Protein \/ Unflavored 454g"},"content":{"rendered":"<p>&nbsp;<\/p>\n<div id=\"lt-accessibility-devtools\" aria-hidden=\"true\"><\/div>\n<p>100% All Natural Rice Protein \u00edzes\u00edtettlen feh\u00e9rjepor 100% -ban term\u00e9szetes \u00e9s n\u00f6v\u00e9nyi eredet\u0171 \u2013 organikus barna rizsb\u0151l sz\u00e1rmazik. K\u00fcl\u00f6n\u00f6sen alkalmas kieg\u00e9sz\u00edt\u0151 azoknak a sportol\u00f3knak, akik nem fogyasztanak \u00e1llati term\u00e9keket, \u00e9s azok sz\u00e1m\u00e1ra, akik allergi\u00e1sak vagy szervezet\u00fck intoler\u00e1ns a tejterm\u00e9kek (lakt\u00f3z), toj\u00e1s, sz\u00f3ja vagy glut\u00e9n ir\u00e1nt. A rizsfeh\u00e9rje ezekt\u0151l mentes!<\/p>\n<p><strong>El\u0151ny\u00f6k<\/strong>:<\/p>\n<ul>\n<li>100% term\u00e9szetes term\u00e9k<\/li>\n<li>teljesen n\u00f6v\u00e9nyi eredet\u0171<\/li>\n<li>veget\u00e1ri\u00e1nusok sz\u00e1m\u00e1ra alkalmas<\/li>\n<li>hipoallerg\u00e9n tulajdons\u00e1gokkal rendelkezik<\/li>\n<li>organikus barna rizsb\u0151l sz\u00e1rmazik<\/li>\n<li>csak 1 g sz\u00e9nhidr\u00e1t adagonk\u00e9nt<\/li>\n<li>csak 1 g zs\u00edr adagonk\u00e9nt<\/li>\n<li>\u00edzes\u00edtettlen<\/li>\n<li>\u00e9des\u00edt\u0151szer \u00e9s sz\u00ednez\u00e9k mentes<\/li>\n<li>felgyors\u00edtja a regener\u00e1l\u00f3d\u00e1st<\/li>\n<li>El\u0151seg\u00edti az izomt\u00f6meg n\u00f6veked\u00e9s\u00e9t<\/li>\n<\/ul>\n<p>Ellent\u00e9tben m\u00e1s feh\u00e9rjeforr\u00e1sokkal, mint a tejsav\u00f3, sz\u00f3ja, tej \u00e9s a toj\u00e1sfeh\u00e9rje, a rizs hipoallerg\u00e9n \u2013 nem tartalmaz lakt\u00f3zt vagy glut\u00e9nt. Ez\u00e9rt nem irrit\u00e1lja az em\u00e9szt\u0151rendszert. A 100% All Natural Rice Protein \u2013 100% organikus barna rizsb\u0151l sz\u00e1rmazik. A rizsfeh\u00e9rje kellemes term\u00e9szetes \u00edze lehet\u0151v\u00e9 teszi, hogy ak\u00e1r \u00e9lelmiszer-adal\u00e9kanyagk\u00e9nt alkalmazzuk, hiszen mesters\u00e9ges \u00e9des\u00edt\u0151szerekt\u0151l \u00e9s \u00edzes\u00edt\u0151szerekt\u0151l mentes. Ez\u00e9rt az 100% All Natural Rice Protein \u2013 100%-ig term\u00e9szetes \u00e9s organikus term\u00e9k.<br \/>\nAz \u00edzes\u00edtetlen 100% All Natural Rice Protein seg\u00edt az izmok elengedhetetlen napi feh\u00e9rjeig\u00e9ny\u00e9nek biztos\u00edt\u00e1s\u00e1ban, az edz\u00e9s ut\u00e1ni regener\u00e1ci\u00f3ban, ezzel t\u00e1mogatva azok n\u00f6veked\u00e9s\u00e9t. B\u00e1rmelyik napszakban fogyaszthat\u00f3, de edz\u00e9snapokon az edz\u00e9s ut\u00e1n aj\u00e1nlott a fogyaszt\u00e1sa, mivel viszonylag gyorsan em\u00e9szthet\u0151.<\/p>\n<p>Egy adag: 32 g (1 adagol\u00f3kan\u00e1l)<\/p>\n<p>Aj\u00e1nlott alkalmaz\u00e1s: naponta egy adagot fogyasszon 250-300 ml v\u00edzben oldva. Edz\u00e9snapokon az edz\u00e9s ut\u00e1n aj\u00e1nlott.<\/p>\n<p>Csomag tartalma: 14 adag<\/p>\n","protected":false},"excerpt":{"rendered":"<p>Ellent\u00e9tben m\u00e1s feh\u00e9rjeforr\u00e1sokkal, mint a tejsav\u00f3, sz\u00f3ja, tej \u00e9s a toj\u00e1sfeh\u00e9rje, a rizs hipoallerg\u00e9n \u2013 nem tartalmaz lakt\u00f3zt vagy glut\u00e9nt.<\/p>\n","protected":false},"featured_media":5221,"comment_status":"closed","ping_status":"open","template":"","meta":[],"product_cat":[70],"product_tag":[],"class_list":{"0":"post-5220","1":"product","2":"type-product","3":"status-publish","4":"has-post-thumbnail","6":"product_brand-haya-labs","7":"product_cat-proteinek","9":"first","10":"instock","11":"purchasable","12":"product-type-simple"},"_links":{"self":[{"href":"https:\/\/vitamin.coredesign.hu\/index.php?rest_route=\/wp\/v2\/product\/5220","targetHints":{"allow":["GET"]}}],"collection":[{"href":"https:\/\/vitamin.coredesign.hu\/index.php?rest_route=\/wp\/v2\/product"}],"about":[{"href":"https:\/\/vitamin.coredesign.hu\/index.php?rest_route=\/wp\/v2\/types\/product"}],"replies":[{"embeddable":true,"href":"https:\/\/vitamin.coredesign.hu\/index.php?rest_route=%2Fwp%2Fv2%2Fcomments&post=5220"}],"wp:featuredmedia":[{"embeddable":true,"href":"https:\/\/vitamin.coredesign.hu\/index.php?rest_route=\/wp\/v2\/media\/5221"}],"wp:attachment":[{"href":"https:\/\/vitamin.coredesign.hu\/index.php?rest_route=%2Fwp%2Fv2%2Fmedia&parent=5220"}],"wp:term":[{"taxonomy":"product_cat","embeddable":true,"href":"https:\/\/vitamin.coredesign.hu\/index.php?rest_route=%2Fwp%2Fv2%2Fproduct_cat&post=5220"},{"taxonomy":"product_tag","embeddable":true,"href":"https:\/\/vitamin.coredesign.hu\/index.php?rest_route=%2Fwp%2Fv2%2Fproduct_tag&post=5220"}],"curies":[{"name":"wp","href":"https:\/\/api.w.org\/{rel}","templated":true}]}}