{"id":5204,"date":"2025-10-12T12:23:14","date_gmt":"2025-10-12T10:23:14","guid":{"rendered":"https:\/\/vitamin.coredesign.hu\/?product=emocio-7-84-elofloras-magas-antioxidans-tartalmu-etrendkiegeszito-ital-1000ml"},"modified":"2026-01-08T23:23:01","modified_gmt":"2026-01-08T22:23:01","slug":"emocio-7-84-elofloras-magas-antioxidans-tartalmu-etrendkiegeszito-ital-1000ml","status":"publish","type":"product","link":"https:\/\/vitamin.coredesign.hu\/?product=emocio-7-84-elofloras-magas-antioxidans-tartalmu-etrendkiegeszito-ital-1000ml","title":{"rendered":"Em\u00f3ci\u00f3 7.84 \u00e9l\u0151fl\u00f3r\u00e1s, magas antioxid\u00e1ns tartalm\u00fa \u00e9trendkieg\u00e9sz\u00edt\u0151 ital \u2013 1000ml"},"content":{"rendered":"<p>&nbsp;<\/p>\n<div id=\"lt-accessibility-devtools\" aria-hidden=\"true\"><\/div>\n<div class=\"woocommerce-product-details__short-description\">\n<p>Az Em\u00f3ci\u00f3 7.84 t\u00f6bbf\u00e9le j\u00f3t\u00e9kony hat\u00e1s\u00fa bakt\u00e9riumot, vitaminokat, \u00e1sv\u00e1nyi anyagokat, nyomelemeket\u00a0flavonoidot, antioxid\u00e1nsokat tartalmaz, melyek hozz\u00e1j\u00e1rulhatnak a szervezet egyens\u00faly\u00e1nak fenntart\u00e1s\u00e1hoz, helyre\u00e1ll\u00edt\u00e1s\u00e1hoz, a fontos vitaminok \u00e9s \u00e1sv\u00e1nyi anyagok felsz\u00edv\u00f3d\u00e1s\u00e1nak el\u0151seg\u00edt\u00e9s\u00e9hez.<\/p>\n<h2>Em\u00f3ci\u00f3 7.84 \u00e9l\u0151fl\u00f3r\u00e1s, magas antioxid\u00e1ns tartalm\u00fa ital<\/h2>\n<p>Az Em\u00f3ci\u00f3 7.84 t\u00f6bbf\u00e9le j\u00f3t\u00e9kony hat\u00e1s\u00fa bakt\u00e9riumot, vitaminokat, \u00e1sv\u00e1nyi anyagokat, nyomelemeket\u00a0flavonoidot, antioxid\u00e1nsokat tartalmaz, melyek hozz\u00e1j\u00e1rulhatnak a szervezet egyens\u00faly\u00e1nak fenntart\u00e1s\u00e1hoz, helyre\u00e1ll\u00edt\u00e1s\u00e1hoz, a fontos vitaminok \u00e9s \u00e1sv\u00e1nyi anyagok felsz\u00edv\u00f3d\u00e1s\u00e1nak el\u0151seg\u00edt\u00e9s\u00e9hez.<\/p>\n<p>Fogyaszt\u00e1sa javasolt rossz b\u00e9lm\u0171k\u00f6d\u00e9s \u00e9s em\u00e9szt\u00e9si probl\u00e9m\u00e1k eset\u00e9n, b\u00e9lr\u00e1k vagy egy\u00e9b elv\u00e1ltoz\u00e1s kieg\u00e9sz\u00edt\u0151 kezel\u00e9s\u00e9re (az orvos tudt\u00e1val), seg\u00edthet az \u00f6reged\u00e9si folyamatok lass\u00edt\u00e1s\u00e1ban, a szervezet m\u00e9regtelen\u00edt\u00e9s\u00e9ben, a t\u00e1panyagok bevitel\u00e9ben, az immunrendszer er\u0151s\u00edt\u00e9s\u00e9ben, a k\u00f6z\u00e9rzet jav\u00edt\u00e1s\u00e1ban.<\/p>\n<p><strong>EM\u00d3CI\u00d3 7.84 \u00f6sszet\u00e9tele:\u00a0<\/strong>cukorn\u00e1dmelasz, fekete ribizli, meggy \u00e9s k\u00e9ksz\u0151l\u0151 h\u00e9j kivonat s\u0171r\u00edtm\u00e9nye, \u00e9l\u0151fl\u00f3ra (tejsavbakt\u00e9riumok: Lactobacillus plantarum, Propionibacterium freudenreichii, Lactoccocus lactis, \u00e9leszt\u0151gomb\u00e1k: Saccharomyces cerevisiae, Mucor hiemalis, Clostridium pasteurianum).<\/p>\n<p>80-f\u00e9le \u0151skori mikroorganizmust tartalmaz.<br \/>\nCs\u00edrasz\u00e1m mennyis\u00e9ge: 310^5 (h\u00e1romszor t\u00edz az \u00f6t\u00f6diken)\/30 ml. Flavonoid tartalma: 40 mg\/30 ml.<\/p>\n<p>Vegyszerekt\u0151l, genetikailag m\u00f3dos\u00edtott \u00e9l\u0151l\u00e9nyekt\u0151l mentes.\u00a0K\u00e1ros mell\u00e9k- \u00e9s ut\u00f3hat\u00e1sa nem ismert.<\/p>\n<\/div>\n","protected":false},"excerpt":{"rendered":"<div class=\"woocommerce-product-details__short-description\">\n<div class=\"woocommerce-product-details__short-description\">\n<p>Az Em\u00f3ci\u00f3 7.84 t\u00f6bbf\u00e9le j\u00f3t\u00e9kony hat\u00e1s\u00fa bakt\u00e9riumot, vitaminokat, \u00e1sv\u00e1nyi anyagokat, nyomelemeket\u00a0flavonoidot, antioxid\u00e1nsokat tartalmaz, melyek hozz\u00e1j\u00e1rulhatnak a szervezet egyens\u00faly\u00e1nak fenntart\u00e1s\u00e1hoz, helyre\u00e1ll\u00edt\u00e1s\u00e1hoz, a fontos vitaminok \u00e9s \u00e1sv\u00e1nyi anyagok felsz\u00edv\u00f3d\u00e1s\u00e1nak el\u0151seg\u00edt\u00e9s\u00e9hez.<\/p>\n<\/div>\n<\/div>\n","protected":false},"featured_media":0,"comment_status":"closed","ping_status":"open","template":"","meta":[],"product_cat":[76],"product_tag":[],"class_list":{"0":"post-5204","1":"product","2":"type-product","3":"status-publish","5":"product_brand-emocio","6":"product_cat-eloflora","8":"first","9":"instock","10":"purchasable","11":"product-type-simple"},"_links":{"self":[{"href":"https:\/\/vitamin.coredesign.hu\/index.php?rest_route=\/wp\/v2\/product\/5204","targetHints":{"allow":["GET"]}}],"collection":[{"href":"https:\/\/vitamin.coredesign.hu\/index.php?rest_route=\/wp\/v2\/product"}],"about":[{"href":"https:\/\/vitamin.coredesign.hu\/index.php?rest_route=\/wp\/v2\/types\/product"}],"replies":[{"embeddable":true,"href":"https:\/\/vitamin.coredesign.hu\/index.php?rest_route=%2Fwp%2Fv2%2Fcomments&post=5204"}],"wp:attachment":[{"href":"https:\/\/vitamin.coredesign.hu\/index.php?rest_route=%2Fwp%2Fv2%2Fmedia&parent=5204"}],"wp:term":[{"taxonomy":"product_cat","embeddable":true,"href":"https:\/\/vitamin.coredesign.hu\/index.php?rest_route=%2Fwp%2Fv2%2Fproduct_cat&post=5204"},{"taxonomy":"product_tag","embeddable":true,"href":"https:\/\/vitamin.coredesign.hu\/index.php?rest_route=%2Fwp%2Fv2%2Fproduct_tag&post=5204"}],"curies":[{"name":"wp","href":"https:\/\/api.w.org\/{rel}","templated":true}]}}