{"id":5200,"date":"2025-10-12T12:23:14","date_gmt":"2025-10-12T10:23:14","guid":{"rendered":"https:\/\/vitamin.coredesign.hu\/?product=drjuice-co-ezustkolloid-hydrogel"},"modified":"2026-01-08T23:22:59","modified_gmt":"2026-01-08T22:22:59","slug":"drjuice-co-ezustkolloid-hydrogel","status":"publish","type":"product","link":"https:\/\/vitamin.coredesign.hu\/?product=drjuice-co-ezustkolloid-hydrogel","title":{"rendered":"DRJUICE CO. EZ\u00dcSTKOLLOID HYDROG\u00c9L"},"content":{"rendered":"<p>&nbsp;<\/p>\n<div id=\"lt-accessibility-devtools\" aria-hidden=\"true\"><\/div>\n<div class=\"woocommerce-product-details__short-description\">\n<p>Nap\u00e9g\u00e9s, rovarcs\u00edp\u00e9s eset\u00e9n, sz\u0151rtelen\u00edt\u00e9s, borotv\u00e1lkoz\u00e1s, kozmetikai kezel\u00e9sek ut\u00e1n a b\u0151rfel\u00fclet nyugtat\u00e1s\u00e1ra.<\/p>\n<\/div>\n<div class=\"product_meta\">\n<p>A fert\u0151tlen\u00edt\u0151 hat\u00e1s\u00fa ez\u00fcstkolloid \u00e9s alkohol tartalm\u00fa g\u00e9l el\u0151ny\u00f6sen alkalmazhat\u00f3 a pattan\u00e1sos, zs\u00edros b\u0151r \u00e1pol\u00e1s\u00e1ra.<\/p>\n<p>Igen hat\u00e9kony nap\u00e9g\u00e9s, vagy \u00e9g\u00e9si s\u00e9r\u00fcl\u00e9sek, b\u0151rirrit\u00e1ci\u00f3 eset\u00e9n, pattan\u00e1sok, ki\u00fct\u00e9sek, rovarcs\u00edp\u00e9s, sebek, horzsol\u00e1sok kezel\u00e9s\u00e9re, borotv\u00e1lkoz\u00e1s, gyant\u00e1z\u00e1s, sz\u0151rtelen\u00edt\u00e9s, kozmetikai beavatkoz\u00e1sok ut\u00e1n az \u00e9rintett b\u0151rfel\u00fclet fert\u0151tlen\u00edt\u00e9s\u00e9re, b\u0151rgy\u00f3gy\u00e1szati probl\u00e9m\u00e1k (gomba, ekc\u00e9ma stb\u2026) kezel\u00e9s\u00e9re.<\/p>\n<p>Tart\u00f3s\u00edt\u00f3szert, sz\u00ednez\u0151anyagot nem tartalmaz.<\/p>\n<p>&nbsp;<\/p>\n<h1>Haszn\u00e1lati \u00fatmutat\u00f3<\/h1>\n<p>Naponta 2-3 alkalommal v\u00e9kony r\u00e9tegben az \u00e1polni k\u00edv\u00e1nt testr\u00e9sz b\u0151r\u00e9be k\u00f6nnyed mozdulatokkal massz\u00edrozza be.<\/p>\n<p>Figyelmeztet\u00e9s: sebes, v\u00e9rz\u0151 fel\u00fcletre nem haszn\u00e1lhat\u00f3! Vigy\u00e1zzon, hogy szembe, ny\u00e1lkah\u00e1rty\u00e1ra ne ker\u00fclj\u00f6n!<\/p>\n<\/div>\n","protected":false},"excerpt":{"rendered":"<div class=\"woocommerce-product-details__short-description\">\n<div class=\"woocommerce-product-details__short-description\">\n<p>Nap\u00e9g\u00e9s, rovarcs\u00edp\u00e9s eset\u00e9n, sz\u0151rtelen\u00edt\u00e9s, borotv\u00e1lkoz\u00e1s, kozmetikai kezel\u00e9sek ut\u00e1n a b\u0151rfel\u00fclet nyugtat\u00e1s\u00e1ra.<\/p>\n<\/div>\n<\/div>\n","protected":false},"featured_media":5201,"comment_status":"closed","ping_status":"open","template":"","meta":[],"product_cat":[61,67],"product_tag":[],"class_list":{"0":"post-5200","1":"product","2":"type-product","3":"status-publish","4":"has-post-thumbnail","6":"product_brand-dr-juice","7":"product_cat-etrend-kiegeszitok","8":"product_cat-kolloidok","10":"first","11":"instock","12":"purchasable","13":"product-type-simple"},"_links":{"self":[{"href":"https:\/\/vitamin.coredesign.hu\/index.php?rest_route=\/wp\/v2\/product\/5200","targetHints":{"allow":["GET"]}}],"collection":[{"href":"https:\/\/vitamin.coredesign.hu\/index.php?rest_route=\/wp\/v2\/product"}],"about":[{"href":"https:\/\/vitamin.coredesign.hu\/index.php?rest_route=\/wp\/v2\/types\/product"}],"replies":[{"embeddable":true,"href":"https:\/\/vitamin.coredesign.hu\/index.php?rest_route=%2Fwp%2Fv2%2Fcomments&post=5200"}],"wp:featuredmedia":[{"embeddable":true,"href":"https:\/\/vitamin.coredesign.hu\/index.php?rest_route=\/wp\/v2\/media\/5201"}],"wp:attachment":[{"href":"https:\/\/vitamin.coredesign.hu\/index.php?rest_route=%2Fwp%2Fv2%2Fmedia&parent=5200"}],"wp:term":[{"taxonomy":"product_cat","embeddable":true,"href":"https:\/\/vitamin.coredesign.hu\/index.php?rest_route=%2Fwp%2Fv2%2Fproduct_cat&post=5200"},{"taxonomy":"product_tag","embeddable":true,"href":"https:\/\/vitamin.coredesign.hu\/index.php?rest_route=%2Fwp%2Fv2%2Fproduct_tag&post=5200"}],"curies":[{"name":"wp","href":"https:\/\/api.w.org\/{rel}","templated":true}]}}