{"id":5198,"date":"2025-10-12T12:23:14","date_gmt":"2025-10-12T10:23:14","guid":{"rendered":"https:\/\/vitamin.coredesign.hu\/?product=drjuice-co-ezustkolloid-orrspray-50ml"},"modified":"2026-01-08T23:22:58","modified_gmt":"2026-01-08T22:22:58","slug":"drjuice-co-ezustkolloid-orrspray-50ml","status":"publish","type":"product","link":"https:\/\/vitamin.coredesign.hu\/?product=drjuice-co-ezustkolloid-orrspray-50ml","title":{"rendered":"DrJuice Co. Ez\u00fcstkolloid orrspray \u2013 50ml"},"content":{"rendered":"<p>&nbsp;<\/p>\n<div id=\"lt-accessibility-devtools\" aria-hidden=\"true\"><\/div>\n<p>A gomba- \u00e9s bakt\u00e9rium\u00f6l\u0151 hat\u00e1s\u00fa ez\u00fcstkolloid oldat hozz\u00e1j\u00e1rulhat a fert\u0151z\u00e9ses betegs\u00e9gek kieg\u00e9sz\u00edt\u0151 kezel\u00e9s\u00e9hez \u00e9s megel\u0151z\u00e9s\u00e9hez. Seg\u00edthet a kisz\u00e1radt, irrit\u00e1lt orrny\u00e1lkah\u00e1rtya kezel\u00e9s\u00e9ben.<\/p>\n<p>Ez\u00fcstkolloid orrspray, 20 ppm, 50 ml. Az orr \u00e9s k\u00f6rny\u00e9k\u00e9nek tiszt\u00edt\u00e1s\u00e1ra, nedves\u00edt\u00e9s\u00e9re, \u00e1pol\u00e1s\u00e1ra aj\u00e1nlott k\u00e9sz\u00edtm\u00e9ny.<\/p>\n<p>Ha az orrunkba ez\u00fcstkolloidot permetez\u00fcnk, ezzel gyakorlatilag fert\u0151tlen\u00edtj\u00fck az orr ny\u00e1lkah\u00e1rty\u00e1j\u00e1t ami sokat seg\u00edthet a k\u00fcl\u00f6nf\u00e9le l\u00e9g\u00fati betegs\u00e9gek megel\u0151z\u00e9s\u00e9ben, kezel\u00e9s\u00e9ben \u00e9s lek\u00fczd\u00e9s\u00e9ben. Az ez\u00fcstkolloid nem antibiotikum, de laborat\u00f3riumi tesztek igazolj\u00e1k, hogy k\u00f6zel 700 f\u00e9le bakt\u00e9rium, \u00e9s v\u00edrus hat\u00e9kony ellenszere. Ez\u00e9rt is emlegeti az orvostudom\u00e1ny az ez\u00fcstkolloidot, mint m\u00e1sodik immunrendszert, hiszen az immunrendszer\u00fcnk is ilyen elven m\u0171k\u00f6dik. Az ez\u00fcstkolloid haszn\u00e1lat\u00e1val seg\u00edts\u00e9get ny\u00fajtunk az immunrendszer\u00fcnknek, ami \u00edgy t\u00f6bb feladatot lesz k\u00e9pes ell\u00e1tni. Ez azt eredm\u00e9nyezi, hogy szervezet\u00fcnk hamarabb lesz k\u00e9pes felvenni a harcot a k\u00f3rokoz\u00f3kkal szemben. Az ez\u00fcstkolloid orrspray haszn\u00e1lata: T\u00e1vol\u00edtsa el az orrspray tetej\u00e9n l\u00e9v\u0151 v\u00e9d\u0151kupakot, helyezze az orr\u00e1ba \u00e9s mindk\u00e9t ny\u00edl\u00e1sba k\u00e9tszer permetezzen, napi 2-4 alkalommal. \u00d6sszetev\u0151k: Aqua, kolloid ez\u00fcst.<\/p>\n<h3>Ez\u00fcstkolloid orrspray \u00f6sszetev\u0151i:<\/h3>\n<p>Aqua, kolloid ez\u00fcst<br \/>\n50 ml<\/p>\n","protected":false},"excerpt":{"rendered":"<p>A gomba- \u00e9s bakt\u00e9rium\u00f6l\u0151 hat\u00e1s\u00fa ez\u00fcstkolloid oldat hozz\u00e1j\u00e1rulhat a fert\u0151z\u00e9ses betegs\u00e9gek kieg\u00e9sz\u00edt\u0151 kezel\u00e9s\u00e9hez \u00e9s megel\u0151z\u00e9s\u00e9hez. Seg\u00edthet a kisz\u00e1radt, irrit\u00e1lt orrny\u00e1lkah\u00e1rtya kezel\u00e9s\u00e9ben.<\/p>\n","protected":false},"featured_media":5199,"comment_status":"closed","ping_status":"open","template":"","meta":[],"product_cat":[61,67],"product_tag":[],"class_list":{"0":"post-5198","1":"product","2":"type-product","3":"status-publish","4":"has-post-thumbnail","6":"product_brand-dr-juice","7":"product_cat-etrend-kiegeszitok","8":"product_cat-kolloidok","10":"first","11":"instock","12":"purchasable","13":"product-type-simple"},"_links":{"self":[{"href":"https:\/\/vitamin.coredesign.hu\/index.php?rest_route=\/wp\/v2\/product\/5198","targetHints":{"allow":["GET"]}}],"collection":[{"href":"https:\/\/vitamin.coredesign.hu\/index.php?rest_route=\/wp\/v2\/product"}],"about":[{"href":"https:\/\/vitamin.coredesign.hu\/index.php?rest_route=\/wp\/v2\/types\/product"}],"replies":[{"embeddable":true,"href":"https:\/\/vitamin.coredesign.hu\/index.php?rest_route=%2Fwp%2Fv2%2Fcomments&post=5198"}],"wp:featuredmedia":[{"embeddable":true,"href":"https:\/\/vitamin.coredesign.hu\/index.php?rest_route=\/wp\/v2\/media\/5199"}],"wp:attachment":[{"href":"https:\/\/vitamin.coredesign.hu\/index.php?rest_route=%2Fwp%2Fv2%2Fmedia&parent=5198"}],"wp:term":[{"taxonomy":"product_cat","embeddable":true,"href":"https:\/\/vitamin.coredesign.hu\/index.php?rest_route=%2Fwp%2Fv2%2Fproduct_cat&post=5198"},{"taxonomy":"product_tag","embeddable":true,"href":"https:\/\/vitamin.coredesign.hu\/index.php?rest_route=%2Fwp%2Fv2%2Fproduct_tag&post=5198"}],"curies":[{"name":"wp","href":"https:\/\/api.w.org\/{rel}","templated":true}]}}