{"id":5195,"date":"2025-10-12T12:23:14","date_gmt":"2025-10-12T10:23:14","guid":{"rendered":"https:\/\/vitamin.coredesign.hu\/?product=drjuice-co-liposzomas-c-vitamin-2"},"modified":"2026-01-08T23:22:57","modified_gmt":"2026-01-08T22:22:57","slug":"drjuice-co-liposzomas-c-vitamin-2","status":"publish","type":"product","link":"https:\/\/vitamin.coredesign.hu\/?product=drjuice-co-liposzomas-c-vitamin-2","title":{"rendered":"DrJuice Co. Liposz\u00f3m\u00e1s C-vitamin"},"content":{"rendered":"<p>&nbsp;<\/p>\n<div id=\"lt-accessibility-devtools\" aria-hidden=\"true\"><\/div>\n<p>Foly\u00e9kony liposz\u00f3m\u00e1s C-vitamin, az \u00e1ltal\u00e1nos j\u00f3 k\u00f6z\u00e9rzet meg\u0151rz\u00e9s\u00e9re, \u00e9trend-kieg\u00e9sz\u00edt\u0151k\u00e9nt, megh\u0171l\u00e9s t\u00fcneteinek (megf\u00e1z\u00e1s, torokf\u00e1j\u00e1s, stb.) enyh\u00edt\u00e9s\u00e9re kieg\u00e9sz\u00edt\u0151k\u00e9nt.<\/p>\n<h2>Term\u00e9kle\u00edr\u00e1s<\/h2>\n<p>Foly\u00e9kony liposz\u00f3m\u00e1s C-vitamin, az \u00e1ltal\u00e1nos j\u00f3 k\u00f6z\u00e9rzet meg\u0151rz\u00e9s\u00e9re, \u00e9trend-kieg\u00e9sz\u00edt\u0151k\u00e9nt, megh\u0171l\u00e9s t\u00fcneteinek (megf\u00e1z\u00e1s, torokf\u00e1j\u00e1s, stb.) enyh\u00edt\u00e9s\u00e9re kieg\u00e9sz\u00edt\u0151k\u00e9nt.<\/p>\n<p>A liposz\u00f3m\u00e1lis foly\u00e9kony C-vitamin drasztikusan megn\u00f6veli a C-vitamin felsz\u00edv\u00f3d\u00e1s\u00e1t a szervezetben.<\/p>\n<p>A v\u00e9konyb\u00e9l a liposz\u00f3m\u00e1kat a foszfolipideknek h\u00e1la testazonos anyagk\u00e9nt ismeri fel, \u00e9s egyenesen a v\u00e9r\u00e1ramba k\u00fcldi. Onnan a liposz\u00f3m\u00e1k \u00e1tjutnak a sejtfalon, \u00edgy a C-vitamin k\u00f6zvetlen\u00fcl a sejtekbe ker\u00fcl.<\/p>\n<p><strong>Aj\u00e1nlott fogyaszt\u00e1s:<\/strong>\u00a0napi 15ml (1500mg)<\/p>\n<h2>T\u00e1j\u00e9koztat\u00e1s<\/h2>\n<p>Az \u00e9trend-kieg\u00e9sz\u00edt\u0151k \u00e9lelmiszereknek min\u0151s\u00fclnek \u00e9s b\u00e1r kedvez\u0151 \u00e9lettani hat\u00e1ssal rendelkezhetnek, amely egy\u00e9nenk\u00e9nt elt\u00e9r\u0151 lehet, jel\u00f6l\u00e9s\u00fck, megjelen\u00edt\u00e9s\u00fck, \u00e9s rekl\u00e1moz\u00e1suk sor\u00e1n nem enged\u00e9lyezett a k\u00e9sz\u00edtm\u00e9nyeknek betegs\u00e9get megel\u0151z\u0151 vagy gy\u00f3gy\u00edt\u00f3 hat\u00e1st tulajdon\u00edtani, illetve ilyen tulajdons\u00e1gra utalni.<\/p>\n","protected":false},"excerpt":{"rendered":"<p>Foly\u00e9kony liposz\u00f3m\u00e1s C-vitamin, az \u00e1ltal\u00e1nos j\u00f3 k\u00f6z\u00e9rzet meg\u0151rz\u00e9s\u00e9re, \u00e9trend-kieg\u00e9sz\u00edt\u0151k\u00e9nt, megh\u0171l\u00e9s t\u00fcneteinek (megf\u00e1z\u00e1s, torokf\u00e1j\u00e1s, stb.) enyh\u00edt\u00e9s\u00e9re kieg\u00e9sz\u00edt\u0151k\u00e9nt.<\/p>\n","protected":false},"featured_media":0,"comment_status":"closed","ping_status":"open","template":"","meta":[],"product_cat":[60],"product_tag":[],"class_list":{"0":"post-5195","1":"product","2":"type-product","3":"status-publish","5":"product_brand-dr-juice","6":"product_cat-vitaminok","8":"first","9":"instock","10":"purchasable","11":"product-type-simple"},"_links":{"self":[{"href":"https:\/\/vitamin.coredesign.hu\/index.php?rest_route=\/wp\/v2\/product\/5195","targetHints":{"allow":["GET"]}}],"collection":[{"href":"https:\/\/vitamin.coredesign.hu\/index.php?rest_route=\/wp\/v2\/product"}],"about":[{"href":"https:\/\/vitamin.coredesign.hu\/index.php?rest_route=\/wp\/v2\/types\/product"}],"replies":[{"embeddable":true,"href":"https:\/\/vitamin.coredesign.hu\/index.php?rest_route=%2Fwp%2Fv2%2Fcomments&post=5195"}],"wp:attachment":[{"href":"https:\/\/vitamin.coredesign.hu\/index.php?rest_route=%2Fwp%2Fv2%2Fmedia&parent=5195"}],"wp:term":[{"taxonomy":"product_cat","embeddable":true,"href":"https:\/\/vitamin.coredesign.hu\/index.php?rest_route=%2Fwp%2Fv2%2Fproduct_cat&post=5195"},{"taxonomy":"product_tag","embeddable":true,"href":"https:\/\/vitamin.coredesign.hu\/index.php?rest_route=%2Fwp%2Fv2%2Fproduct_tag&post=5195"}],"curies":[{"name":"wp","href":"https:\/\/api.w.org\/{rel}","templated":true}]}}