{"id":5188,"date":"2025-10-12T12:22:38","date_gmt":"2025-10-12T10:22:38","guid":{"rendered":"https:\/\/vitamin.coredesign.hu\/?product=drjuice-co-ezustkolloid-szajoblogeto"},"modified":"2026-01-08T23:22:48","modified_gmt":"2026-01-08T22:22:48","slug":"drjuice-co-ezustkolloid-szajoblogeto","status":"publish","type":"product","link":"https:\/\/vitamin.coredesign.hu\/?product=drjuice-co-ezustkolloid-szajoblogeto","title":{"rendered":"DrJuice Co. Ez\u00fcstkolloid Sz\u00e1j\u00f6bl\u00f6get\u0151"},"content":{"rendered":"<p>&nbsp;<\/p>\n<div id=\"lt-accessibility-devtools\" aria-hidden=\"true\"><\/div>\n<p>Az ez\u00fcstkolloid \u00f6bl\u00f6get\u00e9ssel, gargaliz\u00e1l\u00e1ssal hozz\u00e1j\u00e1rulhat a sz\u00e1j\u00fcreg, a sz\u00e1j ny\u00e1lkah\u00e1rty\u00e1j\u00e1nak \u00e9s a fogak v\u00e9delm\u00e9hez, tiszt\u00edt\u00e1s\u00e1hoz. J\u00f3t\u00e9kony hat\u00e1ssal lehet a torokgyullad\u00e1sra \u00e9s a fog\u00edny panaszokra.<\/p>\n<h2>DrJuice Co. Ez\u00fcstkolloid sz\u00e1j- \u00e9s torok \u00f6bl\u00f6get\u0151<\/h2>\n<p>A DrJuice Ez\u00fcstkolloid sz\u00e1j-\u00e9s torok \u00f6bl\u00f6get\u0151 alkalmas a sz\u00e1j, a torok \u00e9s a fog\u00edny gyullad\u00e1sainak g\u00e1tl\u00e1s\u00e1ra. A 200 ml \u00fcveg z\u00e1r\u00f3kupakj\u00e1n tal\u00e1lhat\u00f3 m\u00e9r\u0151poh\u00e1rral m\u00e9rj\u00fck ki a k\u00edv\u00e1nt mennyis\u00e9get \u00e9s sz\u00e1jba \u00f6ntve, 30-60 m\u00e1sodpercig \u00f6bl\u00f6getve, gargaliz\u00e1lva reggel \u00e9s este alkalmazzuk az oldatot.<\/p>\n<h2>\u00d6sszetev\u0151k:<\/h2>\n<p>99,9999%-os ez\u00fcst (20ppm) \u00e9s ultratiszta v\u00edz<\/p>\n<h2>Koncentr\u00e1ci\u00f3 t\u00f6meg 100 ml-ben %:<\/h2>\n<ul>\n<li>Aqua 99,99 %<\/li>\n<li>Ez\u00fcst 0,01 %<\/li>\n<\/ul>\n<h2>Felhaszn\u00e1l\u00e1si javaslat:<\/h2>\n<p>napi 3-4 alkalommal \u00f6bl\u00f6gessen, gargariz\u00e1ljon k\u00faraszer\u0171en.<\/p>\n<p><strong>Figyelmeztet\u00e9s:<\/strong>\u00a0Az oldatot ne nyelje le! Nem leheletfriss\u00edt\u0151\/hagyom\u00e1nyos sz\u00e1j\u00f6bl\u00f6get\u0151! Ez\u00fcstallergia vagy f\u00e9mallergia eset\u00e9n k\u00e9rdezze meg orvosa v\u00e9lem\u00e9ny\u00e9t.<\/p>\n<h2>T\u00e1j\u00e9koztat\u00e1s<\/h2>\n<p>Az \u00e9trend-kieg\u00e9sz\u00edt\u0151k az \u00e9rv\u00e9nyben lev\u0151 eur\u00f3pai uni\u00f3s szab\u00e1lyoz\u00e1s szerint \u00e9lelmiszereknek min\u0151s\u00fclnek, a hagyom\u00e1nyos \u00e9trend kieg\u00e9sz\u00edt\u00e9s\u00e9t szolg\u00e1lj\u00e1k, \u00e9s koncentr\u00e1lt form\u00e1ban tartalmaznak t\u00e1panyagokat. B\u00e1r az \u00e9trend-kieg\u00e9sz\u00edt\u0151k kedvez\u0151 \u00e9lettani hat\u00e1ssal rendelkezhetnek, amely egy\u00e9nenk\u00e9nt elt\u00e9r\u0151 lehet, jel\u00f6l\u00e9s\u00fck, megjelen\u00edt\u00e9s\u00fck \u00e9s rekl\u00e1moz\u00e1suk sor\u00e1n nem enged\u00e9lyezett a k\u00e9sz\u00edtm\u00e9nyeknek betegs\u00e9get megel\u0151z\u0151 vagy gy\u00f3gy\u00edt\u00f3 hat\u00e1st tulajdon\u00edtani, ilyen tulajdons\u00e1gra utalni.<\/p>\n<div id=\"gap-598674251\" class=\"gap-element clearfix\"><\/div>\n<p>Az \u00e9trend-kieg\u00e9sz\u00edt\u0151k nem helyettes\u00edtik a kiegyens\u00falyozott, vegyes \u00e9trendet \u00e9s az eg\u00e9szs\u00e9ges \u00e9letm\u00f3dot. A term\u00e9k \u00f6nmag\u00e1ban nem gy\u00f3gy\u00edt betegs\u00e9geket \u00e9s az orvosi kezel\u00e9s helyettes\u00edt\u00e9s\u00e9re nem alkalmas. Betegs\u00e9g eset\u00e9n haszn\u00e1lat\u00e1t besz\u00e9lje meg kezel\u0151orvos\u00e1val. Az aj\u00e1nlott napi fogyaszt\u00e1si mennyis\u00e9get ne l\u00e9pje t\u00fal. Ne szedje a k\u00e9sz\u00edtm\u00e9nyt, ha az \u00f6sszetev\u0151k b\u00e1rmelyik\u00e9re \u00e9rz\u00e9keny vagy allergi\u00e1s. Kisgyermek el\u0151l elz\u00e1rva tartand\u00f3!<\/p>\n","protected":false},"excerpt":{"rendered":"<p>Az ez\u00fcstkolloid \u00f6bl\u00f6get\u00e9ssel, gargaliz\u00e1l\u00e1ssal hozz\u00e1j\u00e1rulhat a sz\u00e1j\u00fcreg, a sz\u00e1j ny\u00e1lkah\u00e1rty\u00e1j\u00e1nak \u00e9s a fogak v\u00e9delm\u00e9hez, tiszt\u00edt\u00e1s\u00e1hoz. J\u00f3t\u00e9kony hat\u00e1ssal lehet a torokgyullad\u00e1sra \u00e9s a fog\u00edny panaszokra.<\/p>\n","protected":false},"featured_media":5189,"comment_status":"closed","ping_status":"open","template":"","meta":[],"product_cat":[61,67],"product_tag":[],"class_list":{"0":"post-5188","1":"product","2":"type-product","3":"status-publish","4":"has-post-thumbnail","6":"product_brand-dr-juice","7":"product_cat-etrend-kiegeszitok","8":"product_cat-kolloidok","10":"first","11":"instock","12":"purchasable","13":"product-type-simple"},"_links":{"self":[{"href":"https:\/\/vitamin.coredesign.hu\/index.php?rest_route=\/wp\/v2\/product\/5188","targetHints":{"allow":["GET"]}}],"collection":[{"href":"https:\/\/vitamin.coredesign.hu\/index.php?rest_route=\/wp\/v2\/product"}],"about":[{"href":"https:\/\/vitamin.coredesign.hu\/index.php?rest_route=\/wp\/v2\/types\/product"}],"replies":[{"embeddable":true,"href":"https:\/\/vitamin.coredesign.hu\/index.php?rest_route=%2Fwp%2Fv2%2Fcomments&post=5188"}],"wp:featuredmedia":[{"embeddable":true,"href":"https:\/\/vitamin.coredesign.hu\/index.php?rest_route=\/wp\/v2\/media\/5189"}],"wp:attachment":[{"href":"https:\/\/vitamin.coredesign.hu\/index.php?rest_route=%2Fwp%2Fv2%2Fmedia&parent=5188"}],"wp:term":[{"taxonomy":"product_cat","embeddable":true,"href":"https:\/\/vitamin.coredesign.hu\/index.php?rest_route=%2Fwp%2Fv2%2Fproduct_cat&post=5188"},{"taxonomy":"product_tag","embeddable":true,"href":"https:\/\/vitamin.coredesign.hu\/index.php?rest_route=%2Fwp%2Fv2%2Fproduct_tag&post=5188"}],"curies":[{"name":"wp","href":"https:\/\/api.w.org\/{rel}","templated":true}]}}