{"id":5186,"date":"2025-10-12T12:22:38","date_gmt":"2025-10-12T10:22:38","guid":{"rendered":"https:\/\/vitamin.coredesign.hu\/?product=drjuice-co-aranykolloid-hidratalo-3"},"modified":"2026-01-08T23:22:47","modified_gmt":"2026-01-08T22:22:47","slug":"drjuice-co-aranykolloid-hidratalo-3","status":"publish","type":"product","link":"https:\/\/vitamin.coredesign.hu\/?product=drjuice-co-aranykolloid-hidratalo-3","title":{"rendered":"DrJuice Co. Aranykolloid Hidrat\u00e1l\u00f3"},"content":{"rendered":"<p>&nbsp;<\/p>\n<div id=\"lt-accessibility-devtools\" aria-hidden=\"true\"><\/div>\n<p>Az aranykolloid tartalm\u00fa hidrat\u00e1l\u00f3 seg\u00edthet az \u00f6reged\u00e9si foltok, a r\u00e1ncok, zs\u00edros \u00e9s pattan\u00e1sos b\u0151r, rugalmatlan, fak\u00f3, nap \u00e1ltal k\u00e1ros\u00edtott, pigment\u00e1lt \u00e9s \u00e9rt\u00e1gul\u00e1sos b\u0151r kezel\u00e9s\u00e9ben.<\/p>\n<p>Az aranykolloid hozz\u00e1j\u00e1rulhat a v\u00e9rkering\u00e9s serkent\u00e9s\u00e9hez, a sz\u00edvritmus szab\u00e1lyoz\u00e1s\u00e1hoz, az agy teljes\u00edtm\u00e9ny\u00e9nek \u00e9s a koncentr\u00e1ci\u00f3 n\u00f6vel\u00e9s\u00e9hez, a fert\u0151z\u00e9sek megel\u0151z\u00e9s\u00e9hez, kezel\u00e9s\u00e9hez. J\u00f3t\u00e9kony hat\u00e1ssal lehet az \u00edz\u00fcleti gyullad\u00e1sokra \u00e9s f\u00e1jdalmakra, az asztm\u00e1ra, alkohol-, nikotin-, koffein- \u00e9s sz\u00e9nhidr\u00e1t f\u00fcgg\u0151s\u00e9gre.<\/p>\n<h2>Arany kolloid<\/h2>\n<p>Az arany kolloidot v\u00edzben feloldott arany r\u00e9szecsk\u00e9k alkotj\u00e1k. Az arany kolloid csepp jav\u00edthat a sz\u00edv \u00e9s \u00e9rrendszer \u00e1llapot\u00e1n, fokozhatja a szellemi frissess\u00e9get, gyullad\u00e1scs\u00f6kkent\u0151, nyugtathatja a k\u00f6zponti idegrendszert, gyors\u00edthatja a b\u0151r sejtjeinek meg\u00fajul\u00e1s\u00e1t, halv\u00e1ny\u00edtja a pigment foltokat \u00e9s az \u00f6reged\u00e9si foltokat. Rendszeres haszn\u00e1lat\u00e1val helyre\u00e1ll a b\u0151rsejtek v\u00edzh\u00e1ztart\u00e1s\u00e1nak egyens\u00falya, a b\u0151r sima \u00e9s \u00fcde lesz.<\/p>\n<h2>DrJuice Co. Aranykolloid Hidrat\u00e1l\u00f3<\/h2>\n<p>Az aranykolloid hidrat\u00e1l\u00f3 folyad\u00e9k haszn\u00e1lat\u00e1val b\u0151r\u00fcnk \u00fcd\u00e9bb, kisimultabb, hidrat\u00e1ltabb lesz. Haszn\u00e1lata halv\u00e1ny\u00edtja a pigment foltokat, az \u00f6reged\u00e9si foltokat, fokozza a b\u0151r\u00fcnk kollag\u00e9n termel\u00e9s\u00e9t. Az arany remek v\u00edzvisszatart\u00f3 tulajdons\u00e1ggal rendelkezik, \u00edgy t\u00f6k\u00e9letes hidrat\u00e1l\u00f3ja lehet b\u0151r\u00fcnknek.Kimagasl\u00f3 sz\u00e9p\u00e9szeti tulajdons\u00e1ga, hogy felfokozza, gyors\u00edtja, serkenti a b\u0151r sejtjeinek meg\u00fajul\u00e1s\u00e1t.<\/p>\n<ul>\n<li>Arany (kolloid): 3 ppm<\/li>\n<li>Koncentr\u00e1ci\u00f3 t\u00f6meg 100 ml-ben %:<br \/>\n\u2013 Aqua: 99,99 %<br \/>\n\u2013 Arany: 0,01 %<\/li>\n<\/ul>\n<h2>Haszn\u00e1lata:<\/h2>\n<p>A k\u00e9sz\u00edtm\u00e9ny csomagol\u00e1s\u00e1ban tal\u00e1lhat\u00f3 20 ml-es kis\u00fcveget felt\u00f6ltve, napi 3 alkalommal permetezz\u00fck az arcra, vagy a k\u00edv\u00e1nt fel\u00fcletre. Az Aranykolloid hidrat\u00e1l\u00f3 az eg\u00e9szs\u00e9gre \u00e1rtalmatlan, kiz\u00e1r\u00f3lag arany allergia eset\u00e9n ellenjavallt az alkalmaz\u00e1sa.<\/p>\n<p>Min\u0151s\u00e9g\u00e9t a gy\u00e1rt\u00e1st\u00f3l sz\u00e1m\u00edtott 1 \u00e9vig \u0151rzi meg. A k\u00e9sz\u00edtm\u00e9nyt eredeti folyad\u00e9k\u00fcvegben, s\u00f6t\u00e9t, j\u00f3l z\u00e1rhat\u00f3 ed\u00e9nyben, szobah\u0151m\u00e9rs\u00e9kleten t\u00e1roland\u00f3!<\/p>\n","protected":false},"excerpt":{"rendered":"<p>Az aranykolloid tartalm\u00fa hidrat\u00e1l\u00f3 seg\u00edthet az \u00f6reged\u00e9si foltok, a r\u00e1ncok, zs\u00edros \u00e9s pattan\u00e1sos b\u0151r, rugalmatlan, fak\u00f3, nap \u00e1ltal k\u00e1ros\u00edtott, pigment\u00e1lt \u00e9s \u00e9rt\u00e1gul\u00e1sos b\u0151r kezel\u00e9s\u00e9ben.<\/p>\n","protected":false},"featured_media":5187,"comment_status":"closed","ping_status":"open","template":"","meta":[],"product_cat":[61,67],"product_tag":[],"class_list":{"0":"post-5186","1":"product","2":"type-product","3":"status-publish","4":"has-post-thumbnail","6":"product_brand-dr-juice","7":"product_cat-etrend-kiegeszitok","8":"product_cat-kolloidok","10":"first","11":"instock","12":"purchasable","13":"product-type-simple"},"_links":{"self":[{"href":"https:\/\/vitamin.coredesign.hu\/index.php?rest_route=\/wp\/v2\/product\/5186","targetHints":{"allow":["GET"]}}],"collection":[{"href":"https:\/\/vitamin.coredesign.hu\/index.php?rest_route=\/wp\/v2\/product"}],"about":[{"href":"https:\/\/vitamin.coredesign.hu\/index.php?rest_route=\/wp\/v2\/types\/product"}],"replies":[{"embeddable":true,"href":"https:\/\/vitamin.coredesign.hu\/index.php?rest_route=%2Fwp%2Fv2%2Fcomments&post=5186"}],"wp:featuredmedia":[{"embeddable":true,"href":"https:\/\/vitamin.coredesign.hu\/index.php?rest_route=\/wp\/v2\/media\/5187"}],"wp:attachment":[{"href":"https:\/\/vitamin.coredesign.hu\/index.php?rest_route=%2Fwp%2Fv2%2Fmedia&parent=5186"}],"wp:term":[{"taxonomy":"product_cat","embeddable":true,"href":"https:\/\/vitamin.coredesign.hu\/index.php?rest_route=%2Fwp%2Fv2%2Fproduct_cat&post=5186"},{"taxonomy":"product_tag","embeddable":true,"href":"https:\/\/vitamin.coredesign.hu\/index.php?rest_route=%2Fwp%2Fv2%2Fproduct_tag&post=5186"}],"curies":[{"name":"wp","href":"https:\/\/api.w.org\/{rel}","templated":true}]}}