{"id":5181,"date":"2025-10-12T12:22:38","date_gmt":"2025-10-12T10:22:38","guid":{"rendered":"https:\/\/vitamin.coredesign.hu\/?product=collango-4xedes"},"modified":"2026-01-08T23:22:45","modified_gmt":"2026-01-08T22:22:45","slug":"collango-4xedes","status":"publish","type":"product","link":"https:\/\/vitamin.coredesign.hu\/?product=collango-4xedes","title":{"rendered":"Collango 4X\u00e9des"},"content":{"rendered":"<p>&nbsp;<\/p>\n<div id=\"lt-accessibility-devtools\" aria-hidden=\"true\"><\/div>\n<p>A collango 4X\u00e9des a palatin\u00f3z, inulin \u00e9s a szukral\u00f3z h\u00e1rmas kever\u00e9ke, 4X \u00e9desebb \u00e9des\u00edt\u0151szer a krist\u00e1lycukorhoz k\u00e9pest.<\/p>\n<p><strong>A n\u00e9v k\u00f6telez, megszokhatt\u00e1tok, hogy a Collango egyet jelent:<\/strong><\/p>\n<ul>\n<li>a min\u0151s\u00e9gi alapanyaggal<\/li>\n<li>egyszer\u0171 adagol\u00e1ssal<\/li>\n<\/ul>\n<p>A\u00a0<strong>palatin\u00f3z<\/strong>, m\u00e1s n\u00e9ven izomaltul\u00f3z a term\u00e9szetben is el\u0151fordul\u00f3 alacsony glik\u00e9mi\u00e1s index\u0171 diszacharid sz\u00e9nhidr\u00e1t. Gl\u00fck\u00f3zb\u0151l \u00e9s frukt\u00f3zb\u00f3l \u00e1ll. A krist\u00e1lycukorhoz k\u00e9pest n\u00e9gyszer- \u00f6tsz\u00f6r lass\u00fabb a felsz\u00edv\u00f3d\u00e1sa. Fogbar\u00e1t, mivel a fogszuvasod\u00e1st okoz\u00f3 bakt\u00e9riumok jelent\u0151s r\u00e9sze nem tudja felhaszn\u00e1lni.<\/p>\n<p>Az<strong>\u00a0inulin<\/strong>\u00a0sz\u00e1mos n\u00f6v\u00e9nyben, z\u00f6lds\u00e9gben el\u0151fordul\u00f3, alacsony energiatartalm\u00fa v\u00edzben old\u00f3d\u00f3 rostok egy fajt\u00e1ja. \u00c9des\u00edt\u0151 ereje alacsonyabb a r\u00e9pacokor\u00e9hoz k\u00e9pest, k\u00f6r\u00fclbel\u00fcl 50%. Probiotikus hat\u00e1st tulajdon\u00edtanak neki, hiszen kiv\u00e1l\u00f3 t\u00e1panya a belekben a hasznos bakt\u00e9riumok sz\u00e1m\u00e1ra, mik\u00f6zben az emberi szervezet nem tudja megem\u00e9szteni, \u00edgy kal\u00f3riatartalma alacsony. (2,4kcal\/g).<\/p>\n<p>A\u00a0<strong>szukral\u00f3z<\/strong>\u00a0egy kal\u00f3rimentes \u00e9des\u00edt\u0151szer, mivel az emberi test nem hasznos\u00edtja. \u00c9des\u00edt\u0151 ereje hatsz\u00e1zszorosa a r\u00e9pacukor\u00e9hoz k\u00e9pest.<\/p>\n<p>Alkalmas cukor teljes helyettes\u00edt\u00e9s\u00e9re, \u00e9telekhez \u00e9s italokhoz k\u00e9sz\u00edt\u00e9s\u00e9hez.<\/p>\n<p>Kellemes \u00e9des \u00edz\u0171, j\u00f3 old\u00f3d\u00e1ssal rendelkezik.<\/p>\n<p><strong>\u00d6sszetev\u0151k:<\/strong>\u00a0palatin\u00f3z, inulin, szukrla\u00f3z.<\/p>\n<p><strong>T\u00e1p\u00e9rt\u00e9kt\u00e1bl\u00e1zat\u00a0\u00a0\u00a0\u00a0\u00a0\u00a0\u00a0\u00a0\u00a0\u00a0\u00a0\u00a0\u00a0\u00a0\u00a0\u00a0\u00a0\u00a0\u00a0\u00a0\u00a0\u00a0\u00a0\u00a0\u00a0\u00a0\u00a0\u00a0\u00a0\u00a0\u00a0\u00a0\u00a0\u00a0\u00a0\u00a0\u00a0\u00a0\u00a0\u00a0\u00a0\u00a0\u00a0\u00a0\u00a0\u00a0\u00a0\u00a0\u00a0\u00a0\u00a0\u00a0\u00a0\u00a0\u00a0\u00a0\u00a0\u00a0\u00a0\u00a0 (100g-ban):<\/strong><br \/>\nEnergia:\u00a0 \u00a0 \u00a0 \u00a0 \u00a0 \u00a0 \u00a0 \u00a0 \u00a0 \u00a0 \u00a0 \u00a0 \u00a0 \u00a0 \u00a0 \u00a0 \u00a0 \u00a0 \u00a0 \u00a0 \u00a0 \u00a0 \u00a0 \u00a0 \u00a0 \u00a0 \u00a0 \u00a0 \u00a0 \u00a0 \u00a0 \u00a0 \u00a0 \u00a0 \u00a0 \u00a0 \u00a01553kJ\/371kcal<br \/>\nZs\u00edr:\u00a0 \u00a0 \u00a0 \u00a0 \u00a0 \u00a0 \u00a0 \u00a0 \u00a0 \u00a0 \u00a0 \u00a0 \u00a0 \u00a0 \u00a0 \u00a0 \u00a0 \u00a0 \u00a0 \u00a0 \u00a0 \u00a0 \u00a0 \u00a0 \u00a0 \u00a0 \u00a0 \u00a0 \u00a0 \u00a0 \u00a0 \u00a0 \u00a0 \u00a0 \u00a0 \u00a0 \u00a0 \u00a0 \u00a0 \u00a0 \u00a0 \u00a0 \u00a0 \u00a00g<br \/>\nSz\u00e9nhidr\u00e1t:\u00a0 \u00a0 \u00a0 \u00a0 \u00a0 \u00a0 \u00a0 \u00a0 \u00a0 \u00a0 \u00a0 \u00a0 \u00a0 \u00a0 \u00a0 \u00a0 \u00a0 \u00a0 \u00a0 \u00a0 \u00a0 \u00a0 \u00a0 \u00a0 \u00a0 \u00a0 \u00a0 \u00a0 \u00a0 \u00a0 \u00a0 \u00a0 \u00a0 \u00a0 \u00a0 \u00a082,9g<br \/>\nEbb\u0151l:<br \/>\n-cukor:\u00a0 \u00a0 \u00a0 \u00a0 \u00a0 \u00a0 \u00a0 \u00a0 \u00a0 \u00a0 \u00a0 \u00a0 \u00a0 \u00a0 \u00a0 \u00a0 \u00a0 \u00a0 \u00a0 \u00a0 \u00a0 \u00a0 \u00a0 \u00a0 \u00a0 \u00a0 \u00a0 \u00a0 \u00a0 \u00a0 \u00a0 \u00a0 \u00a0 \u00a0 \u00a0 \u00a0 \u00a0 \u00a0 \u00a0 \u00a0 \u00a0 \u00a00g<br \/>\nRost\u00a0 \u00a0 \u00a0 \u00a0 \u00a0 \u00a0 \u00a0 \u00a0 \u00a0 \u00a0 \u00a0 \u00a0 \u00a0 \u00a0 \u00a0 \u00a0 \u00a0 \u00a0 \u00a0 \u00a0 \u00a0 \u00a0 \u00a0 \u00a0 \u00a0 \u00a0 \u00a0 \u00a0 \u00a0 \u00a0 \u00a0 \u00a0 \u00a0 \u00a0 \u00a0 \u00a0 \u00a0 \u00a0 \u00a0 \u00a0 \u00a0 16,6g<\/p>\n<p>Feh\u00e9rje:\u00a0 \u00a0 \u00a0 \u00a0 \u00a0 \u00a0 \u00a0 \u00a0 \u00a0 \u00a0 \u00a0 \u00a0 \u00a0 \u00a0 \u00a0 \u00a0 \u00a0 \u00a0 \u00a0 \u00a0 \u00a0 \u00a0 \u00a0 \u00a0 \u00a0 \u00a0 \u00a0 \u00a0 \u00a0 \u00a0 \u00a0 \u00a0 \u00a0 \u00a0 \u00a0 \u00a0 \u00a0 \u00a0 \u00a0 \u00a0 \u00a00g<br \/>\nN\u00e1trium:\u00a0 \u00a0 \u00a0 \u00a0 \u00a0 \u00a0 \u00a0 \u00a0 \u00a0 \u00a0 \u00a0 \u00a0 \u00a0 \u00a0 \u00a0 \u00a0 \u00a0 \u00a0 \u00a0 \u00a0 \u00a0 \u00a0 \u00a0 \u00a0 \u00a0 \u00a0 \u00a0 \u00a0 \u00a0 \u00a0 \u00a0 \u00a0 \u00a0 \u00a0 \u00a0 \u00a0 \u00a0 \u00a0 \u00a0 \u00a0 \u00a00g<\/p>\n<p><strong>T\u00e1rol\u00e1sa:<\/strong>\u00a0sz\u00e1raz, h\u0171v\u00f6s helyen.<\/p>\n<p><strong>Collango Erytvia jellemz\u0151i \u00e9s el\u0151nyei:<\/strong><\/p>\n<ul>\n<li>Gazdas\u00e1gos kiszerel\u00e9s<\/li>\n<li>Di\u00e9t\u00e1z\u00f3k, cukorbetegek is fogyaszuthatj\u00e1k (m\u00e9rt\u00e9kkel)<\/li>\n<\/ul>\n<p><strong>Felhaszn\u00e1l\u00e1si javaslat: \u00e9telek, italok, sz\u00f3szok k\u00e9sz\u00edt\u00e9s\u00e9hez a krist\u00e1lycukor teljes kiv\u00e1lt\u00e1s\u00e1ra alkalmas.<\/strong><\/p>\n","protected":false},"excerpt":{"rendered":"<p>A collango 4X\u00e9des a palatin\u00f3z, inulin \u00e9s a szukral\u00f3z h\u00e1rmas kever\u00e9ke, 4X \u00e9desebb \u00e9des\u00edt\u0151szer a krist\u00e1lycukorhoz k\u00e9pest.<\/p>\n","protected":false},"featured_media":5182,"comment_status":"closed","ping_status":"open","template":"","meta":[],"product_cat":[74],"product_tag":[],"class_list":{"0":"post-5181","1":"product","2":"type-product","3":"status-publish","4":"has-post-thumbnail","6":"product_brand-collango","7":"product_cat-elelmiszer","9":"first","10":"instock","11":"purchasable","12":"product-type-simple"},"_links":{"self":[{"href":"https:\/\/vitamin.coredesign.hu\/index.php?rest_route=\/wp\/v2\/product\/5181","targetHints":{"allow":["GET"]}}],"collection":[{"href":"https:\/\/vitamin.coredesign.hu\/index.php?rest_route=\/wp\/v2\/product"}],"about":[{"href":"https:\/\/vitamin.coredesign.hu\/index.php?rest_route=\/wp\/v2\/types\/product"}],"replies":[{"embeddable":true,"href":"https:\/\/vitamin.coredesign.hu\/index.php?rest_route=%2Fwp%2Fv2%2Fcomments&post=5181"}],"wp:featuredmedia":[{"embeddable":true,"href":"https:\/\/vitamin.coredesign.hu\/index.php?rest_route=\/wp\/v2\/media\/5182"}],"wp:attachment":[{"href":"https:\/\/vitamin.coredesign.hu\/index.php?rest_route=%2Fwp%2Fv2%2Fmedia&parent=5181"}],"wp:term":[{"taxonomy":"product_cat","embeddable":true,"href":"https:\/\/vitamin.coredesign.hu\/index.php?rest_route=%2Fwp%2Fv2%2Fproduct_cat&post=5181"},{"taxonomy":"product_tag","embeddable":true,"href":"https:\/\/vitamin.coredesign.hu\/index.php?rest_route=%2Fwp%2Fv2%2Fproduct_tag&post=5181"}],"curies":[{"name":"wp","href":"https:\/\/api.w.org\/{rel}","templated":true}]}}