{"id":5179,"date":"2025-10-12T12:22:38","date_gmt":"2025-10-12T10:22:38","guid":{"rendered":"https:\/\/vitamin.coredesign.hu\/?product=collango-kalcium-aszkorbat-aszkorbinsav-kalcium-soja"},"modified":"2026-01-08T23:22:44","modified_gmt":"2026-01-08T22:22:44","slug":"collango-kalcium-aszkorbat-aszkorbinsav-kalcium-soja","status":"publish","type":"product","link":"https:\/\/vitamin.coredesign.hu\/?product=collango-kalcium-aszkorbat-aszkorbinsav-kalcium-soja","title":{"rendered":"Collango K\u00e1lcium aszkorb\u00e1t (aszkorbinsav k\u00e1lcium s\u00f3ja)"},"content":{"rendered":"<p>&nbsp;<\/p>\n<div id=\"lt-accessibility-devtools\" aria-hidden=\"true\"><\/div>\n<p>A C-vitamin v\u00edzben old\u00f3d\u00f3 vitamin. Sz\u00e1mos z\u00f6lds\u00e9gben \u00e9s gy\u00fcm\u00f6lcsben term\u00e9szetesen m\u00f3don el\u0151fordul\u00f3 vitamin. Az aszkorb\u00e1tok a c- vitamin (aszkorbinsav) s\u00f3i, melyek kev\u00e9sb\u00e9 savas k\u00e9mhat\u00e1s\u00faak. \u00cdgy azok is fogyaszthatj\u00e1k, akiknek az L- aszkorbinsavt\u00f3l f\u00e1jni szokott a hasuk.<\/p>\n<p><strong>Collango K\u00e1lcium aszkorb\u00e1t (aszkorbinsav k\u00e1lcium s\u00f3ja)<\/strong><\/p>\n<p>A C-vitamin v\u00edzben old\u00f3d\u00f3 vitamin. Sz\u00e1mos z\u00f6lds\u00e9gben \u00e9s gy\u00fcm\u00f6lcsben term\u00e9szetesen m\u00f3don el\u0151fordul\u00f3 vitamin. Az aszkorb\u00e1tok a c- vitamin (aszkorbinsav) s\u00f3i, melyek kev\u00e9sb\u00e9 savas k\u00e9mhat\u00e1s\u00faak. \u00cdgy azok is fogyaszthatj\u00e1k, akiknek az L- aszkorbinsavt\u00f3l f\u00e1jni szokott a hasuk.<\/p>\n<p><strong>Csomagol\u00e1s: nett\u00f3 500g\u00a0<\/strong><strong>PET\/METPET\/PE visszaz\u00e1rhat\u00f3 tasak.<\/strong><\/p>\n<p><strong>A n\u00e9v k\u00f6telez, megszokhatt\u00e1tok, hogy a Collango egyet jelent:<\/strong><\/p>\n<ul>\n<li>a min\u0151s\u00e9gi alapanyaggal<\/li>\n<li>a magas hat\u00f3anyag tartalommal<\/li>\n<li>ismert \u00e9s elismert alapanyag gy\u00e1rt\u00f3kkal<\/li>\n<li>egyszer\u0171 adagol\u00e1ssal<\/li>\n<li>kiv\u00e1l\u00f3 \u00e1r- \u00e9rt\u00e9k ar\u00e1nnyal<\/li>\n<\/ul>\n<p><strong>Collango\u00a0C-vitamin\u00a0jellemz\u0151i:<\/strong><\/p>\n<ul>\n<li>100% aszkorbinsav<\/li>\n<\/ul>\n<p><strong>Collango C-vitamin\u00a0el\u0151nyei:<\/strong><\/p>\n<ul>\n<li>Gazdas\u00e1gos kiszerel\u00e9s<\/li>\n<li>K\u00f6nnyen adagolhat\u00f3<\/li>\n<\/ul>\n<p>&nbsp;<\/p>\n<p>Szervezet\u00fcnkre gyakorolt sz\u00e1mos j\u00f3t\u00e9kony hat\u00e1ssal b\u00edr,\u00a0melyet az EFSA- Eur\u00f3pai \u00c9lelmiszerbiztos\u00e1gi Hivatal- is j\u00f3v\u00e1hagyott.<\/p>\n<ul>\n<li>A C-vitamin hozz\u00e1j\u00e1rul az immunrendszer norm\u00e1l m\u0171k\u00f6d\u00e9s\u00e9hez intenz\u00edv testmozg\u00e1s alatt vagy azt k\u00f6vet\u0151en.<\/li>\n<li>A C-vitamin hozz\u00e1j\u00e1rul a norm\u00e1l kollag\u00e9nk\u00e9pz\u0151d\u00e9shez \u00e9s ezen kereszt\u00fcl az erek norm\u00e1l \u00e1llapot\u00e1nak, m\u0171k\u00f6d\u00e9s\u00e9nek fenntart\u00e1s\u00e1hoz.<\/li>\n<li>A C-vitamin hozz\u00e1jrul a norm\u00e1l kollag\u00e9nk\u00e9pz\u0151d\u00e9shez \u00e9s ezen kereszt\u00fcl a norm\u00e1l csontozat fenntart\u00e1s\u00e1hoz.<\/li>\n<li>A C-vitamin hozz\u00e1j\u00e1rul a norm\u00e1l kollag\u00e9nk\u00e9pz\u0151d\u00e9shez \u00e9s ezen kereszt\u00fcl a porcok norm\u00e1l \u00e1llapot\u00e1nak, m\u0171k\u00f6d\u00e9s\u00e9nek fenntart\u00e1s\u00e1hoz.<\/li>\n<li>A C-vitamin hozz\u00e1j\u00e1rul a norm\u00e1l kollag\u00e9nk\u00e9pz\u0151d\u00e9shez \u00e9s ezen kereszt\u00fcl a fog\u00edny norm\u00e1l \u00e1llapot\u00e1nak fenntart\u00e1s\u00e1hoz.<\/li>\n<li>A C-vitamin hozz\u00e1j\u00e1rul a megfelel\u0151 kollag\u00e9nk\u00e9pz\u0151d\u00e9shez \u00e9s ezen kereszt\u00fcl a b\u0151r norm\u00e1l \u00e1llapot\u00e1nak, m\u0171k\u00f6d\u00e9s\u00e9nek fenntart\u00e1s\u00e1hoz.<\/li>\n<li>A C-vitamin hozz\u00e1j\u00e1rul a megfelel\u0151 kollag\u00e9nk\u00e9pz\u0151d\u00e9shez \u00e9s ezen kereszt\u00fcl a fogak norm\u00e1l \u00e1llapot\u00e1nak fenntart\u00e1s\u00e1hoz.<\/li>\n<li>A C-vitamin hozz\u00e1j\u00e1rul a norm\u00e1l energiatermel\u0151 anyagcsere-folyamatokhoz.<\/li>\n<li>A C-vitamin hozz\u00e1j\u00e1rul az idegrendszer norm\u00e1l m\u0171k\u00f6d\u00e9s\u00e9hez<\/li>\n<li>A C-vitamin hozz\u00e1j\u00e1rul a norm\u00e1l pszichol\u00f3giai funkci\u00f3 fenntart\u00e1s\u00e1hoz.<\/li>\n<li>A C-vitamin hozz\u00e1j\u00e1rul az immunrendszer norm\u00e1l m\u0171k\u00f6d\u00e9s\u00e9hez.<\/li>\n<li>A C-vitamin hozz\u00e1j\u00e1rul a sejtek oxidat\u00edv stresszel szembeni v\u00e9delm\u00e9hez.<\/li>\n<li>A C-vitamin hozz\u00e1j\u00e1rul a f\u00e1radts\u00e1g \u00e9s a kif\u00e1rad\u00e1s cs\u00f6kkent\u00e9s\u00e9hez.<\/li>\n<li>A C-vitamin hozz\u00e1j\u00e1rul az E-vitamin reduk\u00e1lt form\u00e1j\u00e1nak regener\u00e1l\u00e1s\u00e1hoz.<\/li>\n<li>A C-vitamin fokozza a vas felsz\u00edv\u00f3d\u00e1s\u00e1t.\u00a0\u200b<\/li>\n<\/ul>\n<p>Kiv\u00e1l\u00f3 antioxid\u00e1ns, \u00edgy seg\u00edts\u00e9g\u00e9vel megakad\u00e1lyozhat\u00f3 a gy\u00fcm\u00f6lcs\u00f6k\/ z\u00f6lds\u00e9gek barnul\u00e1sa.<\/p>\n<p>Alkalmazhat\u00f3 italok, lekv\u00e1rok \u00edzes\u00edt\u00e9sre.<\/p>\n<p><strong>\u00d6sszet\u00e9tel:<\/strong><\/p>\n<p>k\u00e1lcium aszkorb\u00e1t<\/p>\n<p><strong>T\u00e1panyagt\u00e1bl\u00e1zat (100g):<\/strong><\/p>\n<p>Energia 0kJ\/0kcl<\/p>\n<p>Zs\u00edr: 0g<\/p>\n<p>amelyb\u0151l tel\u00edtett zs\u00edrsavak: 0g<\/p>\n<p>Sz\u00e9nhidr\u00e1t: 0g<\/p>\n<p>amelyb\u0151l cukor: 0g<\/p>\n<p>Feh\u00e9rje: 0g<\/p>\n<p>S\u00f3: 0g<\/p>\n<p>Aszkorbinsav: 86g<\/p>\n<p>K\u00e1lcium: 14g<\/p>\n<p><strong>Felhaszn\u00e1l\u00e1si javaslat:\u00a0<\/strong>1g\/nap<\/p>\n<p><strong>Allerg\u00e9n inform\u00e1ci\u00f3:<\/strong>\u00a0k\u00e9sz\u00fclt tejet, toj\u00e1st, sz\u00f3j\u00e1t, glut\u00e9nt, mogyor\u00f3t, halat \u00e9s r\u00e1kf\u00e9l\u00e9ket felhaszn\u00e1l\u00f3 \u00fczemben.<\/p>\n<p><strong>Figyelem:<\/strong>\u00a0ez a term\u00e9k nem helyettes\u00edti a v\u00e1ltozatos, vegyes \u00e9trendet!<\/p>\n<p>Gyermekt\u0151l t\u00e1vol tartand\u00f3!<\/p>\n<p><strong>T\u00e1rol\u00e1sa:<\/strong>\u00a0sz\u00e1raz, h\u0171v\u00f6s helyen.<\/p>\n<p><strong>Collango K\u00e1lcium aszkorb\u00e1t jellemz\u0151i:<\/strong><\/p>\n<ul>\n<li>100% k\u00e1lcium aszkorb\u00e1t<\/li>\n<li>Hozz\u00e1adott anyagokat nem tartamaz<\/li>\n<\/ul>\n<p><strong>Collango K\u00e1lcium aszkorb\u00e1t el\u0151nyei:<\/strong><\/p>\n<ul>\n<li>Gazdas\u00e1gos kiszerel\u00e9s<\/li>\n<li>K\u00f6nnyen adagolhat\u00f3<\/li>\n<\/ul>\n<p><strong>Fogyaszt\u00e1si javaslat: 1g\/nap<\/strong><\/p>\n","protected":false},"excerpt":{"rendered":"<p>A C-vitamin v\u00edzben old\u00f3d\u00f3 vitamin. Sz\u00e1mos z\u00f6lds\u00e9gben \u00e9s gy\u00fcm\u00f6lcsben term\u00e9szetesen m\u00f3don el\u0151fordul\u00f3 vitamin. Az aszkorb\u00e1tok a c- vitamin (aszkorbinsav) s\u00f3i, melyek kev\u00e9sb\u00e9 savas k\u00e9mhat\u00e1s\u00faak. \u00cdgy azok is fogyaszthatj\u00e1k, akiknek az L- aszkorbinsavt\u00f3l f\u00e1jni szokott a hasuk.<\/p>\n","protected":false},"featured_media":5180,"comment_status":"closed","ping_status":"open","template":"","meta":[],"product_cat":[73],"product_tag":[],"class_list":{"0":"post-5179","1":"product","2":"type-product","3":"status-publish","4":"has-post-thumbnail","6":"product_brand-collango","7":"product_cat-arvanyi-anyagok","9":"first","10":"instock","11":"purchasable","12":"product-type-simple"},"_links":{"self":[{"href":"https:\/\/vitamin.coredesign.hu\/index.php?rest_route=\/wp\/v2\/product\/5179","targetHints":{"allow":["GET"]}}],"collection":[{"href":"https:\/\/vitamin.coredesign.hu\/index.php?rest_route=\/wp\/v2\/product"}],"about":[{"href":"https:\/\/vitamin.coredesign.hu\/index.php?rest_route=\/wp\/v2\/types\/product"}],"replies":[{"embeddable":true,"href":"https:\/\/vitamin.coredesign.hu\/index.php?rest_route=%2Fwp%2Fv2%2Fcomments&post=5179"}],"wp:featuredmedia":[{"embeddable":true,"href":"https:\/\/vitamin.coredesign.hu\/index.php?rest_route=\/wp\/v2\/media\/5180"}],"wp:attachment":[{"href":"https:\/\/vitamin.coredesign.hu\/index.php?rest_route=%2Fwp%2Fv2%2Fmedia&parent=5179"}],"wp:term":[{"taxonomy":"product_cat","embeddable":true,"href":"https:\/\/vitamin.coredesign.hu\/index.php?rest_route=%2Fwp%2Fv2%2Fproduct_cat&post=5179"},{"taxonomy":"product_tag","embeddable":true,"href":"https:\/\/vitamin.coredesign.hu\/index.php?rest_route=%2Fwp%2Fv2%2Fproduct_tag&post=5179"}],"curies":[{"name":"wp","href":"https:\/\/api.w.org\/{rel}","templated":true}]}}