{"id":5177,"date":"2025-10-12T12:22:38","date_gmt":"2025-10-12T10:22:38","guid":{"rendered":"https:\/\/vitamin.coredesign.hu\/?product=collango-erytvia"},"modified":"2026-01-08T23:22:43","modified_gmt":"2026-01-08T22:22:43","slug":"collango-erytvia","status":"publish","type":"product","link":"https:\/\/vitamin.coredesign.hu\/?product=collango-erytvia","title":{"rendered":"Collango Erytvia"},"content":{"rendered":"<p>&nbsp;<\/p>\n<div id=\"lt-accessibility-devtools\" aria-hidden=\"true\"><\/div>\n<p>Erytvia- term\u00e9szets n\u00f6v\u00e9nyi alap\u00fa \u00e9des\u00edt\u0151szer, 4X \u00e9desebb (erytrit \u00e9s sztevia kever\u00e9ke)<\/p>\n<p><strong>Csomagol\u00e1s:nett\u00f3 500g\u00a0PET\/METPET\/PE visszaz\u00e1rhat\u00f3 tasak.<\/strong><\/p>\n<p><strong>A n\u00e9v k\u00f6telez, megszokhatt\u00e1tok, hogy a Collango egyet jelent:<\/strong><\/p>\n<ul>\n<li>a min\u0151s\u00e9gi alapanyaggal<\/li>\n<li>egyszer\u0171 adagol\u00e1ssal<\/li>\n<\/ul>\n<p><strong>Collango Erytvia jellemz\u0151i \u00e9s el\u0151nyei:<\/strong><\/p>\n<ul>\n<li>Glik\u00e9mi\u00e1s index: 0<\/li>\n<li>Kal\u00f3riatartalom: 0<\/li>\n<li>Gazdas\u00e1gos kiszerel\u00e9s<\/li>\n<\/ul>\n<p>Az eritrit gyakorlatilag kal\u00f3riamentes, term\u00e9szetes \u00e9s fogbar\u00e1t cukorhelyettes\u00edt\u0151.\u00a0Az \u00e9dess\u00e9ge k\u00f6r\u00fclbel\u00fcl 70% -a a xilithezt vagy a krist\u00e1lycukorhoz k\u00e9pest. Az erytritollal kevert sztevia mell\u00e9k\u00edz mentes \u00e9des\u00edt\u0151szer. 100%-ban term\u00e9szetes.<\/p>\n<p>Az Erytvia n\u00e9gyszer \u00e9desebb, mint a krist\u00e1lycukor, teh\u00e1t csak negyed annyit kell haszn\u00e1lni bel\u0151le, mint a r\u00e9pacukorb\u00f3l vagy a xylitolb\u00f3l. A term\u00e9kben gyakorlatilag nincs felsz\u00edv\u00f3d\u00f3 sz\u00e9nhidr\u00e1t, glik\u00e9mi\u00e1s indexe \u00e9s kal\u00f3ria tartalma is nulla.<\/p>\n<p>Alkalmas cukor teljes helyettes\u00edt\u00e9s\u00e9re, \u00e9telekhez \u00e9s italokhoz, lekv\u00e1rok k\u00e9sz\u00edt\u00e9s\u00e9hez.<\/p>\n<p><strong>\u00d6sszetev\u0151k:<\/strong>\u00a0erytritol, sztevia \u00e9des\u00edt\u0151szer (steviol glikozid).<\/p>\n<p><strong>T\u00e1p\u00e9rt\u00e9kt\u00e1bl\u00e1zat (100g-ban):<\/strong><br \/>\nEnergia: 0kJ\/0kcal<br \/>\nZs\u00edr: 0g<br \/>\nSz\u00e9nhidr\u00e1t: 100g<br \/>\nEbb\u0151l:<br \/>\n-cukor: 0g<br \/>\n-felsz\u00edv\u00f3d\u00f3sz\u00e9nhidr\u00e1t: 0g<br \/>\nFeh\u00e9rje: 0g<br \/>\nN\u00e1trium: 0g<\/p>\n<p><strong>T\u00e1rol\u00e1sa:<\/strong>\u00a0sz\u00e1raz, h\u0171v\u00f6s helyen.<\/p>\n<p><strong>Collango Erytvia jellemz\u0151i \u00e9s el\u0151nyei:<\/strong><\/p>\n<ul>\n<li>Glik\u00e9mi\u00e1s index: 0<\/li>\n<li>Sz\u00e9nhidr\u00e1t: 0<\/li>\n<li>Gazdas\u00e1gos kiszerel\u00e9s<\/li>\n<li>Di\u00e9t\u00e1z\u00f3k, cukorbetegek is fogyaszuthatj\u00e1k<\/li>\n<\/ul>\n<p><strong>Felhaszn\u00e1l\u00e1si javaslat: \u00e9telek, italok, lekv\u00e1rok, sz\u00f3szok k\u00e9sz\u00edt\u00e9s\u00e9hez a krist\u00e1lycukor teljes kiv\u00e1lt\u00e1s\u00e1ra alkalmas.<\/strong><\/p>\n","protected":false},"excerpt":{"rendered":"<p>Erytvia- term\u00e9szets n\u00f6v\u00e9nyi alap\u00fa \u00e9des\u00edt\u0151szer, 4X \u00e9desebb (erytrit \u00e9s sztevia kever\u00e9ke)<\/p>\n","protected":false},"featured_media":5178,"comment_status":"closed","ping_status":"open","template":"","meta":[],"product_cat":[74],"product_tag":[],"class_list":{"0":"post-5177","1":"product","2":"type-product","3":"status-publish","4":"has-post-thumbnail","6":"product_brand-collango","7":"product_cat-elelmiszer","9":"first","10":"instock","11":"purchasable","12":"product-type-simple"},"_links":{"self":[{"href":"https:\/\/vitamin.coredesign.hu\/index.php?rest_route=\/wp\/v2\/product\/5177","targetHints":{"allow":["GET"]}}],"collection":[{"href":"https:\/\/vitamin.coredesign.hu\/index.php?rest_route=\/wp\/v2\/product"}],"about":[{"href":"https:\/\/vitamin.coredesign.hu\/index.php?rest_route=\/wp\/v2\/types\/product"}],"replies":[{"embeddable":true,"href":"https:\/\/vitamin.coredesign.hu\/index.php?rest_route=%2Fwp%2Fv2%2Fcomments&post=5177"}],"wp:featuredmedia":[{"embeddable":true,"href":"https:\/\/vitamin.coredesign.hu\/index.php?rest_route=\/wp\/v2\/media\/5178"}],"wp:attachment":[{"href":"https:\/\/vitamin.coredesign.hu\/index.php?rest_route=%2Fwp%2Fv2%2Fmedia&parent=5177"}],"wp:term":[{"taxonomy":"product_cat","embeddable":true,"href":"https:\/\/vitamin.coredesign.hu\/index.php?rest_route=%2Fwp%2Fv2%2Fproduct_cat&post=5177"},{"taxonomy":"product_tag","embeddable":true,"href":"https:\/\/vitamin.coredesign.hu\/index.php?rest_route=%2Fwp%2Fv2%2Fproduct_tag&post=5177"}],"curies":[{"name":"wp","href":"https:\/\/api.w.org\/{rel}","templated":true}]}}