{"id":5175,"date":"2025-10-12T12:22:38","date_gmt":"2025-10-12T10:22:38","guid":{"rendered":"https:\/\/vitamin.coredesign.hu\/?product=collango-vegan-protein-5"},"modified":"2026-01-08T23:22:42","modified_gmt":"2026-01-08T22:22:42","slug":"collango-vegan-protein-5","status":"publish","type":"product","link":"https:\/\/vitamin.coredesign.hu\/?product=collango-vegan-protein-5","title":{"rendered":"Collango Vegan Protein"},"content":{"rendered":"<p>&nbsp;<\/p>\n<div id=\"lt-accessibility-devtools\" aria-hidden=\"true\"><\/div>\n<p>A\u00a0<strong>Collango Vegan Portein<\/strong>\u00a0nem kevert n\u00f6v\u00e9nyi feh\u00e9rje k\u00e9sz\u00edtm\u00e9ny, kiz\u00e1r\u00f3lag kiv\u00e1l\u00f3 min\u0151s\u00e9g\u0171 bors\u00f3 feh\u00e9rje izol\u00e1tum felhaszn\u00e1l\u00e1s\u00e1val k\u00e9sz\u00fcl. A n\u00f6v\u00e9nyi feh\u00e9rj\u00e9k k\u00f6z\u00fcl a bors\u00f3 feh\u00e9rje rendelkezik a legjobb biol\u00f3giai hasznosul\u00e1si \u00e9rt\u00e9kkel. (BV96) Szerint\u00fcnk ez a legjobb n\u00f6v\u00e9nyi feh\u00e9rje forr\u00e1s! Csak divatb\u00f3l nem tesz\u00fcnk bele minim\u00e1lis mennyis\u00e9gben m\u00e1s feh\u00e9rje forr\u00e1st, mert n\u00e1lunk els\u0151dleges szempont a szervezetben val\u00f3 hasznosul\u00e1s.<\/p>\n<p><strong>A n\u00e9v k\u00f6telez, megszokhatt\u00e1tok, hogy a Collango egyet jelent:<\/strong><\/p>\n<ul>\n<li>a min\u0151s\u00e9gi alapanyaggal<\/li>\n<li>a magas hat\u00f3anyag tartalommal<\/li>\n<li>ismert \u00e9s elismert alapanyag gy\u00e1rt\u00f3kkal<\/li>\n<li>egyszer\u0171 adagol\u00e1ssal<\/li>\n<li>kiv\u00e1l\u00f3 \u00e1r- \u00e9rt\u00e9k ar\u00e1nnyal\n<div class=\"wpb_column vc_column_container vc_col-sm-6 sc_layouts_column_icons_position_left\">\n<div class=\"vc_column-inner\">\n<div class=\"wpb_wrapper\">\n<div class=\"wpb_text_column wpb_content_element vc_custom_1669787900730\">\n<div class=\"wpb_wrapper\"><\/div>\n<\/div>\n<\/div>\n<\/div>\n<\/div>\n<div class=\"wpb_column vc_column_container vc_col-sm-6 sc_layouts_column_icons_position_left\">\n<div class=\"vc_column-inner\">\n<div class=\"wpb_wrapper\">\n<div class=\"wpb_text_column wpb_content_element vc_custom_1669787913947\">\n<div class=\"wpb_wrapper\"><\/div>\n<\/div>\n<\/div>\n<\/div>\n<\/div>\n<\/li>\n<\/ul>\n<p>A\u00a0<strong>Collango Vegan Portein<\/strong>\u00a0nem kevert n\u00f6v\u00e9nyi feh\u00e9rje k\u00e9sz\u00edtm\u00e9ny, kiz\u00e1r\u00f3lag kiv\u00e1l\u00f3 min\u0151s\u00e9g\u0171 bors\u00f3 feh\u00e9rje izol\u00e1tum felhaszn\u00e1l\u00e1s\u00e1val k\u00e9sz\u00fcl. A n\u00f6v\u00e9nyi feh\u00e9rj\u00e9k k\u00f6z\u00fcl a bors\u00f3 feh\u00e9rje rendelkezik a legjobb biol\u00f3giai hasznosul\u00e1si \u00e9rt\u00e9kkel. (BV96) Szerint\u00fcnk ez a legjobb n\u00f6v\u00e9nyi feh\u00e9rje forr\u00e1s! Csak divatb\u00f3l nem tesz\u00fcnk bele minim\u00e1lis mennyis\u00e9gben m\u00e1s feh\u00e9rje forr\u00e1st, mert n\u00e1lunk els\u0151dleges szempont a szervezetben val\u00f3 hasznosul\u00e1s.<\/p>\n<p>A\u00a0bors\u00f3 feh\u00e9rje\u00a0kiv\u00e1l\u00f3 feh\u00e9rje forr\u00e1s, esszenci\u00e1lis aminosavakban gazdag, kiv\u00e1l\u00f3 aminosav \u00f6sszet\u00e9tellel (AAS=0,96) rendelkezik. Ez azt jelenti, hogy az esszenci\u00e1lis aminosavakb\u00f3l aj\u00e1nlott napi beviteli \u00e9rt\u00e9k 96%-\u00e1t tartalmazza. (Protein and Amino acid requirements in human nutrition, Report of the Joint FAO\/WHO\/UNU Expert Consultation. WHO Technical Report Series 935, 2007).<\/p>\n<p>DE! Mi raktunk bele L-metionin aminosavat, \u00edgy m\u00e1r az AAS \u00e9rt\u00e9ke 100% (!!!!) lett. Teh\u00e1t az esszenci\u00e1lis aminosavakb\u00f3l aj\u00e1nlott bevitel 100%-\u00e1t tartalmazza.<\/p>\n<p>A\u00a0bors\u00f3 feh\u00e9rje\u00a0tov\u00e1bbi k\u00fcl\u00f6nlegess\u00e9ge, hogy egy szemi-esszenci\u00e1lis aminosavat is nagy mennyis\u00e9gben tartalmaz, ez az\u00a0arginin. Ezt az anyagot az emberi szervezet is termeli, azonban a stressz \u00e9s maga a testedz\u00e9s is cs\u00f6kkenti a k\u00e9pz\u0151d\u00e9s\u00e9t, ez\u00e9rt fontos a k\u00fcls\u0151 bevitel. Az arginin n\u00f6veli a kreatin foszf\u00e1t-, inzulin- \u00e9s n\u00f6veked\u00e9shormon termel\u00e9st, aminek eredm\u00e9nyek\u00e9ppen kedvez a sov\u00e1ny izomt\u00f6meg n\u00f6veked\u00e9s\u00e9nek \u00e9s a zs\u00edr\u00e9get\u00e9snek, jav\u00edtja a koncentr\u00e1ci\u00f3s k\u00e9pess\u00e9get. Pozit\u00edv \u00e9lettani hat\u00e1sa tov\u00e1bb\u00e1, hogy a nitrog\u00e9n-oxid prekurzora, \u00edgy n\u00f6velheti a sz\u00edvbe sz\u00e1ll\u00edtott oxig\u00e9n mennyis\u00e9g\u00e9t.<\/p>\n<p>A bors\u00f3 feh\u00e9rje arginin tartalma 8,7g\/100g, bizony\u00edtottan magasabb a sz\u00f3ja \u00e9s a\u00a0kazein arginin tartalm\u00e1n\u00e1l. Feh\u00e9rje tartalma 90% (az alapanyagra vonatkozik), m\u00edg em\u00e9szthet\u0151s\u00e9ge 98%-os (Pr Tom\u00e9 (INRA Paris), 2002).<\/p>\n<p>A magas feh\u00e9rje \u00e9s arginin tartalomb\u00f3l kifoly\u00f3lag \u00e9s a j\u00f3 em\u00e9szthet\u0151s\u00e9g miatt a bors\u00f3 feh\u00e9rje t\u00f6k\u00e9letes komplex alkot\u00f3eleme lehet a t\u00e1pl\u00e1l\u00e9k kieg\u00e9sz\u00edt\u0151knek. Megfelel mind a hazai, mind a nemzetk\u00f6zi elv\u00e1r\u00e1soknak, mivel term\u00e9szetes eredet\u0171, non-GMO, zs\u00edr- \u00e9s koleszterin mentes. Az eg\u00e9szs\u00e9ges t\u00e1pl\u00e1l\u00e9kbevitel a fogy\u00f3k\u00fara sor\u00e1n az egyik legt\u00f6bb probl\u00e9m\u00e1t felvet\u0151 eg\u00e9szs\u00e9g\u00fcgyi t\u00e9ma. A bors\u00f3 feh\u00e9rje bizony\u00edtottan cs\u00f6kkenti az \u00e9hs\u00e9g\u00e9rzetet \u00e9s j\u00f3llakotts\u00e1g \u00e9rzetet biztos\u00edt, ami egy fontos kieg\u00e9sz\u00edt\u0151 hat\u00e1sa lehet az \u00e9trend-kieg\u00e9sz\u00edt\u0151 term\u00e9knek. (Collaborative Project Cosucra Groupe Warcoing &amp; Leatherhead Food International; The Perceived and Physiological Effects of Dietary Proteins and Peptides on Satiety; May 2008).<\/p>\n<p>&nbsp;<\/p>\n<p><strong>\u00d6sszet\u00e9tel:<\/strong><\/p>\n<p><strong>Van\u00edlia \u00edz:<\/strong>\u00a0bors\u00f3 feh\u00e9rje izol\u00e1tum, L-metionin, aroma, \u00e9des\u00edt\u0151szer: stevia (szteviol glikozidokat tartalmaz), cianokobalamin.<\/p>\n<p><strong>Nat\u00far \u00edz:<\/strong>\u00a0bors\u00f3 feh\u00e9rje izol\u00e1tum, L-metionin, cianokobalamin.<\/p>\n<p><strong>Csokol\u00e1d\u00e9 \u00edz:<\/strong>\u00a0bors\u00f3 feh\u00e9rje izol\u00e1tum, zs\u00edrszeg\u00e9ny kaka\u00f3por (10-12%), L-metionin, aroma, \u00e9des\u00edt\u0151szer: stevia (szteviol glikozidokat tartalmaz) \u00e9s szukral\u00f3z, cianokobalamin.<\/p>\n<p><strong>M\u00e1lna \u00edz:<\/strong>\u00a0bors\u00f3 feh\u00e9rje izol\u00e1tum, fagyasztva sz\u00e1r\u00edtott m\u00e1lna darabok (5%), L-metionin, aroma, \u00e9des\u00edt\u0151szer: stevia (szteviol glikozidokat tartalmaz) \u00e9s szukral\u00f3z, cianokobalamin, sz\u00ednez\u00e9k: c\u00e9klav\u00f6r\u00f6s.<\/p>\n<p><strong>Fogyaszt\u00e1si javaslat:<\/strong>\u00a0Keverjen \u00f6ssze naponta 1 adag (25 g, 3\/4 adagol\u00f3kan\u00e1l) port 200 ml v\u00edzzel vagy b\u00e1rmilyen n\u00f6v\u00e9nyi itallal.<\/p>\n<p><strong>Allerg\u00e9n inform\u00e1ci\u00f3: a term\u00e9k allerg\u00e9n mentes! DE! Tej, toj\u00e1s, glut\u00e9n, sz\u00f3ja, f\u00f6ldimogyor\u00f3, di\u00f3f\u00e9l\u00e9k, zeller \u00f6sszetev\u0151ket feldolgoz\u00f3 \u00fczemben k\u00e9sz\u00fclt!<\/strong><\/p>\n<p><strong>Figyelmeztet\u00e9s:<\/strong>\u00a0Az \u00e9trend-kieg\u00e9sz\u00edt\u0151k nem helyettes\u00edtik a vegyes \u00e9trendet \u00e9s az eg\u00e9szs\u00e9ges \u00e9letm\u00f3dot! Kisgyermekek el\u0151l elz\u00e1rva tartand\u00f3! Az aj\u00e1nlott napi fogyaszt\u00e1si mennyis\u00e9get ne l\u00e9pje t\u00fal!<\/p>\n<div class=\"wpb_column vc_column_container vc_col-sm-6 sc_layouts_column_icons_position_left\">\n<div class=\"vc_column-inner\">\n<div class=\"wpb_wrapper\">\n<div class=\"wpb_text_column wpb_content_element vc_custom_1669787900730\">\n<div class=\"wpb_wrapper\">\n<p><strong>Collango\u00a0Vegan Protein\u00a0jellemz\u0151i:<\/strong><\/p>\n<ul>\n<li>1 adag: 25g<\/li>\n<\/ul>\n<ul>\n<li>24 adag\/kiszerel\u00e9s<\/li>\n<li>4 szuper \u00edzben kaphat\u00f3<\/li>\n<\/ul>\n<ul>\n<li>Sz\u00f3ja mentes<\/li>\n<li>Tejmentes<\/li>\n<li>Toj\u00e1smentes<\/li>\n<li>GMO mentes<\/li>\n<li>Hozz\u00e1adott cukrot nem tartalmaz,<\/li>\n<li>Hozz\u00e1adott mesters\u00e9ges \u00e9des\u00edt\u0151t nem tartalmaz<\/li>\n<li>Sztevi\u00e1val \u00e9des\u00edtve<\/li>\n<li>Adal\u00e9kanyagokat nem tartalmaz<\/li>\n<li>Hozz\u00e1adott B12 vitamint tartalmaz<\/li>\n<li>Hozz\u00e1adott L-metionin aminosavat tartalmaz<\/li>\n<\/ul>\n<\/div>\n<\/div>\n<\/div>\n<\/div>\n<\/div>\n<div class=\"wpb_column vc_column_container vc_col-sm-6 sc_layouts_column_icons_position_left\">\n<div class=\"vc_column-inner\">\n<div class=\"wpb_wrapper\">\n<div class=\"wpb_text_column wpb_content_element vc_custom_1669787913947\">\n<div class=\"wpb_wrapper\">\n<p><strong>Collango Vegan Protein\u00a0el\u0151nyei:<\/strong><\/p>\n<ul>\n<li>Magas hat\u00f3anyag tartalom<\/li>\n<li>Gazdas\u00e1gos kiszerel\u00e9s<\/li>\n<li>K\u00f6nnyen adagolhat\u00f3<\/li>\n<li>100%-\u00e1t tartalmazza az aj\u00e1nlott eszenci\u00e1lis aminosavaknak<\/li>\n<\/ul>\n<p><strong>Fogyaszt\u00e1si javaslat<\/strong><\/p>\n<p>Keverjen \u00f6ssze naponta 1 adag (25 g, 3\/4 adagol\u00f3kan\u00e1l) port 200 ml v\u00edzzel vagy b\u00e1rmilyen n\u00f6v\u00e9nyi itallal.<\/p>\n<\/div>\n<\/div>\n<\/div>\n<\/div>\n<\/div>\n","protected":false},"excerpt":{"rendered":"<p>A\u00a0<strong>Collango Vegan Portein<\/strong>\u00a0nem kevert n\u00f6v\u00e9nyi feh\u00e9rje k\u00e9sz\u00edtm\u00e9ny, kiz\u00e1r\u00f3lag kiv\u00e1l\u00f3 min\u0151s\u00e9g\u0171 bors\u00f3 feh\u00e9rje izol\u00e1tum felhaszn\u00e1l\u00e1s\u00e1val k\u00e9sz\u00fcl. A n\u00f6v\u00e9nyi feh\u00e9rj\u00e9k k\u00f6z\u00fcl a bors\u00f3 feh\u00e9rje rendelkezik a legjobb biol\u00f3giai hasznosul\u00e1si \u00e9rt\u00e9kkel. (BV96) Szerint\u00fcnk ez a legjobb n\u00f6v\u00e9nyi feh\u00e9rje forr\u00e1s! Csak divatb\u00f3l nem tesz\u00fcnk bele minim\u00e1lis mennyis\u00e9gben m\u00e1s feh\u00e9rje forr\u00e1st, mert n\u00e1lunk els\u0151dleges szempont a szervezetben val\u00f3 hasznosul\u00e1s.<\/p>\n","protected":false},"featured_media":5176,"comment_status":"closed","ping_status":"open","template":"","meta":[],"product_cat":[70],"product_tag":[],"class_list":{"0":"post-5175","1":"product","2":"type-product","3":"status-publish","4":"has-post-thumbnail","6":"product_brand-collango","7":"product_cat-proteinek","9":"first","10":"instock","11":"purchasable","12":"product-type-simple"},"_links":{"self":[{"href":"https:\/\/vitamin.coredesign.hu\/index.php?rest_route=\/wp\/v2\/product\/5175","targetHints":{"allow":["GET"]}}],"collection":[{"href":"https:\/\/vitamin.coredesign.hu\/index.php?rest_route=\/wp\/v2\/product"}],"about":[{"href":"https:\/\/vitamin.coredesign.hu\/index.php?rest_route=\/wp\/v2\/types\/product"}],"replies":[{"embeddable":true,"href":"https:\/\/vitamin.coredesign.hu\/index.php?rest_route=%2Fwp%2Fv2%2Fcomments&post=5175"}],"wp:featuredmedia":[{"embeddable":true,"href":"https:\/\/vitamin.coredesign.hu\/index.php?rest_route=\/wp\/v2\/media\/5176"}],"wp:attachment":[{"href":"https:\/\/vitamin.coredesign.hu\/index.php?rest_route=%2Fwp%2Fv2%2Fmedia&parent=5175"}],"wp:term":[{"taxonomy":"product_cat","embeddable":true,"href":"https:\/\/vitamin.coredesign.hu\/index.php?rest_route=%2Fwp%2Fv2%2Fproduct_cat&post=5175"},{"taxonomy":"product_tag","embeddable":true,"href":"https:\/\/vitamin.coredesign.hu\/index.php?rest_route=%2Fwp%2Fv2%2Fproduct_tag&post=5175"}],"curies":[{"name":"wp","href":"https:\/\/api.w.org\/{rel}","templated":true}]}}