{"id":5165,"date":"2025-10-12T12:22:38","date_gmt":"2025-10-12T10:22:38","guid":{"rendered":"https:\/\/vitamin.coredesign.hu\/?product=collango-collagen-pour-homme-3"},"modified":"2026-01-08T23:22:38","modified_gmt":"2026-01-08T22:22:38","slug":"collango-collagen-pour-homme-3","status":"publish","type":"product","link":"https:\/\/vitamin.coredesign.hu\/?product=collango-collagen-pour-homme-3","title":{"rendered":"Collango Collagen POUR HOMME"},"content":{"rendered":"<p>&nbsp;<\/p>\n<div id=\"lt-accessibility-devtools\" aria-hidden=\"true\"><\/div>\n<p>A\u00a0<strong>Collango Collagen Pour Homme<\/strong>\u00a0egy olyan \u00edz\u00fcletv\u00e9d\u0151 \u00e9s regener\u00e1l\u00f3 k\u00e9sz\u00edtm\u00e9ny, melyet kem\u00e9nyen sportol\u00f3knak \u00e9s kr\u00f3nikus \u00edz\u00fcleti b\u00e1ntalmakban szenved\u0151knek alkottunk meg.\u00a0<strong>Nem csak f\u00e9rfiaknak!<\/strong><\/p>\n<p>A n\u00e9v k\u00f6telez, megszokhatt\u00e1tok, hogy a Collango egyet jelent:<\/p>\n<ul>\n<li>a min\u0151s\u00e9gi alapanyagokkal<\/li>\n<li>a k\u00f6nny\u0171 \u00e9s gyors old\u00f3d\u00e1ssal<\/li>\n<li>kellemes illattal \u00e9s \u00edzzel<\/li>\n<li>a k\u00f6nnyen adagolhat\u00f3s\u00e1ggal, a csomagol\u00e1sban tal\u00e1lhat\u00f3 adagol\u00f3kan\u00e1lnak k\u00f6sz\u00f6nhet\u0151en<\/li>\n<li>el\u00e9rhet\u0151 kutat\u00e1si adatokkal a konkr\u00e9t alapanyagra vonatkoz\u00f3an, nem pedig \u00e1ltal\u00e1noss\u00e1gban a kollag\u00e9nre \u00e9s egy\u00e9b \u00f6sszetev\u0151kre.<\/li>\n<\/ul>\n<div class=\"wpb_column vc_column_container vc_col-sm-6 sc_layouts_column_icons_position_left\">\n<div class=\"vc_column-inner\">\n<div class=\"wpb_wrapper\">\n<div class=\"wpb_text_column wpb_content_element \">\n<div class=\"wpb_wrapper\">\n<p><strong>Collango Collagen Pour Homme jellemz\u0151i 1 adagban:<\/strong><\/p>\n<ul>\n<li>5000mg I-es t\u00edpus\u00fa, 100% hidroliz\u00e1lt marha kollag\u00e9n<\/li>\n<li>2000mg MSM<\/li>\n<li>1500mg Gl\u00fckozamin szulf\u00e1t (veg\u00e1n)<\/li>\n<li>1000mg C-vitamin, L-aszkorbinsav form\u00e1j\u00e1ban<\/li>\n<li>400mg kondroitin szulf\u00e1t<\/li>\n<li>300mg Peptan IIm hidroliz\u00e1lt 2-es t\u00edpus\u00fa marha kollag\u00e9n<\/li>\n<li>40mg b-2cool nat\u00edv 2-es t\u00edpus\u00fa csirke kollag\u00e9n m\u00e1trix<\/li>\n<li>K\u00e9t remek \u00edzben (meggy \u00e9s k\u00e9km\u00e1lna)<\/li>\n<li>K\u00f6nnyen old\u00f3dik<\/li>\n<li>348g\/tasak- 30 adag<\/li>\n<\/ul>\n<\/div>\n<\/div>\n<\/div>\n<\/div>\n<\/div>\n<div class=\"wpb_column vc_column_container vc_col-sm-6 sc_layouts_column_icons_position_left\">\n<div class=\"vc_column-inner\">\n<div class=\"wpb_wrapper\">\n<div class=\"wpb_text_column wpb_content_element \">\n<div class=\"wpb_wrapper\">\n<p><strong>Collango Collagen Pour Homme el\u0151nyei:<\/strong><\/p>\n<ul>\n<li>K\u00f6nnyen \u00e9s gyorsan old\u00f3dik, csup\u00e1n hideg v\u00edzben is v\u00edztiszt\u00e1n<\/li>\n<li>K\u00e9t kit\u0171n\u0151 \u00edzben, ha a savanyk\u00e1sabb \u00edzvil\u00e1got kedveled vagy az \u00e9desebbet, akkor is megtal\u00e1lod kedvencedet<\/li>\n<li>Ellen\u00e1ll a h\u0151m\u00e9rs\u00e9klet ingadoz\u00e1soknak<\/li>\n<li>El\u00e9rhet\u0151 kutat\u00e1si eredm\u00e9nyek az alapanyagk\u00e9nt felhaszn\u00e1lt Peptan IIm-re \u00e9s a B2Cool-ra<\/li>\n<li>Csak \u00e9s kiz\u00e1r\u00f3lag marha \u00e9s csirk\u00e9b\u0151l sz\u00e1rmaz\u00f3 \u00f6sszetev\u0151ket tartalmaz (nincs allergi\u00e1s reakci\u00f3 a meszes h\u00e9j\u00faakra \u00e9s vall\u00e1si szempontokb\u00f3l is megfelel\u0151)<\/li>\n<li>Mindig frissen k\u00e9sz\u00edthet\u0151<\/li>\n<li>K\u00f6nnyen adagolhat\u00f3 a csomagol\u00e1sban tal\u00e1lhat\u00f3 adagol\u00f3kan\u00e1lnak k\u00f6sz\u00f6nhet\u0151en<\/li>\n<\/ul>\n<p><strong>\u00d6sszetev\u0151k:<\/strong>\u00a0I-es t\u00edpus\u00fa hidroliz\u00e1lt kollag\u00e9n (marha), metil-szulfonil-met\u00e1n (MSM), D-Gl\u00fck\u00f3zamin HCl (Veg\u00e1n), L-aszkorbinsav (C-vitamin), Kondroitin szulf\u00e1t Na, Hidroliz\u00e1lt Peptan\u00ae II-es t\u00edpus\u00fa kollag\u00e9n, almasav, aroma, \u00e9des\u00edt\u0151szer: szukral\u00f3z \u00e9s stevia (steviol glikozidokat tartalmaz), Natrium klorid, nat\u00edv II-es t\u00edpus\u00fa csirke kollag\u00e9n M\u00e1trix, sz\u00ednez\u00e9k: Brillantk\u00e9k FCF (k\u00e9km\u00e1lna \u00edzn\u00e9l) vagy c\u00e9klav\u00f6r\u00f6s (meggy \u00edzn\u00e9l)<\/p>\n<p><strong>MSM:<\/strong>\u00a0A metil-szulfonil-met\u00e1n egy olyan anyag, amelyet z\u00f6ld n\u00f6v\u00e9nyekben, \u00e1llatokban \u00e9s emberekben is megtal\u00e1lhatunk. Az MSM-et n\u00e9pszer\u0171s\u00edt\u0151 irodalmakkal ellent\u00e9tben nincs MSM-re vagy k\u00e9nre vonatkoz\u00f3 aj\u00e1nlott \u00e9trend-t\u00e1mogat\u00e1s (RDA), amely az MSM-ben tal\u00e1lhat\u00f3. A k\u00e9nhi\u00e1nyt az orvosi szakirodalomban nem \u00edrt\u00e1k le.<\/p>\n<p>A sz\u00e1jon \u00e1t szedhet\u0151 MSM-et az allergi\u00e1k, kr\u00f3nikus sz\u00e9kreked\u00e9s, fek\u00e9lyek, diverticulosisnak nevezett b\u00e9lbetegs\u00e9g, premenstru\u00e1lis szindr\u00f3ma (PMS), hangulat-emelked\u00e9s, elh\u00edz\u00e1s, rossz v\u00e9rkering\u00e9s, magas v\u00e9rnyom\u00e1s \u00e9s magas koleszterinszint miatt alkalmazz\u00e1k. Sz\u00e1jon \u00e1t alkalmazz\u00e1k m\u00e9g a 2-es t\u00edpus\u00fa cukorbetegs\u00e9g, m\u00e1jprobl\u00e9m\u00e1k, Alzheimer-k\u00f3r, a horkol\u00e1s, t\u00fcd\u0151betegs\u00e9gek, ide\u00e9rtve az emfizema \u00e9s t\u00fcd\u0151gyullad\u00e1s, kr\u00f3nikus f\u00e1radts\u00e1g-szindr\u00f3ma, autoimmun rendelleness\u00e9gek (sziszt\u00e9m\u00e1s lupus erythematous), HIV-fert\u0151z\u00e9s \u00e9s AIDS, valamint a r\u00e1k (mellr\u00e1k) kezel\u00e9s\u00e9re is.<\/p>\n<p>Valamint alkalmazz\u00e1k m\u00e9g szemgyullad\u00e1s, ny\u00e1lkah\u00e1rtya-gyullad\u00e1s, temporomandibularis \u00edz\u00fcleti (TMJ) probl\u00e9m\u00e1k, l\u00e1bg\u00f6rcs\u00f6k, migr\u00e9n, fejf\u00e1j\u00e1s, m\u00e1snaposs\u00e1g, b\u00e9l parazitafert\u0151z\u00e9sei \u00e9s urogenit\u00e1lis traktusok eset\u00e9n, bele\u00e9rtve Trichomonas vaginalis \u00e9s Giardia, \u00e9leszt\u0151fert\u0151z\u00e9s, rovarcs\u00edp\u00e9sek, sug\u00e1rterhel\u00e9s \u00e9s az immunrendszer er\u0151s\u00edt\u00e9s\u00e9re.<\/p>\n<p>Osteoarthritis: A kutat\u00e1sok azt mutatj\u00e1k, hogy az MSM sz\u00e1jon \u00e1t t\u00f6rt\u00e9n\u0151 bev\u00e9tele k\u00e9t-h\u00e1rom r\u00e9szletben naponta, ak\u00e1r \u00f6nmag\u00e1ban, ak\u00e1r a gl\u00fck\u00f3zaminnal egy\u00fctt, enyh\u00e9n cs\u00f6kkentheti a f\u00e1jdalmat \u00e9s a duzzanatot \u00e9s jav\u00edthatja az osteoarthritises betegek t\u00fcneteit. N\u00e9h\u00e1ny kutat\u00e1s az MSM m\u00e1s \u00f6sszetev\u0151kkel t\u00f6rt\u00e9n\u0151 bev\u00e9tel\u00e9t vizsg\u00e1lta. Ha MSM-k\u00e9sz\u00edtm\u00e9nyt (Lignisul, Laborest Italia SpA) \u00e9s boswellicsavat (Triterpenol, Laborest Italia SpA) egy\u00fctt napi 60 napig vesznek, cs\u00f6kkentheti a gyullad\u00e1scs\u00f6kkent\u0151 gy\u00f3gyszerek sz\u00fcks\u00e9gess\u00e9g\u00e9t, de nem cs\u00f6kkenti a f\u00e1jdalmat. Az MSM, gl\u00fckozamin, \u00e9s a kondroitin 12 h\u00e9tig t\u00f6rt\u00e9n\u0151 szed\u00e9s\u00e9vel cs\u00f6kkentheti az osteoarthritises betegek f\u00e1jdalm\u00e1t is.<\/p>\n<p><strong>\u00a0<\/strong><\/p>\n<p><strong>Gl\u00fck\u00f3zamin szulf\u00e1t:\u00a0<\/strong>A gl\u00fck\u00f3zamin- szulf\u00e1t az emberi testben term\u00e9szetesen el\u0151fordul\u00f3 anyag. Az \u00edz\u00fcletek k\u00f6r\u00fcli folyad\u00e9kban tal\u00e1lhat\u00f3. A gl\u00fck\u00f3zamin a term\u00e9szet m\u00e1s ter\u00fcletein is l\u00e9tezik. Az \u00e9trend-kieg\u00e9sz\u00edt\u0151kben alkalmazott gl\u00fck\u00f3zamin-szulf\u00e1tot p\u00e9ld\u00e1ul a kagyl\u00f3h\u00e9jb\u00f3l nyerik, de a mi term\u00e9k\u00fcnkben tal\u00e1lhat\u00f3 gl\u00fck\u00f3zamin n\u00f6v\u00e9nyi sz\u00e1rmaz\u00e1s\u00fa, ferment\u00e1ci\u00f3val \u00e1ll\u00edtj\u00e1k el\u0151, teh\u00e1t aki a meszesh\u00e9j\u00faakra allergi\u00e1s, b\u00e1tran fogyaszthatja.<\/p>\n<p>A gl\u00fck\u00f3zamint tartalmaz\u00f3 \u00e9trend-kieg\u00e9sz\u00edt\u0151k gyakran tartalmaznak tov\u00e1bbi \u00f6sszetev\u0151ket. Ezek a kieg\u00e9sz\u00edt\u0151 \u00f6sszetev\u0151k kondroitin-szulf\u00e1t, metil-szulfonil-met\u00e1n (MSM) vagy c\u00e1pa porc. Egyesek szerint ezek a kombin\u00e1ci\u00f3k jobban m\u0171k\u00f6dnek, mint \u00f6nmag\u00e1ban a gl\u00fck\u00f3zamin-szulf\u00e1t bev\u00e9tele.<\/p>\n<p>A gl\u00fck\u00f3zamin-szulf\u00e1tot leggyakrabban osteoarthritis kezel\u00e9s\u00e9re haszn\u00e1lj\u00e1k. Sz\u00e1mos m\u00e1s k\u00f6r\u00fclm\u00e9nyhez is alkalmazz\u00e1k, de nincs megfelel\u0151 tudom\u00e1nyos bizony\u00edt\u00e9k ezen alkalmaz\u00e1sok al\u00e1t\u00e1maszt\u00e1s\u00e1ra.<\/p>\n<p>&nbsp;<\/p>\n<p>Hogyan m\u0171k\u00f6dik?<\/p>\n<p>A gl\u00fck\u00f3zamin-szulf\u00e1t az emberi testben tal\u00e1lhat\u00f3 anyag. Amit a test arra haszn\u00e1l, hogy k\u00fcl\u00f6nf\u00e9le egy\u00e9b anyagokat \u00e1ll\u00edtson el\u0151, amelyek r\u00e9szt vesznek az inak, \u00ednszalagok, porcok \u00e9s az \u00edz\u00fcleteket k\u00f6r\u00fclvev\u0151 folyad\u00e9k fel\u00e9p\u00edt\u00e9s\u00e9ben.<\/p>\n<p>Az osteoarthritises betegekben a porc lebomlik \u00e9s v\u00e9konny\u00e1 v\u00e1lik. Ez t\u00f6bb \u00edz\u00fcleti s\u00farl\u00f3d\u00e1st, f\u00e1jdalmat \u00e9s merevs\u00e9get eredm\u00e9nyez. A kutat\u00f3k szerint a gl\u00fck\u00f3zamin-kieg\u00e9sz\u00edt\u0151k szed\u00e9se vagy megn\u00f6veli a porcot \u00e9s a folyad\u00e9kot k\u00f6r\u00fclvev\u0151 \u00edz\u00fcleteket, vagy megg\u00e1tolja ezen anyagok lebont\u00e1s\u00e1t, vagy ak\u00e1r mindkett\u0151t.<\/p>\n<p>Egyes kutat\u00f3k szerint a gl\u00fck\u00f3zamin-szulf\u00e1t \u201cszulf\u00e1t\u201d r\u00e9sze szint\u00e9n fontos. A szulf\u00e1tra a testnek sz\u00fcks\u00e9ge van a porc el\u0151\u00e1ll\u00edt\u00e1s\u00e1hoz. Ez az egyik oka annak, hogy a kutat\u00f3k \u00fagy v\u00e9lik, hogy a gl\u00fckozamin-szulf\u00e1t jobban m\u0171k\u00f6dhet, mint a t\u00f6bbi gl\u00fck\u00f3zamin, p\u00e9ld\u00e1ul a gl\u00fckozamin-hidroklorid vagy az N-acetil-gl\u00fckozamin.<\/p>\n<p>Osteoarthritis: A legt\u00f6bb kutat\u00e1s azt mutatja, hogy a gl\u00fckozamin-szulf\u00e1t szed\u00e9se n\u00e9mileg enyh\u00edtheti a f\u00e1jdalmat az osteoarthritisben szenved\u0151 emberek sz\u00e1m\u00e1ra, k\u00fcl\u00f6n\u00f6sen azok, akik t\u00e9rd osteoarthritis-ben szenvednek. Azoknak az embereknek, akik gl\u00fck\u00f3zamin-szulf\u00e1tot szednek, tov\u00e1bbra is f\u00e1jdalomcsillap\u00edt\u00f3 gy\u00f3gyszereket kell szedni\u00fck a f\u00e1jdalom fell\u00e1ngol\u00e1sa \u00e9rdek\u00e9ben. A f\u00e1jdalom enyh\u00edt\u00e9se mellett a gl\u00fckozamin-szulf\u00e1t lass\u00edthatja az \u00edz\u00fcletek lebont\u00e1s\u00e1t \u00e9s megakad\u00e1lyozhatja az \u00e1llapot rosszabbod\u00e1s\u00e1t, ha azt t\u00f6bb \u00e9ven \u00e1t alkalmazz\u00e1k. Egyes kutat\u00e1sok azt mutatj\u00e1k, hogy azoknak az embereknek, akik gl\u00fck\u00f3zamin-szulf\u00e1tot szednek, kev\u00e9sb\u00e9 val\u00f3sz\u00edn\u0171, hogy teljes t\u00e9rdprot\u00e9zis m\u0171t\u00e9tre lenne sz\u00fcks\u00e9g\u00fck. K\u00fcl\u00f6nb\u00f6z\u0151 t\u00edpus\u00fa gl\u00fck\u00f3zamin term\u00e9kek l\u00e9teznek. A legt\u00f6bb kutat\u00e1s azt mutatja, hogy az el\u0151ny\u00f6k olyan term\u00e9kekre vonatkoznak, amelyek gl\u00fck\u00f3zamin-szulf\u00e1tot tartalmaznak.<\/p>\n<p><strong>Kondroitin szulf\u00e1t:\u00a0<\/strong>A kondroitin-szulf\u00e1t egy olyan anyag, amelyet \u00e1ltal\u00e1ban a test \u00edz\u00fcletei k\u00f6r\u00fcl a porc tartalmaz. A kondroitin-szulf\u00e1tot \u00e1ltal\u00e1ban \u00e1llati eredet\u0171 anyagokb\u00f3l, p\u00e9ld\u00e1ul c\u00e1pa- \u00e9s teh\u00e9n porcb\u00f3l \u00e1ll\u00edtj\u00e1k el\u0151. De m\u00e1r k\u00e9sz\u00fcl n\u00f6v\u00e9nyi ferment\u00e1ci\u00f3val is.<\/p>\n<p>A kondroitin-szulf\u00e1tot osteoarthritis \u00e9s sz\u00fcrkeh\u00e1lyog kezel\u00e9s\u00e9re haszn\u00e1lj\u00e1k. Gyakran m\u00e1s \u00f6sszetev\u0151kkel, p\u00e9ld\u00e1ul mang\u00e1n-aszkorb\u00e1ttal, hialuronsavval, kollag\u00e9n peptidekkel vagy gl\u00fck\u00f3zaminnal kombin\u00e1lva.<\/p>\n<p>Osteoarthritis eset\u00e9n az \u00edz\u00fcletek porca lebomlik. A porc egy r\u00e9sz\u00e9t k\u00e9pez\u0151 kondroitin-szulf\u00e1t lev\u00e9tele lass\u00edthatja ezt a lebont\u00e1st.<\/p>\n<p>Osteoarthritis: A klinikai kutat\u00e1sok azt mutatj\u00e1k, hogy a kondroitin-szulf\u00e1t sz\u00e1jon \u00e1t t\u00f6rt\u00e9n\u0151 bev\u00e9tele jav\u00edtja a f\u00e1jdalmat \u00e9s a funkci\u00f3t n\u00e9h\u00e1ny osteoarthritisben szenved\u0151 embern\u00e9l, ha azt 6 h\u00f3napig alkalmazz\u00e1k. M\u00e1s kutat\u00e1sok azt mutatj\u00e1k, hogy a kondroitin-szulf\u00e1t legfeljebb 2 \u00e9vig tart\u00f3 szed\u00e9se lelass\u00edthatja az osteoarthritis el\u0151rehalad\u00e1s\u00e1t. N\u00e9h\u00e1ny kutat\u00e1s ki\u00e9rt\u00e9kelte a kondroitin-szulf\u00e1t hat\u00e1s\u00e1t, ha sz\u00e1jon \u00e1t, gl\u00fck\u00f3zaminnal kombin\u00e1lva vett\u00e9k be. Egyes kutat\u00e1sok azt mutatj\u00e1k, hogy a chondroitin-szulf\u00e1tot \u00e9s gl\u00fck\u00f3zamint tartalmaz\u00f3 speci\u00e1lis term\u00e9kek szed\u00e9se hozz\u00e1j\u00e1rul az osteoarthritis t\u00fcneteinek cs\u00f6kkent\u00e9s\u00e9hez. A kutat\u00e1sok szerint a kondroitin-szulf\u00e1t \u00e9s a gl\u00fck\u00f3zamin hossz\u00fa t\u00e1v\u00fa szed\u00e9se \u00fagy t\u0171nik, hogy lass\u00edtja az osteoarthritis el\u0151rehalad\u00e1s\u00e1t, teh\u00e1t cs\u00f6kkentheti az osteoarthritis t\u00fcneteit.<\/p>\n<p>Nincs olyan kutat\u00e1s, amely igazoln\u00e1, hogy a kondroitin felsz\u00edv\u00f3dna a b\u0151r\u00f6n kereszt\u00fcl. A kondroitin-szulf\u00e1t \u00e9s gl\u00fck\u00f3zamin hossz\u00fa t\u00e1v\u00fa szed\u00e9se \u00fagy t\u0171nik, hogy lass\u00edtja az osteoarthritis el\u0151rehalad\u00e1s\u00e1t.<\/p>\n<p><strong>Peptan 2-es t\u00edpus\u00fa hidroliz\u00e1lt kollag\u00e9n Peptan IIm\u00ae:\u00a0<\/strong>a glikozaminoglik\u00e1nok (GAG), m\u00e1s n\u00e9ven mukopoliszacharidok, negat\u00edv t\u00f6lt\u00e9s\u0171 poliszacharid vegy\u00fcletek. Ism\u00e9tl\u0151d\u0151 diszacharid egys\u00e9gekb\u0151l \u00e1llnak, amelyek minden eml\u0151s sz\u00f6vet\u00e9ben megtal\u00e1lhat\u00f3k. Funkci\u00f3ik a testben sz\u00e9les k\u00f6rben elterjedtek, \u00e9s molekul\u00e1ris szerkezet\u00fck hat\u00e1rozza meg \u0151ket. Kor\u00e1bban a GAG-k m\u0171k\u00f6d\u00e9s\u00e9t \u00fagy gondolt\u00e1k, hogy a sejtek hidrat\u00e1l\u00e1s\u00e1ra korl\u00e1toz\u00f3dnak. A bizony\u00edt\u00e9kok azonban azt sugallj\u00e1k, hogy a GAG-k kulcsszerepet j\u00e1tszanak a sejtek jel\u00e1tvitel\u00e9ben, amely hatalmas mennyis\u00e9g\u0171 biok\u00e9miai folyamat modul\u00e1l\u00e1s\u00e1ra szolg\u00e1l. Ezen elj\u00e1r\u00e1sok n\u00e9melyike mag\u00e1ban foglalja a sejtn\u00f6veked\u00e9s \u00e9s -szaporod\u00e1s szab\u00e1lyoz\u00e1s\u00e1t, a sejtek adh\u00e9zi\u00f3j\u00e1nak el\u0151seg\u00edt\u00e9s\u00e9t, antikoagul\u00e1ci\u00f3t \u00e9s a sebjav\u00edt\u00e1st. A GAG n\u00e9gy primer csoportj\u00e1t a diszacharid-egys\u00e9geik alapj\u00e1n oszt\u00e1lyozz\u00e1k, \u00e9s magukban foglalj\u00e1k a heparin \/ hepar\u00e1n-szulf\u00e1tot, a kondroitin-szulf\u00e1t \/ dermat\u00e1n-szulf\u00e1tot, a kerat\u00e1n-szulf\u00e1tot \u00e9s a hialuronsavat. Ez \u00f6sszefoglalja a GAG-k n\u00e9gy primer csoportj\u00e1nak molekul\u00e1ris szerkezet\u00e9t \u00e9s az ebb\u0151l fakad\u00f3 fiziol\u00f3giai funkci\u00f3kat.<\/p>\n<p>Ezek a hialuronsav, hepar\u00e1n-szulf\u00e1t \/ heparin, kondroitin szulf\u00e1t \/ dermat\u00e1n szulf\u00e1t \u00e9s a kerat\u00e1n-szulf\u00e1t.<\/p>\n<p><strong>b-2Cool\u00ae<\/strong><\/p>\n<p>M\u00edg a nat\u00edv II t\u00edpus\u00fa kollag\u00e9n \u00e9s a hidroliz\u00e1lt kollag\u00e9n kereskedelemben kaphat\u00f3 \u00edz\u00fcletre, az eg\u00e9szs\u00e9g szempontj\u00e1b\u00f3l jelent\u0151s k\u00fcl\u00f6nbs\u00e9gek vannak a k\u00e9t forma k\u00f6z\u00f6tt. A hidroliz\u00e1lt kollag\u00e9n a testben sz\u00edv\u00f3dik fel \u00fagy, hogy hat\u00e9konyan el\u00e9rje a porcot, m\u00edg a nat\u00edv kollag\u00e9n nem. Ehelyett a nat\u00edv II. t\u00edpus\u00fa kollag\u00e9n fenntartja h\u00e1romdimenzi\u00f3s szerkezet\u00e9t, amelyet az immunrendszer elismer, mint endog\u00e9n anyag. A mechanizmusok-amelyek r\u00e9v\u00e9n mindkett\u0151 kollag\u00e9nek k\u00fcl\u00f6nb\u00f6zik-a nat\u00edv II-es kollag\u00e9n, amely immunrendszeren kereszt\u00fcl m\u0171k\u00f6dik k\u00f6zvet\u00edtett elj\u00e1r\u00e1ssal, az \u00fagynevezett or\u00e1lis tolerancia. Alternat\u00edv megold\u00e1sk\u00e9nt hidroliz\u00e1lt kollag\u00e9n peptidek \u00e9p\u00edt\u0151elemekk\u00e9nt szolg\u00e1lnak a porc hely\u00e9n. Ezen fel\u00fcl napi bevitel sz\u00fcks\u00e9ges ahhoz, hogy minden kollag\u00e9n hat\u00e9konyan tudjon m\u0171k\u00f6dni. A bioakt\u00edv, nat\u00edv kollag\u00e9n form\u00e1ra csak napi 40 mg-os mennyis\u00e9gre van sz\u00fcks\u00e9g. A hidroliz\u00e1lt I-es t\u00edpus\u00fa kollag\u00e9n mennyis\u00e9ge 5-10 g \/ nap.<\/p>\n<p>A B-2Cool csirkemellporcb\u00f3l izol\u00e1lt nat\u00edv II-es t\u00edpus\u00fa kollag\u00e9n.<\/p>\n<p>A porcsz\u00f6vet f\u0151 alkot\u00f3 eleme a kollag\u00e9n. A kollag\u00e9nnek sok t\u00edpusa tal\u00e1lhat\u00f3 az \u00edz\u00fcletben. Az \u00edz\u00fclet rugalmass\u00e1g\u00e1\u00e9rt legnagyobb m\u00e9rt\u00e9kben az \u00fan. II-es t\u00edpus\u00fa kollag\u00e9n felel.<\/p>\n<p>Az \u00edz\u00fcletekben tal\u00e1lhat\u00f3 kollag\u00e9n, mint test\u00fcnk valamennyi \u00e9p\u00edt\u0151eleme folyamatosan k\u00e9pz\u0151dik \u00e9s lebomlik. Eg\u00e9szs\u00e9ges szervezetben ez egy egyens\u00faly.<\/p>\n<p>Olyan betegs\u00e9gek, melyek az \u00edz\u00fclet gyullad\u00e1s\u00e1val j\u00e1rnak, ez az egyens\u00faly felborul, ami az \u00edz\u00fcletek degrad\u00e1ci\u00f3j\u00e1hoz vezet.<\/p>\n<p>Az Osteoarthritis az \u00edz\u00fclet heveny gyullad\u00e1sa. Leg\u00fajabb kutat\u00e1sok meger\u0151s\u00edtett\u00e9k, hogy a szervezet elkezdi idegen anyagk\u00e9nt kezelni a saj\u00e1t II-es t\u00edpus\u00fa kollag\u00e9n\u00fcnket, \u00e9s immunv\u00e1laszt v\u00e1lt ki ellene. Ennek eredm\u00e9nye az \u00edz\u00fcleti degrad\u00e1ci\u00f3.<\/p>\n<p>A t\u00e1pl\u00e1l\u00e9kkal bevitt nat\u00edv II-es t\u00edpus\u00fa kollag\u00e9n nem em\u00e9szt\u0151dik meg, hanem meg\u0151rizve t\u00e9rszerkezet\u00e9t el\u00e9ri a v\u00e9konyb\u00e9lben a v\u00e9konyb\u00e9l k\u00f6r\u00fcl tal\u00e1lhat\u00f3 nyiroksz\u00f6vetet, az \u00fan. Peyer plakkot. K\u00f6t\u0151dik az itt tal\u00e1lhat\u00f3 receptorokhoz, teh\u00e1t a szervezet felismeri a nat\u00edv-kollag\u00e9nt, \u00e9s immun-szupresszor sejteket k\u00fcld az \u00edz\u00fcletekbe. Ezek az immun-szupresszorok lelass\u00edtj\u00e1k a kollag\u00e9n lebont\u00e1s\u00e1t, ez\u00e1ltal hozz\u00e1j\u00e1rulhatnak az \u00edz\u00fcleti gyullad\u00e1s cs\u00f6kkent\u00e9s\u00e9hez.<\/p>\n<p><strong>Fogyaszt\u00e1si javalat<\/strong>: lehet fogyasztani ciklikusan, azaz k\u00faraszer\u0171en 3 h\u00f3napon kereszt\u00fcl napi 1 adagot, vagy \u00e1lland\u00f3 jelleggel.<\/p>\n<p><strong>Allerg\u00e9n inform\u00e1ci\u00f3<\/strong>: Tej, toj\u00e1s, mogyor\u00f3, hal, glut\u00e9n \u00e9s r\u00e1kf\u00e9le \u00f6sszetev\u0151ket feldolgoz\u00f3 \u00fczemben k\u00e9sz\u00fclt!<\/p>\n<p><strong>Figyelmeztet\u00e9s<\/strong>: Az aj\u00e1nlott fogyaszt\u00e1si mennyis\u00e9get ne l\u00e9pje t\u00fal! A term\u00e9k nem helyettes\u00edti a kiegyens\u00falyozott, vegyes \u00e9trendet \u00e9s az eg\u00e9szs\u00e9ges \u00e9letm\u00f3dot. A term\u00e9k nem gy\u00f3gy\u00edt betegs\u00e9geket! A term\u00e9k nem az orvosi kezel\u00e9s helyettes\u00edt\u00e9s\u00e9re alkalmas! Betegs\u00e9g eset\u00e9n haszn\u00e1lat\u00e1t besz\u00e9lje meg kezel\u0151orvos\u00e1val. Kisgyermekt\u0151l elz\u00e1rva tartand\u00f3!<\/p>\n<p>L\u00e9gy saj\u00e1t magad mixere, \u00edgy mindig tudod, hogy mit fogyasztasz.<\/p>\n<ul>\n<li>Keverd bele gy\u00fcm\u00f6lcsl\u00e9be<\/li>\n<li>Dobd fel vele a smoothie-dat<\/li>\n<li>Feh\u00e9rje turmixodat is felt\u00farb\u00f3zhatod vele<\/li>\n<li>\u00cdzes\u00edtsd vele a chia pudingodat<\/li>\n<li>Keverd bele a jegesk\u00e1v\u00e9dba<\/li>\n<li>Old fel egyszer\u0171en csup\u00e1n v\u00edzben\/tejben\/joghurtban\u200b\u200b\u200b<\/li>\n<\/ul>\n<p><strong>T\u00e1rol\u00e1s:<\/strong>\u00a0sz\u00e1raz, h\u0171v\u00f6s helyen.<\/p>\n<\/div>\n<\/div>\n<\/div>\n<\/div>\n<\/div>\n","protected":false},"excerpt":{"rendered":"<p>A Collango kollag\u00e9n term\u00e9kpalett\u00e1j\u00e1n hal kollag\u00e9n is megtal\u00e1lhat\u00f3. A\u00a0<strong>Collango Collagen Fish<\/strong>\u00a0alapanyagak\u00e9nt v\u00e1lasztott Naticol\u00ae BPMG kollag\u00e9n a vil\u00e1g egyik vezet\u0151 kollag\u00e9n gy\u00e1rt\u00f3ja, a francia Weishardt gy\u00e1rtott bioakt\u00edv peptidekb\u0151l \u00e1ll, mely k\u00edm\u00e9letes enzimatikus hidrol\u00edzissel k\u00e9sz\u00fclt.<\/p>\n","protected":false},"featured_media":5166,"comment_status":"closed","ping_status":"open","template":"","meta":[],"product_cat":[61],"product_tag":[],"class_list":{"0":"post-5165","1":"product","2":"type-product","3":"status-publish","4":"has-post-thumbnail","6":"product_brand-collango","7":"product_cat-etrend-kiegeszitok","9":"first","10":"instock","11":"purchasable","12":"product-type-simple"},"_links":{"self":[{"href":"https:\/\/vitamin.coredesign.hu\/index.php?rest_route=\/wp\/v2\/product\/5165","targetHints":{"allow":["GET"]}}],"collection":[{"href":"https:\/\/vitamin.coredesign.hu\/index.php?rest_route=\/wp\/v2\/product"}],"about":[{"href":"https:\/\/vitamin.coredesign.hu\/index.php?rest_route=\/wp\/v2\/types\/product"}],"replies":[{"embeddable":true,"href":"https:\/\/vitamin.coredesign.hu\/index.php?rest_route=%2Fwp%2Fv2%2Fcomments&post=5165"}],"wp:featuredmedia":[{"embeddable":true,"href":"https:\/\/vitamin.coredesign.hu\/index.php?rest_route=\/wp\/v2\/media\/5166"}],"wp:attachment":[{"href":"https:\/\/vitamin.coredesign.hu\/index.php?rest_route=%2Fwp%2Fv2%2Fmedia&parent=5165"}],"wp:term":[{"taxonomy":"product_cat","embeddable":true,"href":"https:\/\/vitamin.coredesign.hu\/index.php?rest_route=%2Fwp%2Fv2%2Fproduct_cat&post=5165"},{"taxonomy":"product_tag","embeddable":true,"href":"https:\/\/vitamin.coredesign.hu\/index.php?rest_route=%2Fwp%2Fv2%2Fproduct_tag&post=5165"}],"curies":[{"name":"wp","href":"https:\/\/api.w.org\/{rel}","templated":true}]}}