{"id":5148,"date":"2025-10-12T12:22:03","date_gmt":"2025-10-12T10:22:03","guid":{"rendered":"https:\/\/vitamin.coredesign.hu\/?product=collango-collagen-powder-malnas"},"modified":"2026-01-08T23:22:26","modified_gmt":"2026-01-08T22:22:26","slug":"collango-collagen-powder-malnas","status":"publish","type":"product","link":"https:\/\/vitamin.coredesign.hu\/?product=collango-collagen-powder-malnas","title":{"rendered":"Collango Collagen POWDER M\u00c1LN\u00c1S"},"content":{"rendered":"<p>&nbsp;<\/p>\n<div id=\"lt-accessibility-devtools\" aria-hidden=\"true\"><\/div>\n<p>A\u00a0<strong>Collango Collagen Powder<\/strong>\u00a0a Peptan\u00ae 1-es t\u00edpus\u00fa hidroliz\u00e1lt marha kollag\u00e9n peptidb\u0151l k\u00e9sz\u00fcl, amelyet a vil\u00e1g egyik vezet\u0151 kollag\u00e9n gy\u00e1rt\u00f3k\u00e9nt sz\u00e1montartott francia Rousselot c\u00e9g gy\u00e1rt.<\/p>\n<p>A Peptan\u00ae kollag\u00e9n egy rendk\u00edv\u00fcl nagy tisztas\u00e1g\u00fa, term\u00e9szetes, bioakt\u00edv peptidekb\u0151l \u00e1ll, amelynek feh\u00e9rjetartalma t\u00f6bb mint 97% (sz\u00e1raz t\u00f6megre sz\u00e1m\u00edtva), ebben a form\u00e1ban az emberi szervezet sz\u00e1m\u00e1ra k\u00f6nnyen em\u00e9szthet\u0151 \u00e9s hasznos\u00edthat\u00f3, amit tudom\u00e1nyos elemz\u00e9s is bizony\u00edt. (Asghar Henrickson \u00e9s Rousselot, 2007).<\/p>\n<p>Sz\u00e1mtalan kutat\u00e1si \u00e9s klinikai tanulm\u00e1nnyal al\u00e1t\u00e1masztva hat\u00e9konys\u00e1g\u00e1t, melyek nem \u00e1ltal\u00e1noss\u00e1gban a kollag\u00e9nre, hanem mag\u00e1ra a Peptan\u00ae kollag\u00e9nre vonatkoznak.<\/p>\n<p><strong>Csomagol\u00e1s:\u00a0nett\u00f3 315g\/330g PET\/METPET\/PE visszaz\u00e1rhat\u00f3 tasak.<\/strong><\/p>\n<p><strong>1 adag tartalmaz:<\/strong>\u00a010.000mg hidroliz\u00e1lt marha kollag\u00e9n, 500mg C-vitamin, 15mg cink.<\/p>\n<p><strong>Adagol\u00e1si javaslat:\u00a0<\/strong><br \/>\n11g port (1 adagol\u00f3kan\u00e1l) oldjunk fele tetsz\u0151leges mennyis\u00e9g\u0171 (2-3dl) v\u00edzben, tejben, joghurtban vagy b\u00e1rmilyen folyad\u00e9kban. Lehet fogyasztani ciklikusan, h\u00e1rom h\u00f3napon kereszt\u00fcl naponta 11g kollag\u00e9nt fogyasztva, majd el\u00e9gs\u00e9ges heti 11g-ot fogyasztani vagy \u00e1lland\u00f3 jelleggel minden nap f\u00e9l adagot fogyasztva.<\/p>\n<p><strong>Allerg\u00e9n inform\u00e1ci\u00f3k:<\/strong><\/p>\n<p>Tej-, sz\u00f3ja- \u00e9s toj\u00e1sfeh\u00e9rj\u00e9t, glut\u00e9nt, szez\u00e1mmagot, must\u00e1rmagot illetve mogyor\u00f3t feldolgoz\u00f3 \u00fczemben k\u00e9sz\u00fclt!<\/p>\n<p><strong>Figyelmeztet\u00e9sek:<\/strong><\/p>\n<p>Az aj\u00e1nlott fogyaszt\u00e1si mennyis\u00e9get ne l\u00e9pje t\u00fal! A term\u00e9k nem helyettes\u00edti a kiegyens\u00falyozott, vegyes \u00e9trendet \u00e9s az eg\u00e9szs\u00e9ges \u00e9letm\u00f3dot. A term\u00e9k nem gy\u00f3gy\u00edt betegs\u00e9geket! A term\u00e9k nem az orvosi kezel\u00e9s helyettes\u00edt\u00e9s\u00e9re alkalmas! Betegs\u00e9g eset\u00e9n haszn\u00e1lat\u00e1t besz\u00e9lje meg kezel\u0151orvos\u00e1val. Kisgyermekt\u0151l elz\u00e1rva tartand\u00f3!<\/p>\n<div class=\"wpb_column vc_column_container vc_col-sm-6 sc_layouts_column_icons_position_left\">\n<div class=\"vc_column-inner\">\n<div class=\"wpb_wrapper\">\n<div class=\"wpb_text_column wpb_content_element vc_custom_1606151380374\">\n<div class=\"wpb_wrapper\">\n<p><strong>Collango Collagen jellemz\u0151i:<\/strong><\/p>\n<ul>\n<li>I-es t\u00edpus\u00fa Peptan\u00ae\u00a0hidroliz\u00e1lt marha kollag\u00e9n<\/li>\n<li>10.000mg (10gramm) kollag\u00e9n\/ adagban<\/li>\n<li>500mg C-vitamin\/adag<\/li>\n<li>15mg cink\/adag<\/li>\n<li>Stevi\u00e1val \u00e9des\u00edtve<\/li>\n<li>30adag\/tasak<\/li>\n<\/ul>\n<\/div>\n<\/div>\n<\/div>\n<\/div>\n<\/div>\n<div class=\"wpb_column vc_column_container vc_col-sm-6 sc_layouts_column_icons_position_left\">\n<div class=\"vc_column-inner\">\n<div class=\"wpb_wrapper\">\n<div class=\"wpb_text_column wpb_content_element vc_custom_1606151387386\">\n<div class=\"wpb_wrapper\">\n<p><strong>Collango Collagen el\u0151nyei:<\/strong><\/p>\n<ul>\n<li>K\u00f6nnyen \u00e9s gyorsan old\u00f3dik, csup\u00e1n hideg v\u00edzben is v\u00edztiszt\u00e1n<\/li>\n<li>Nincs kellemetlen illata \u00e9s \u00edze sem<\/li>\n<li>Ellen\u00e1ll a h\u0151m\u00e9rs\u00e9klet ingadoz\u00e1soknak<\/li>\n<li>El\u00e9rhet\u0151 kutat\u00e1si eredm\u00e9nyek az alapanyagk\u00e9nt felhaszn\u00e1lt Peptan\u00ae\u00a0kollag\u00e9nre<\/li>\n<li>Tart\u00f3s\u00edt\u00f3szer mentes<\/li>\n<li>Mindig frissen k\u00e9sz\u00edthet\u0151<\/li>\n<li>K\u00f6nnyen adagolhat\u00f3 a csomagol\u00e1sban tal\u00e1lhat\u00f3 adagol\u00f3kan\u00e1lnak k\u00f6sz\u00f6nhet\u0151en<\/li>\n<li>H\u00e1rom+1 \u00edzben kaphat\u00f3<\/li>\n<\/ul>\n<p><strong>Hogyan\/miben fogyaszd a Collango kollag\u00e9nt?<\/strong><\/p>\n<p>L\u00e9gy saj\u00e1t magad mixere, \u00edgy mindig tudod, hogy mit fogyasztasz.<\/p>\n<ul>\n<li>Keverd bele gy\u00fcm\u00f6lcsl\u00e9be<\/li>\n<li>Dobd fel vele a smoothie-dat<\/li>\n<li>Feh\u00e9rje turmixodat is felt\u00farb\u00f3zhatod vele<\/li>\n<li>\u00cdzes\u00edtsd vele a chia pudingodat<\/li>\n<li>Keverd bele a jegesk\u00e1v\u00e9dba<\/li>\n<li>Old fel egyszer\u0171en csup\u00e1n v\u00edzben\/tejben\/joghurtban\u200b\u200b\u200b<\/li>\n<\/ul>\n<p><strong>T\u00e1rol\u00e1s:<\/strong>\u00a0sz\u00e1raz, h\u0171v\u00f6s helyen.<\/p>\n<p><strong>\u00d6sszet\u00e9tel:<\/strong><\/p>\n<p><strong>M\u00e1lna \u00edz:<\/strong>\u00a0Hidroliz\u00e1lt marha kollag\u00e9n, L-aszkorbinsav, term\u00e9szet azonos eper aroma, cink citr\u00e1t, \u00e9des\u00edt\u0151: steviol glikozidokat tartalmaz, sz\u00ednez\u00e9k: c\u00e9klav\u00f6r\u00f6s, nikotinamid, DL-Alfa-tokoferil-acet\u00e1t, kalcium-d-pantoten\u00e1t, piridoxin-hidroklorid, riboflavin, tiamin-mononitr\u00e1t, pteroilmonoglutaminsav, D-biotin, cianokobalamin.<\/p>\n<\/div>\n<\/div>\n<\/div>\n<\/div>\n<\/div>\n","protected":false},"excerpt":{"rendered":"<p>A kollag\u00e9n szervezet\u00fcnk els\u0151dleges k\u00f6t\u0151sz\u00f6vete, valamit egy kulcsfontoss\u00e1g\u00fa feh\u00e9rj\u00e9je, amely biztos\u00edtja a b\u0151r, a porcok \u00e9s a csontok koh\u00e9zi\u00f3j\u00e1t, rugalmass\u00e1g\u00e1t. Szerkezeti \u00e9p\u00edt\u0151eleme tov\u00e1bb\u00e1 a k\u00f6t\u0151sz\u00f6veteknek, hajnak, k\u00f6r\u00f6mnek, \u00ednaknak, izmoknak, \u00edz\u00fcleti porcoknak.\u00a0B\u0151r\u00fcnk 75%-\u00e1t, szervezet\u00fcnk \u00f6sszfeh\u00e9rje t\u00f6meg\u00e9nek pedig 30%-\u00e1t kollag\u00e9n alkotja.<\/p>\n","protected":false},"featured_media":5149,"comment_status":"closed","ping_status":"open","template":"","meta":[],"product_cat":[61],"product_tag":[],"class_list":{"0":"post-5148","1":"product","2":"type-product","3":"status-publish","4":"has-post-thumbnail","6":"product_brand-collango","7":"product_cat-etrend-kiegeszitok","9":"first","10":"instock","11":"purchasable","12":"product-type-simple"},"_links":{"self":[{"href":"https:\/\/vitamin.coredesign.hu\/index.php?rest_route=\/wp\/v2\/product\/5148","targetHints":{"allow":["GET"]}}],"collection":[{"href":"https:\/\/vitamin.coredesign.hu\/index.php?rest_route=\/wp\/v2\/product"}],"about":[{"href":"https:\/\/vitamin.coredesign.hu\/index.php?rest_route=\/wp\/v2\/types\/product"}],"replies":[{"embeddable":true,"href":"https:\/\/vitamin.coredesign.hu\/index.php?rest_route=%2Fwp%2Fv2%2Fcomments&post=5148"}],"wp:featuredmedia":[{"embeddable":true,"href":"https:\/\/vitamin.coredesign.hu\/index.php?rest_route=\/wp\/v2\/media\/5149"}],"wp:attachment":[{"href":"https:\/\/vitamin.coredesign.hu\/index.php?rest_route=%2Fwp%2Fv2%2Fmedia&parent=5148"}],"wp:term":[{"taxonomy":"product_cat","embeddable":true,"href":"https:\/\/vitamin.coredesign.hu\/index.php?rest_route=%2Fwp%2Fv2%2Fproduct_cat&post=5148"},{"taxonomy":"product_tag","embeddable":true,"href":"https:\/\/vitamin.coredesign.hu\/index.php?rest_route=%2Fwp%2Fv2%2Fproduct_tag&post=5148"}],"curies":[{"name":"wp","href":"https:\/\/api.w.org\/{rel}","templated":true}]}}