{"id":5138,"date":"2025-10-12T12:22:03","date_gmt":"2025-10-12T10:22:03","guid":{"rendered":"https:\/\/vitamin.coredesign.hu\/?product=argentum-200-ezust-kolloid-500-ml"},"modified":"2026-01-08T23:22:21","modified_gmt":"2026-01-08T22:22:21","slug":"argentum-200-ezust-kolloid-500-ml","status":"publish","type":"product","link":"https:\/\/vitamin.coredesign.hu\/?product=argentum-200-ezust-kolloid-500-ml","title":{"rendered":"ARGENTUM 200 EZ\u00dcST KOLLOID 500 ML"},"content":{"rendered":"<p>&nbsp;<\/p>\n<div id=\"lt-accessibility-devtools\" aria-hidden=\"true\"><\/div>\n<p>Az ez\u00fcstkolloidot v\u00edzben feloldott (kolloid \u00e1llapot\u00fa) ez\u00fcstr\u00e9szecsk\u00e9k alkotj\u00e1k, amely sz\u00e1mos b\u0151r\u00e1pol\u00f3 tulajdons\u00e1ggal rendelkezik. Tiszt\u00edtja \u00e9s t\u00e1pl\u00e1lja a b\u0151rt, csillap\u00edtja az irrit\u00e1ci\u00f3kat, \u00e1polja a pattan\u00e1sos b\u0151rt, \u00e9s tiszt\u00e1v\u00e1 \u00e9s matt\u00e1 teszi a b\u0151rt.<\/p>\n<p>Tiszt\u00edtja \u00e9s t\u00e1pl\u00e1lja a b\u0151rt: Az ez\u00fcstkolloid antibakteri\u00e1lis \u00e9s antiszeptikus hat\u00e1s\u00fa, \u00edgy seg\u00edt elt\u00e1vol\u00edtani a bakt\u00e9riumokat \u00e9s a szennyez\u0151d\u00e9seket a b\u0151rr\u0151l. Emellett hidrat\u00e1lja \u00e9s t\u00e1pl\u00e1lja a b\u0151rt, \u00edgy seg\u00edt meg\u0151rizni annak eg\u00e9szs\u00e9ges megjelen\u00e9s\u00e9t.<br \/>\nCsillap\u00edtja az irrit\u00e1ci\u00f3kat: Az ez\u00fcstkolloid gyullad\u00e1scs\u00f6kkent\u0151 hat\u00e1s\u00fa, \u00edgy seg\u00edt enyh\u00edteni a b\u0151r irrit\u00e1ci\u00f3it, p\u00e9ld\u00e1ul a ki\u00fct\u00e9seket, a viszket\u00e9st \u00e9s a piross\u00e1got.<br \/>\n\u00c1polja a pattan\u00e1sos b\u0151rt: Az ez\u00fcstkolloid seg\u00edt megtiszt\u00edtani a p\u00f3rusokat \u00e9s cs\u00f6kkenteni a faggy\u00fatermel\u00e9st, \u00edgy seg\u00edt megel\u0151zni a pattan\u00e1sok kialakul\u00e1s\u00e1t.<br \/>\nTiszt\u00e1v\u00e1 \u00e9s matt\u00e1 teszi a b\u0151rt: Az ez\u00fcstkolloid seg\u00edt elt\u00e1vol\u00edtani a felesleges faggy\u00fat \u00e9s szennyez\u0151d\u00e9seket a b\u0151rr\u0151l, \u00edgy seg\u00edt meg\u0151rizni annak tiszta \u00e9s matt megjelen\u00e9s\u00e9t.<br \/>\n\u00d6sszetev\u0151k:<br \/>\nv\u00edz, ez\u00fcst kolloid.<\/p>\n<p data-sourcepos=\"12:1-12:11\"><strong>Hat\u00e1sa:<\/strong><\/p>\n<ul data-sourcepos=\"14:1-19:0\">\n<li data-sourcepos=\"14:1-14:14\">Fert\u0151tlen\u00edt\u0151<\/li>\n<li data-sourcepos=\"15:1-15:20\">Gyullad\u00e1scs\u00f6kkent\u0151<\/li>\n<li data-sourcepos=\"16:1-16:17\">Antibakteri\u00e1lis<\/li>\n<li data-sourcepos=\"17:1-17:10\">V\u00edrus\u00f6l\u0151<\/li>\n<li data-sourcepos=\"18:1-19:0\">Gomb\u00f6l\u0151<\/li>\n<\/ul>\n<p data-sourcepos=\"20:1-20:15\"><strong>Javallatok:<\/strong><\/p>\n<ul data-sourcepos=\"22:1-27:0\">\n<li data-sourcepos=\"22:1-22:31\">Fert\u0151z\u0151 betegs\u00e9gek kezel\u00e9s\u00e9re<\/li>\n<li data-sourcepos=\"24:1-24:36\">Gyullad\u00e1sos folyamatok enyh\u00edt\u00e9s\u00e9re<\/li>\n<li data-sourcepos=\"25:1-25:25\">B\u0151rprobl\u00e9m\u00e1k kezel\u00e9s\u00e9re<\/li>\n<li data-sourcepos=\"26:1-27:0\">Fert\u0151z\u00e9sek megel\u0151z\u00e9s\u00e9re<\/li>\n<\/ul>\n<p>Haszn\u00e1lata:<br \/>\nAz \u00fcvegcs\u00e9b\u0151l k\u00f6zvetlen\u00fcl a vattakorongra vagy g\u00e9zre felvitt kismennyis\u00e9ggel t\u00f6r\u00f6lje \u00e1t a kezelni k\u00edv\u00e1nt b\u0151rfel\u00fcletet, k\u00fcls\u0151leg.<\/p>\n","protected":false},"excerpt":{"rendered":"<p>Az ez\u00fcstkolloidot v\u00edzben feloldott (kolloid \u00e1llapot\u00fa) ez\u00fcstr\u00e9szecsk\u00e9k alkotj\u00e1k. Haszn\u00e1lata\u00a0tiszt\u00edtja \u00e9s t\u00e1pl\u00e1lja a b\u0151rt, csillap\u00edtja az irrit\u00e1ci\u00f3kat, \u00e1polja a pattan\u00e1sos b\u0151rt, tiszt\u00e1v\u00e1 \u00e9s matt\u00e1 teszi a b\u0151r.<\/p>\n","protected":false},"featured_media":0,"comment_status":"closed","ping_status":"open","template":"","meta":[],"product_cat":[61],"product_tag":[],"class_list":{"0":"post-5138","1":"product","2":"type-product","3":"status-publish","5":"product_brand-argentum","6":"product_cat-etrend-kiegeszitok","8":"first","9":"instock","10":"purchasable","11":"product-type-simple"},"_links":{"self":[{"href":"https:\/\/vitamin.coredesign.hu\/index.php?rest_route=\/wp\/v2\/product\/5138","targetHints":{"allow":["GET"]}}],"collection":[{"href":"https:\/\/vitamin.coredesign.hu\/index.php?rest_route=\/wp\/v2\/product"}],"about":[{"href":"https:\/\/vitamin.coredesign.hu\/index.php?rest_route=\/wp\/v2\/types\/product"}],"replies":[{"embeddable":true,"href":"https:\/\/vitamin.coredesign.hu\/index.php?rest_route=%2Fwp%2Fv2%2Fcomments&post=5138"}],"wp:attachment":[{"href":"https:\/\/vitamin.coredesign.hu\/index.php?rest_route=%2Fwp%2Fv2%2Fmedia&parent=5138"}],"wp:term":[{"taxonomy":"product_cat","embeddable":true,"href":"https:\/\/vitamin.coredesign.hu\/index.php?rest_route=%2Fwp%2Fv2%2Fproduct_cat&post=5138"},{"taxonomy":"product_tag","embeddable":true,"href":"https:\/\/vitamin.coredesign.hu\/index.php?rest_route=%2Fwp%2Fv2%2Fproduct_tag&post=5138"}],"curies":[{"name":"wp","href":"https:\/\/api.w.org\/{rel}","templated":true}]}}