{"id":5137,"date":"2025-10-12T12:22:03","date_gmt":"2025-10-12T10:22:03","guid":{"rendered":"https:\/\/vitamin.coredesign.hu\/?product=argentum200-25ppm-pumpas-ezustkolloid-150ml"},"modified":"2026-01-08T23:22:21","modified_gmt":"2026-01-08T22:22:21","slug":"argentum200-25ppm-pumpas-ezustkolloid-150ml","status":"publish","type":"product","link":"https:\/\/vitamin.coredesign.hu\/?product=argentum200-25ppm-pumpas-ezustkolloid-150ml","title":{"rendered":"Argentum200 25ppm pump\u00e1s ez\u00fcstkolloid \u2013 150ml"},"content":{"rendered":"<p>&nbsp;<\/p>\n<div id=\"lt-accessibility-devtools\" aria-hidden=\"true\"><\/div>\n<p>Az ez\u00fcstkolloidot v\u00edzben feloldott (kolloid \u00e1llapot\u00fa) ez\u00fcstr\u00e9szecsk\u00e9k alkotj\u00e1k. Haszn\u00e1lata\u00a0tiszt\u00edtja \u00e9s t\u00e1pl\u00e1lja a b\u0151rt, csillap\u00edtja az irrit\u00e1ci\u00f3kat, \u00e1polja a pattan\u00e1sos b\u0151rt, tiszt\u00e1v\u00e1 \u00e9s matt\u00e1 teszi a b\u0151r.<\/p>\n<p data-sourcepos=\"12:1-12:11\"><strong>Hat\u00e1sa:<\/strong><\/p>\n<ul data-sourcepos=\"14:1-19:0\">\n<li data-sourcepos=\"14:1-14:14\">Fert\u0151tlen\u00edt\u0151<\/li>\n<li data-sourcepos=\"15:1-15:20\">Gyullad\u00e1scs\u00f6kkent\u0151<\/li>\n<li data-sourcepos=\"16:1-16:17\">Antibakteri\u00e1lis<\/li>\n<li data-sourcepos=\"17:1-17:10\">V\u00edrus\u00f6l\u0151<\/li>\n<li data-sourcepos=\"18:1-19:0\">Gomb\u00f6l\u0151<\/li>\n<\/ul>\n<p data-sourcepos=\"20:1-20:15\"><strong>Javallatok:<\/strong><\/p>\n<ul data-sourcepos=\"22:1-27:0\">\n<li data-sourcepos=\"22:1-22:31\">Fert\u0151z\u0151 betegs\u00e9gek kezel\u00e9s\u00e9re<\/li>\n<li data-sourcepos=\"23:1-23:27\">Immunrendszer er\u0151s\u00edt\u00e9s\u00e9re<\/li>\n<li data-sourcepos=\"24:1-24:36\">Gyullad\u00e1sos folyamatok enyh\u00edt\u00e9s\u00e9re<\/li>\n<li data-sourcepos=\"25:1-25:25\">B\u0151rprobl\u00e9m\u00e1k kezel\u00e9s\u00e9re<\/li>\n<li data-sourcepos=\"26:1-27:0\">Fert\u0151z\u00e9sek megel\u0151z\u00e9s\u00e9re<\/li>\n<\/ul>\n<h3>\u00d6sszetev\u0151k:<\/h3>\n<p>v\u00edz, ez\u00fcst kolloid (50 ppm).<\/p>\n<h3>Haszn\u00e1lata:<\/h3>\n<p>a term\u00e9ket a pump\u00e1s adagol\u00f3 seg\u00edts\u00e9g\u00e9vel permetezze a sz\u00e1j\u00fcreg\u00e9be \u00e9s a hat\u00e1s fokoz\u00e1sa \u00e9rdek\u00e9ben 1-2 percig \u00f6bl\u00f6gessen!<\/p>\n<p>72 \u00f3r\u00e1n bel\u00fcl ki\u00fcr\u00fcl, nincsenek mell\u00e9khat\u00e1sai.<\/p>\n","protected":false},"excerpt":{"rendered":"<p>Az ez\u00fcstkolloidot v\u00edzben feloldott (kolloid \u00e1llapot\u00fa) ez\u00fcstr\u00e9szecsk\u00e9k alkotj\u00e1k. Haszn\u00e1lata\u00a0tiszt\u00edtja \u00e9s t\u00e1pl\u00e1lja a b\u0151rt, csillap\u00edtja az irrit\u00e1ci\u00f3kat, \u00e1polja a pattan\u00e1sos b\u0151rt, tiszt\u00e1v\u00e1 \u00e9s matt\u00e1 teszi a b\u0151r.<\/p>\n","protected":false},"featured_media":0,"comment_status":"closed","ping_status":"open","template":"","meta":[],"product_cat":[61],"product_tag":[],"class_list":{"0":"post-5137","1":"product","2":"type-product","3":"status-publish","5":"product_brand-argentum","6":"product_cat-etrend-kiegeszitok","8":"first","9":"instock","10":"purchasable","11":"product-type-simple"},"_links":{"self":[{"href":"https:\/\/vitamin.coredesign.hu\/index.php?rest_route=\/wp\/v2\/product\/5137","targetHints":{"allow":["GET"]}}],"collection":[{"href":"https:\/\/vitamin.coredesign.hu\/index.php?rest_route=\/wp\/v2\/product"}],"about":[{"href":"https:\/\/vitamin.coredesign.hu\/index.php?rest_route=\/wp\/v2\/types\/product"}],"replies":[{"embeddable":true,"href":"https:\/\/vitamin.coredesign.hu\/index.php?rest_route=%2Fwp%2Fv2%2Fcomments&post=5137"}],"wp:attachment":[{"href":"https:\/\/vitamin.coredesign.hu\/index.php?rest_route=%2Fwp%2Fv2%2Fmedia&parent=5137"}],"wp:term":[{"taxonomy":"product_cat","embeddable":true,"href":"https:\/\/vitamin.coredesign.hu\/index.php?rest_route=%2Fwp%2Fv2%2Fproduct_cat&post=5137"},{"taxonomy":"product_tag","embeddable":true,"href":"https:\/\/vitamin.coredesign.hu\/index.php?rest_route=%2Fwp%2Fv2%2Fproduct_tag&post=5137"}],"curies":[{"name":"wp","href":"https:\/\/api.w.org\/{rel}","templated":true}]}}