{"id":5135,"date":"2025-10-12T12:22:03","date_gmt":"2025-10-12T10:22:03","guid":{"rendered":"https:\/\/vitamin.coredesign.hu\/?product=dr-juice-aranykolloid-hidratalo-2"},"modified":"2026-01-08T23:22:21","modified_gmt":"2026-01-08T22:22:21","slug":"dr-juice-aranykolloid-hidratalo-2","status":"publish","type":"product","link":"https:\/\/vitamin.coredesign.hu\/?product=dr-juice-aranykolloid-hidratalo-2","title":{"rendered":"Dr Juice Aranykolloid hidrat\u00e1l\u00f3"},"content":{"rendered":"<p>&nbsp;<\/p>\n<div id=\"lt-accessibility-devtools\" aria-hidden=\"true\"><\/div>\n<h1>DRJUICE CO. ARANYKOLLOID HIDRAT\u00c1L\u00d3<\/h1>\n<p>Az arany remek v\u00edzvisszatart\u00f3 tulajdons\u00e1ggal rendelkezik, \u00edgy t\u00f6k\u00e9letes hidrat\u00e1l\u00f3ja lehet b\u0151r\u00fcnknek.<\/p>\n<p>Az Ez\u00fcstkolloid term\u00e9keink mellett pr\u00f3b\u00e1ld ki leg\u00fajabb fejleszt\u00e9s\u00fcnket, az Aranykolloid Hidrat\u00e1l\u00f3t, mely t\u00f6k\u00e9letes a b\u0151r regener\u00e1l\u00e1s\u00e1ra, hidrat\u00e1l\u00e1s\u00e1ra, r\u00e1nctalan\u00edt\u00e1s\u00e1ra.<\/p>\n<p>Az arany kimagasl\u00f3 sz\u00e9p\u00e9szeti tulajdons\u00e1ga, hogy felfokozza, gyors\u00edtja, serkenti a b\u0151r sejtjeinek meg\u00fajul\u00e1s\u00e1t.<\/p>\n<p>Az aranykolloid hidrat\u00e1l\u00f3 haszn\u00e1lat\u00e1val b\u0151r\u00fcnk \u00fcd\u00e9bb, kisimultabb, hidrat\u00e1ltabb lesz.<\/p>\n<p>Az aranykolloid halv\u00e1ny\u00edtja a pigment foltokat, az \u00f6reged\u00e9si foltokat.<\/p>\n<p>Az aranykolloid fokozza a b\u0151r\u00fcnk kollag\u00e9n termel\u00e9s\u00e9t is.<\/p>\n<p>Az arany remek v\u00edzvisszatart\u00f3 tulajdons\u00e1ggal rendelkezik, \u00edgy t\u00f6k\u00e9letes hidrat\u00e1l\u00f3ja lehet b\u0151r\u00fcnknek.<\/p>\n<h1>Aranykolloid hidrat\u00e1l\u00f3 haszn\u00e1lata:<\/h1>\n<p>\u2013 \u00c9rett, r\u00e1ncos b\u0151rre\u2013 \u00d6regs\u00e9gi foltokra<br \/>\n\u2013 Nap \u00e1ltal k\u00e1rosodott, pigment\u00e1lt b\u0151rre<br \/>\n\u2013 Zs\u00edros \u00e9s pattan\u00e1sos b\u0151rre<br \/>\n\u2013 Rugalmatlan, fak\u00f3 b\u0151rre<br \/>\n\u2013 F\u00e1radt, \u00e9rt\u00e1gulatos, b\u0151rre<\/p>\n<h1>Az aranykolloid hidrat\u00e1l\u00f3 \u00f6sszet\u00e9tele:<\/h1>\n<p>Arany (kolloid): 3 ppm<br \/>\nKoncentr\u00e1ci\u00f3 t\u00f6meg 100 ml-ben %:<br \/>\nAqua: 99,97 %<br \/>\nArany: 0,03 %<\/p>\n<p>Az Aranykolloid Hidrat\u00e1l\u00f3, ugyan\u00fagy, mint egy\u00e9b ez\u00fcstkolloid term\u00e9keink az eg\u00e9szs\u00e9gre \u00e1rtalmatlan, kiz\u00e1r\u00f3lag arany allergia eset\u00e9n ellenjavallt az alkalmaz\u00e1sa.<\/p>\n<p>Az Aranykolloid Hidrat\u00e1l\u00f3 term\u00e9k min\u0151s\u00e9g\u00e9t a gy\u00e1rt\u00e1st\u00f3l sz\u00e1m\u00edtott 1 \u00e9vig \u0151rzi meg.<\/p>\n<p>A k\u00e9sz\u00edtm\u00e9nyt eredeti folyad\u00e9k\u00fcvegben, s\u00f6t\u00e9t, j\u00f3l z\u00e1rhat\u00f3 ed\u00e9nyben, szobah\u0151m\u00e9rs\u00e9kleten t\u00e1roland\u00f3.<\/p>\n<p>A k\u00f6z\u00f6lt adatok csak a megjel\u00f6lt term\u00e9kre vonatkoznak. A megadott fizikai-k\u00e9miai param\u00e9terek a term\u00e9ket a biztons\u00e1gi k\u00f6vetelm\u00e9nyek szempontj\u00e1b\u00f3l \u00edrj\u00e1k le. A gy\u00e1rt\u00f3 ill. forgalmaz\u00f3 nem v\u00e1llal tov\u00e1bb\u00e1 felel\u0151ss\u00e9get a nem megfelel\u0151 ill. nem a javasolt c\u00e9lra t\u00f6rt\u00e9n\u0151 haszn\u00e1latb\u00f3l ered\u0151 k\u00e1rok\u00e9rt. Az \u00e9rv\u00e9nyben l\u00e9v\u0151 el\u0151\u00edr\u00e1sok \u00e9s rendelkez\u00e9sek betart\u00e1sa, valamint a term\u00e9k felhaszn\u00e1l\u00e1s\u00e1ra vonatkoz\u00f3 aj\u00e1nl\u00e1sok figyelembev\u00e9tele a felhaszn\u00e1l\u00f3 k\u00f6telezetts\u00e9ge.<\/p>\n<p>Az Aranykolloid hidrat\u00e1l\u00f3 O\u00c9TI nyilv\u00e1ntart\u00e1sba v\u00e9teli sz\u00e1ma: 2693\/2010.<\/p>\n<p>&nbsp;<\/p>\n","protected":false},"excerpt":{"rendered":"<p>&nbsp; DRJUICE CO. ARANYKOLLOID HIDRAT\u00c1L\u00d3 Az arany remek v\u00edzvisszatart\u00f3 tulajdons\u00e1ggal rendelkezik, \u00edgy t\u00f6k\u00e9letes hidrat\u00e1l\u00f3ja lehet b\u0151r\u00fcnknek. Az Ez\u00fcstkolloid term\u00e9keink mellett pr\u00f3b\u00e1ld ki leg\u00fajabb fejleszt\u00e9s\u00fcnket, az Aranykolloid Hidrat\u00e1l\u00f3t, mely t\u00f6k\u00e9letes a b\u0151r regener\u00e1l\u00e1s\u00e1ra, hidrat\u00e1l\u00e1s\u00e1ra, r\u00e1nctalan\u00edt\u00e1s\u00e1ra. Az arany kimagasl\u00f3 sz\u00e9p\u00e9szeti tulajdons\u00e1ga, hogy felfokozza, gyors\u00edtja, serkenti a b\u0151r sejtjeinek meg\u00fajul\u00e1s\u00e1t. Az aranykolloid hidrat\u00e1l\u00f3 haszn\u00e1lat\u00e1val b\u0151r\u00fcnk \u00fcd\u00e9bb, kisimultabb, hidrat\u00e1ltabb [&hellip;]<\/p>\n","protected":false},"featured_media":0,"comment_status":"closed","ping_status":"open","template":"","meta":[],"product_cat":[61,67],"product_tag":[],"class_list":{"0":"post-5135","1":"product","2":"type-product","3":"status-publish","5":"product_brand-dr-juice","6":"product_cat-etrend-kiegeszitok","7":"product_cat-kolloidok","9":"first","10":"instock","11":"purchasable","12":"product-type-simple"},"_links":{"self":[{"href":"https:\/\/vitamin.coredesign.hu\/index.php?rest_route=\/wp\/v2\/product\/5135","targetHints":{"allow":["GET"]}}],"collection":[{"href":"https:\/\/vitamin.coredesign.hu\/index.php?rest_route=\/wp\/v2\/product"}],"about":[{"href":"https:\/\/vitamin.coredesign.hu\/index.php?rest_route=\/wp\/v2\/types\/product"}],"replies":[{"embeddable":true,"href":"https:\/\/vitamin.coredesign.hu\/index.php?rest_route=%2Fwp%2Fv2%2Fcomments&post=5135"}],"wp:attachment":[{"href":"https:\/\/vitamin.coredesign.hu\/index.php?rest_route=%2Fwp%2Fv2%2Fmedia&parent=5135"}],"wp:term":[{"taxonomy":"product_cat","embeddable":true,"href":"https:\/\/vitamin.coredesign.hu\/index.php?rest_route=%2Fwp%2Fv2%2Fproduct_cat&post=5135"},{"taxonomy":"product_tag","embeddable":true,"href":"https:\/\/vitamin.coredesign.hu\/index.php?rest_route=%2Fwp%2Fv2%2Fproduct_tag&post=5135"}],"curies":[{"name":"wp","href":"https:\/\/api.w.org\/{rel}","templated":true}]}}