{"id":5131,"date":"2025-10-12T12:22:03","date_gmt":"2025-10-12T10:22:03","guid":{"rendered":"https:\/\/vitamin.coredesign.hu\/?product=collango-drops-d3-komplex"},"modified":"2026-01-08T23:22:20","modified_gmt":"2026-01-08T22:22:20","slug":"collango-drops-d3-komplex","status":"publish","type":"product","link":"https:\/\/vitamin.coredesign.hu\/?product=collango-drops-d3-komplex","title":{"rendered":"Collango Drops D3 komplex"},"content":{"rendered":"<p>&nbsp;<\/p>\n<div id=\"lt-accessibility-devtools\" aria-hidden=\"true\"><\/div>\n<p><strong>A n\u00e9v k\u00f6telez, megszokhatt\u00e1tok, hogy a Collango egyet jelent:<\/strong><\/p>\n<ul type=\"disc\">\n<li>a min\u0151s\u00e9gi alapanyaggal<\/li>\n<li>a magas hat\u00f3anyag tartalommal<\/li>\n<li>ismert \u00e9s elismert + nyomonk\u00f6vethet\u0151 alapanyag gy\u00e1rt\u00f3kkal<\/li>\n<li>egyszer\u0171 adagol\u00e1ssal<\/li>\n<li>kiv\u00e1l\u00f3 \u00e1r- \u00e9rt\u00e9k ar\u00e1nnyal<\/li>\n<\/ul>\n<p dir=\"ltr\"><strong>Collango\u00a0<b>Drops D3 komplex<\/b>\u00a0jellemz\u0151i:<\/strong><\/p>\n<ul>\n<li>4.000NE\/adag<\/li>\n<li>1 adag: 4 csepp<\/li>\n<li>240 adag\/kiszerel\u00e9s<\/li>\n<li>MCT olajban feloldva (fenntarthat\u00f3 gazdas\u00e1gb\u00f3l sz\u00e1rmazik- or\u00e1ngut\u00e1n bar\u00e1t)<\/li>\n<\/ul>\n<p><b>Collango Drops D3 komplex\u00a0el\u0151nyei:<\/b><\/p>\n<ul type=\"disc\">\n<li>Magas hat\u00f3anyag tartalom<\/li>\n<li>Gazdas\u00e1gos kiszerel\u00e9s<\/li>\n<li>K\u00f6nnyen adagolhat\u00f3<\/li>\n<\/ul>\n<p>A Collango Drops D3 Komplex egy nagy d\u00f3zis\u00fa vitamin k\u00e9sz\u00edtm\u00e9ny. Kiv\u00e1l\u00f3 min\u0151s\u00e9g\u0171 DSM D3 vitamin (<a href=\"https:\/\/www.dsm.com\/human-nutrition\/en\/products\/vitamins\/vitamin-d.html\" target=\"_blank\" rel=\"noopener\">https:\/\/www.dsm.com\/human-nutrition\/en\/products\/vitamins\/vitamin-d.html<\/a>) \u00e9s alga eredet\u0171 D3 vitamin (vegan) (<a href=\"https:\/\/www.vitamind3v.com\/\" target=\"_blank\" rel=\"noopener\">https:\/\/www.vitamind3v.com<\/a>) kever\u00e9k\u00e9b\u0151l \u00e1ll, melyet vegyes tokoferolokkal (E-vitamin) stabiliz\u00e1ltunk. Mindez feloldva RSPO min\u0151s\u00edtett MCT (k\u00f6zepes sz\u00e9nl\u00e1nc\u00fa zs\u00edrsavak trigliceridjei) olajban. Ez az\u00e9rt fontos, mert fenntarthat\u00f3 gazd\u00e1lkod\u00e1sb\u00f3l sz\u00e1rmazik \u00e9s \u00edgy meg\u0151rizhetj\u00fck k\u00f6z\u00f6sen a vadon \u00e9l\u0151 \u00e1llatfajok \u00e9l\u0151helyeit.<\/p>\n<p><b>D3 vitaminr\u00f3l \u00e1ltal\u00e1nosan<\/b><\/p>\n<p>Az emberek kev\u00e9s sz\u00e1zal\u00e9ka jut megfelel\u0151 mennyis\u00e9g\u0171 D-vitaminhoz napf\u00e9ny vagy t\u00e1pl\u00e1lkoz\u00e1s \u00fatj\u00e1n. Manaps\u00e1g egyre jobban c\u00e9lkeresztbe ker\u00fclt ez a fontos esszenci\u00e1lis zs\u00edroldhat\u00f3 vitamin, mely a szervezetben bet\u00f6lt\u00f6tt funkci\u00f3j\u00e1t tekintve egy prohormon, vagyis a szervezetben t\u00f6bb l\u00e9p\u00e9ses mechanizmuson kereszt\u00fcl \u00e9ri el a hormon akt\u00edv form\u00e1j\u00e1t.<\/p>\n<p>A D-vitamin hi\u00e1ny glob\u00e1lis eg\u00e9szs\u00e9g\u00fcgyi probl\u00e9ma, amely vil\u00e1gszerte t\u00f6bb mint egymilli\u00e1rd gyermeket \u00e9s feln\u0151ttet \u00e9rint. A D-vitamin hi\u00e1ny sz\u00e1mos akut \u00e9s kr\u00f3nikus betegs\u00e9ggel t\u00e1rsult, ide\u00e9rtve a terhess\u00e9gi tox\u00e9mi\u00e1t, gyermekkori fogszuvasod\u00e1st, autoimmun rendelleness\u00e9geket, fert\u0151z\u0151 betegs\u00e9geket, sz\u00edv- \u00e9s \u00e9rrendszeri betegs\u00e9geket, r\u00e1k k\u00fcl\u00f6nf\u00e9le t\u00edpusait, 2-es t\u00edpus\u00fa cukorbetegs\u00e9geket \u00e9s a neurol\u00f3giai rendelleness\u00e9geket [1]. B\u00e1r a D-vitamin szintetiz\u00e1lhat\u00f3 naps\u00fct\u00e9s hat\u00e1s\u00e1ra, ennek ellen\u00e9re a nem megfelel\u0151 mennyis\u00e9g\u0171 napf\u00e9ny az egyik f\u0151 oka az emberis\u00e9get \u00e9rint\u0151 jelent\u0151s m\u00e9rt\u00e9k\u0171 D-vitamin hi\u00e1nynak. [2,3].<\/p>\n<p><b>Milyen t\u00edpusait k\u00fcl\u00f6nb\u00f6ztetj\u00fck meg ezen vitaminnak?<\/b><\/p>\n<p>D-vitamin a term\u00e9szetben ergokalciferol (D2-vitamin) vagy kolekalciferol (D3-vitamin) form\u00e1ban fordul el\u0151 [4]. A D2-vitamin f\u0151leg a n\u00f6v\u00e9nyekben vagy a n\u00f6v\u00e9nyi term\u00e9kekben van jelen, m\u00edg a D3-vitamin \u00e1ltal\u00e1ban az \u00e1llati eredet\u0171 \u00e9lelmiszerekben tal\u00e1lhat\u00f3 meg [5]. A D2-vitamin az ergoszterin n\u00f6v\u00e9nyi eredet\u0171 el\u0151vitaminb\u00f3l keletkezik UV-B (ultraviola-B) sug\u00e1rz\u00e1s hat\u00e1s\u00e1ra. [6]. A D3-vitamin k\u00e9pz\u0151d\u00e9se, k\u00e9miai reakci\u00f3t k\u00f6vet\u0151en megy v\u00e9gbe az emberi b\u0151rben, amikor a 7-dehidrokoleszterin nev\u0171 szteroidot lebontja a nap UV-B f\u00e9nye, \u00edgy szintetiz\u00e1lva a vitamint. [7].<\/p>\n<p>\u00c9rdemes tudat\u00e1ban lenni annak a t\u00e9nynek, hogy sajnos sem \u00e9lelmiszerek, sem pedig napf\u00e9nyb\u0151l nem juthatunk megfelel\u0151 mennyis\u00e9g\u0171 D-vitaminhoz. Ezen vitamin optim\u00e1lis mennyis\u00e9g\u00e9nek biztos\u00edt\u00e1sa a szervezet sz\u00e1m\u00e1ra nagyon nehezen val\u00f3s\u00edthat\u00f3 meg t\u00e1pl\u00e1lkoz\u00e1s \u00fatj\u00e1n, f\u0151k\u00e9nt, ha mindezek mellett a naps\u00fct\u00e9ses \u00f3r\u00e1k sz\u00e1ma is csek\u00e9ly. \u00cdgy ezen vitamin k\u00fcls\u0151 forr\u00e1sb\u00f3l t\u00f6rt\u00e9n\u0151 kieg\u00e9sz\u00edt\u00e9se mindenk\u00e9ppen javasolt a szervezet megfelel\u0151 m\u0171k\u00f6d\u00e9se \u00e9rdek\u00e9ben, valamint a betegs\u00e9gek megel\u0151z\u00e9s\u00e9ben.<\/p>\n<p><b>Mi a legjobb v\u00e1laszt\u00e1s?<\/b><\/p>\n<p>Randomiz\u00e1lt, kontroll\u00e1lt vizsg\u00e1latok metaanal\u00edzise, amely \u00f6sszehasonl\u00edtotta a D2-vitamin \u00e9s a D3-vitamin-kieg\u00e9sz\u00edt\u0151k v\u00e9rszintre gyakorolt hat\u00e1s\u00e1t, azt tal\u00e1lta, hogy a D3-kieg\u00e9sz\u00edt\u0151k \u00e1ltal\u00e1ban jobban emelt\u00e9k a vitamin v\u00e9rkoncentr\u00e1ci\u00f3j\u00e1t, \u00e9s hosszabb ideig tartott\u00e1k fenn ezeket a szinteket, mint a D2. [8,9]. Mindemelett egyes szak\u00e9rt\u0151k az\u00e9rt is a D3-vitamint r\u00e9szes\u00edtik el\u0151nyben, mert az term\u00e9szetes m\u00f3don termel\u0151dik a szervezetben, \u00e9s megtal\u00e1lhat\u00f3 a legt\u00f6bb vitamint tartalmaz\u00f3 \u00e9lelmiszerben.<\/p>\n<p><b>Milyen form\u00e1ban t\u00f6rt\u00e9njen a D3-vitamin kieg\u00e9sz\u00edt\u00e9se?<\/b><\/p>\n<p>Az or\u00e1lis D-vitamin kieg\u00e9sz\u00edt\u0151 hordoz\u00f3i hat\u00e1ssal vannak annak biol\u00f3giai hozz\u00e1f\u00e9rhet\u0151s\u00e9g\u00e9re, ez\u00e9rt fontos figyelembe venni, hogy a p\u00f3tolni k\u00edv\u00e1nt D-vitamin mekkora mennyis\u00e9gben fog felsz\u00edv\u00f3dni, vagy az csak felesleges p\u00e9nzkidob\u00e1s volt. Orvosi tanulm\u00e1nyok kimutatt\u00e1k, hogy a foly\u00e9kony kivonatok gyorsabb felsz\u00edv\u00f3d\u00e1si sebess\u00e9ggel rendelkeznek, magasabb az optimaliz\u00e1l\u00e1si ar\u00e1nyuk \u00e9s k\u00f6nnyebben em\u00e9szthet\u0151ek. A folyad\u00e9kok nagy el\u0151nye a tablett\u00e1kkal szemben, a nyel\u00e9s f\u00e1zis\u00e1ban j\u00f6n el\u0151 igaz\u00e1n. A legt\u00f6bb embernek, k\u00fcl\u00f6n\u00f6sen az id\u0151seknek \u00e9s a kisgyermekeknek, \u00e1ltal\u00e1ban nagyobb neh\u00e9zs\u00e9gei vannak egyes tablett\u00e1k lenyel\u00e9s\u00e9n\u00e9l. \u00c1ltal\u00e1ban a foly\u00e9kony \u00e9trend-kieg\u00e9sz\u00edt\u0151k sokkal k\u00f6nnyebben lebomlanak \u00e9s felsz\u00edv\u00f3dnak. Ezenk\u00edv\u00fcl bebizonyosodott, hogy a folyad\u00e9kok teljesebben \u00e9s gyorsan felsz\u00edv\u00f3dnak, mint a legt\u00f6bb kapszula.<\/p>\n<p>A D3 vitamin tov\u00e1bbi el\u0151nye, hogy bizonyos t\u00e1panyagok kieg\u00e9sz\u00edt\u00e9s\u00e9vel szinergikus. Az egyik ilyen pl. a K-vitamin, ugyanis mindk\u00e9t vitaminnak jelent\u0151s hat\u00e1smechanizmusa van a sz\u00edv \u00e9s \u00e9rrendszeri valamint a csontanyagcsere rendszerekben [10]. A D3- vitamin tov\u00e1bb\u00e1 seg\u00edti a szervezetet a kalcium \u00e9s a foszfor felsz\u00edv\u00e1s\u00e1ban, megtart\u00e1s\u00e1ban. Ezen k\u00e9t \u00e1sv\u00e1nyi anyag kritikus a csont\u00e9p\u00edt\u00e9s szempontj\u00e1b\u00f3l. [11].<\/p>\n<p><b>\u00d6sszes\u00e9g\u00e9ben<\/b>\u00a0elmondhat\u00f3, hogy a D-vitamin fontos szerepet j\u00e1tszik az eg\u00e9szs\u00e9gmeg\u0151rz\u00e9sben. A megfelel\u0151 mennyis\u00e9g\u0171 szint el\u00e9r\u00e9s\u00e9t gyakran D-vitamin kieg\u00e9sz\u00edt\u00e9ssel \u00e9rhetj\u00fck el. Fontos azonban megjegyezni, hogy a t\u00falzott m\u00e9rt\u00e9k\u0171 fogyaszt\u00e1s D- vitamin toxicit\u00e1shoz vezet. Ennek elker\u00fcl\u00e9se \u00e9rdek\u00e9ben szak\u00e9rt\u0151k azt javasolj\u00e1k, hogy napi 4000 NE meghalad\u00f3 mennyis\u00e9get orvosi fel\u00fcgyelet mellett c\u00e9lszer\u0171 adagolni.<\/p>\n<p><b>A D-vitamin EFSA \u00e1ltal enged\u00e9lyezett \u00e1ll\u00edt\u00e1si:<\/b><\/p>\n<p>A D-vitamin hozz\u00e1j\u00e1rul a kalcium \u00e9s a foszfor norm\u00e1l felsz\u00edv\u00f3d\u00e1s\u00e1hoz\/hasznosul\u00e1s\u00e1hoz.<\/p>\n<p>A D-vitamin hozz\u00e1j\u00e1rul a v\u00e9r norm\u00e1l kalciumszintj\u00e9nek fenntart\u00e1s\u00e1hoz<\/p>\n<p>A D-vitamin hozz\u00e1j\u00e1rul az eg\u00e9szs\u00e9ges csontozat fenntart\u00e1s\u00e1hoz.<\/p>\n<p>A D-vitamin hozz\u00e1j\u00e1rul az eg\u00e9szs\u00e9ges izomfunkci\u00f3 fenntart\u00e1s\u00e1hoz<\/p>\n<p>A D-vitamin hozz\u00e1j\u00e1rul a norm\u00e1l fogazat fenntart\u00e1s\u00e1ban.<\/p>\n<p>A D-vitamin hozz\u00e1j\u00e1rul a norm\u00e1l fogazat fenntart\u00e1s\u00e1ban.<\/p>\n<p>A D-vitamin szerepet j\u00e1tszik a sejtoszt\u00f3d\u00e1sban.<\/p>\n<p><b>Nett\u00f3 mennyis\u00e9g:<\/b>\u00a030ml (~27g)<\/p>\n<p><b>240 adag (1 adag 4 csepp)<\/b><\/p>\n<p>Hat\u00f3anyag\u00a0\u00a0\u00a0 Napi 1 adagban\u00a0\u00a0\u00a0\u00a0\u00a0\u00a0\u00a0 NRV<\/p>\n<p>D3-vitamin\u00a0\u00a0\u00a0\u00a0 4000NE-100 \u00b5g\u00a0\u00a0\u00a0\u00a0\u00a0\u00a0\u00a0 2000%<\/p>\n<p>NRV: T\u00e1pl\u00e1lkoz\u00e1si napi beviteli referencia \u00e9rt\u00e9k feln\u0151ttek sz\u00e1m\u00e1ra.<\/p>\n<p><b>Adagol\u00e1si javaslat:<\/b>\u00a0napi 4 csepp javasolt, k\u00f6zvetlen\u00fcl sz\u00e1jba vagy \u00e9telhez keverve.<\/p>\n<p><b>\u00d6sszetev\u0151k:<\/b>\u00a0k\u00f6zepes sz\u00e9nl\u00e1nc\u00fa zs\u00edrsavak trigliceridjei, kolekalciferol (D3 vitamin), antioxid\u00e1ns: alfa-Tokoferol.<\/p>\n<p>Sz\u00e1raz, h\u0171v\u00f6s helyen, kisgyermekek el\u0151l elz\u00e1rva tartand\u00f3. Az aj\u00e1nlott napi fogyaszt\u00e1si mennyis\u00e9get ne l\u00e9pje t\u00fal! Az \u00e9trend-kieg\u00e9sz\u00edt\u0151k nem helyettes\u00edtik a kiegyens\u00falyozott, vegyes \u00e9trendet \u00e9s az eg\u00e9szs\u00e9ges \u00e9letm\u00f3dot.<\/p>\n<p><b>Forgalmaz\u00f3:<\/b>\u00a0Hofood Kft., 2142 Nagytarcsa, Bodza utca 14.<\/p>\n<p>Hivatkoz\u00e1sok:<\/p>\n<p>1.\u00a0\u00a0\u00a0\u00a0\u00a0\u00a0 Holick M.F. The Vitamin D deficiency pandemic: Approaches for diagnosis, treatment and prevention. Rev. Endocr. Metab. Disord. 2017;18:153\u2013165. doi: 10.1007\/s11154-017-9424-1.<\/p>\n<p>2.\u00a0\u00a0\u00a0\u00a0\u00a0\u00a0 Wacker M., Holick M.F. Sunlight and vitamin D. Dermato-Endocrinology. 2013;5:51\u2013108. doi:<\/p>\n<p>10.4161\/derm.24494.<\/p>\n<p>3.\u00a0\u00a0\u00a0\u00a0\u00a0\u00a0 Holick M.F. Biological effects of sunlight, ultraviolet radiation, visible light, infrared radiation and vitamin D for health. Anticancer Res. 2016;36:1345\u20131356.<\/p>\n<p>4.\u00a0\u00a0\u00a0\u00a0\u00a0\u00a0 Wacker M., Holick M.F.: Vitamin D \u2013 effects on skeletal and extraskeletal health and the need for supplementation. Nutrients 2013, 5 , 111\u2013148. doi:10.3390\/nu5010111<\/p>\n<p>5.\u00a0\u00a0\u00a0\u00a0\u00a0\u00a0 Barvencik, F.; Amling, M. Vitamin D metabolism of the bone. Orthopade 2015, 44, 686\u2013694.<\/p>\n<p>6.\u00a0\u00a0\u00a0\u00a0\u00a0\u00a0 Jasinghe, V.J.; Perera, C.O. Distribution of ergosterol in different tissues of mushrooms and its effect on the conversion of ergosterol to vitamin D2 by UV irradiation. Food Chem. 2005, 2, 541\u2013546.<\/p>\n<p>7.\u00a0\u00a0\u00a0\u00a0\u00a0\u00a0 Holick MF. Vitamin D: importance in the prevention of cancers, type 1 diabetes, heart disease, and osteoporosis. Am J Clin Nutr. 2004; 79:362-71<\/p>\n<p>8.\u00a0\u00a0\u00a0\u00a0\u00a0\u00a0 Tripkovic L, Lambert H, Hart K, Smith CP, Bucca G, Penson S, Chope G, Hypp\u00f6nen E, Berry J, Vieth R, LanhamNew S. Comparison of vitamin D2 and vitamin D3 supplementation in raising serum 25-hydroxyvitamin D status: a systematic review and meta-analysis. The American journal of clinical nutrition. 2012 Jun 1;95(6):1357-64.<\/p>\n<p>9.\u00a0\u00a0\u00a0\u00a0\u00a0\u00a0 Wilson LR, Tripkovic L, Hart KH, Lanham-New SA. Vitamin D deficiency as a public health issue: using vitamin D 2 or vitamin D 3 in future fortification strategies. Proceedings of the Nutrition Society. 2017 Aug;76(3):392<\/p>\n<p>10.\u00a0\u00a0\u00a0\u00a0 Kidd PM. Vitamins D and K as pleiotropic nutrients: clinical importance to the skeletal and cardiovascular systems and preliminary evidence for synergy. Altern Med Rev. (2010)<\/p>\n<p>11.\u00a0\u00a0\u00a0\u00a0 Heaney RP, et al. Calcium absorption varies within the reference range for serum 25-hydroxyvitamin D. J Am Coll Nutr. (2003)<\/p>\n","protected":false},"excerpt":{"rendered":"<p>&nbsp; A n\u00e9v k\u00f6telez, megszokhatt\u00e1tok, hogy a Collango egyet jelent: a min\u0151s\u00e9gi alapanyaggal a magas hat\u00f3anyag tartalommal ismert \u00e9s elismert + nyomonk\u00f6vethet\u0151 alapanyag gy\u00e1rt\u00f3kkal egyszer\u0171 adagol\u00e1ssal kiv\u00e1l\u00f3 \u00e1r- \u00e9rt\u00e9k ar\u00e1nnyal Collango\u00a0Drops D3 komplex\u00a0jellemz\u0151i: 4.000NE\/adag 1 adag: 4 csepp 240 adag\/kiszerel\u00e9s MCT olajban feloldva (fenntarthat\u00f3 gazdas\u00e1gb\u00f3l sz\u00e1rmazik- or\u00e1ngut\u00e1n bar\u00e1t) Collango Drops D3 komplex\u00a0el\u0151nyei: Magas hat\u00f3anyag tartalom [&hellip;]<\/p>\n","protected":false},"featured_media":5132,"comment_status":"closed","ping_status":"open","template":"","meta":[],"product_cat":[60],"product_tag":[],"class_list":{"0":"post-5131","1":"product","2":"type-product","3":"status-publish","4":"has-post-thumbnail","6":"product_brand-collango","7":"product_cat-vitaminok","9":"first","10":"instock","11":"purchasable","12":"product-type-simple"},"_links":{"self":[{"href":"https:\/\/vitamin.coredesign.hu\/index.php?rest_route=\/wp\/v2\/product\/5131","targetHints":{"allow":["GET"]}}],"collection":[{"href":"https:\/\/vitamin.coredesign.hu\/index.php?rest_route=\/wp\/v2\/product"}],"about":[{"href":"https:\/\/vitamin.coredesign.hu\/index.php?rest_route=\/wp\/v2\/types\/product"}],"replies":[{"embeddable":true,"href":"https:\/\/vitamin.coredesign.hu\/index.php?rest_route=%2Fwp%2Fv2%2Fcomments&post=5131"}],"wp:featuredmedia":[{"embeddable":true,"href":"https:\/\/vitamin.coredesign.hu\/index.php?rest_route=\/wp\/v2\/media\/5132"}],"wp:attachment":[{"href":"https:\/\/vitamin.coredesign.hu\/index.php?rest_route=%2Fwp%2Fv2%2Fmedia&parent=5131"}],"wp:term":[{"taxonomy":"product_cat","embeddable":true,"href":"https:\/\/vitamin.coredesign.hu\/index.php?rest_route=%2Fwp%2Fv2%2Fproduct_cat&post=5131"},{"taxonomy":"product_tag","embeddable":true,"href":"https:\/\/vitamin.coredesign.hu\/index.php?rest_route=%2Fwp%2Fv2%2Fproduct_tag&post=5131"}],"curies":[{"name":"wp","href":"https:\/\/api.w.org\/{rel}","templated":true}]}}