{"id":5121,"date":"2025-10-12T12:20:31","date_gmt":"2025-10-12T10:20:31","guid":{"rendered":"https:\/\/vitamin.coredesign.hu\/?product=100-ban-termeszetes-borsofeherje-izolatum-unflavored-454g"},"modified":"2026-01-08T23:22:10","modified_gmt":"2026-01-08T22:22:10","slug":"100-ban-termeszetes-borsofeherje-izolatum-unflavored-454g","status":"publish","type":"product","link":"https:\/\/vitamin.coredesign.hu\/?product=100-ban-termeszetes-borsofeherje-izolatum-unflavored-454g","title":{"rendered":"100% -ban term\u00e9szetes Bors\u00f3feh\u00e9rje izol\u00e1tum \/ Unflavored 454g"},"content":{"rendered":"<p>&nbsp;<\/p>\n<div id=\"lt-accessibility-devtools\" aria-hidden=\"true\"><\/div>\n<p>100% All Natural Pea Protein Isolate egy kiv\u00e1l\u00f3 min\u0151s\u00e9g\u0171 feh\u00e9rjepor, 100% n\u00f6v\u00e9nyi eredet\u0171. A bors\u00f3feh\u00e9rje-izol\u00e1tum seg\u00edt a sz\u00fcks\u00e9ges napi feh\u00e9rjeig\u00e9nyt biztos\u00edtani. K\u00fcl\u00f6n\u00f6sen alkalmas kieg\u00e9sz\u00edt\u0151k azoknak a sportol\u00f3knak, akik nem fogyasztanak \u00e1llati eredet\u0171 term\u00e9keket.<\/p>\n<p>El\u0151ny\u00f6k:<\/p>\n<p>100% bors\u00f3feh\u00e9rje-izol\u00e1tum<br \/>\nteljesen n\u00f6v\u00e9nyi eredet\u0171<br \/>\nveget\u00e1ri\u00e1nusok is fogyaszthatj\u00e1k<br \/>\n0 g zs\u00edr<br \/>\ncsak 1 gramm sz\u00e9nhidr\u00e1t adagonk\u00e9nt<br \/>\n\u00edzes\u00edtetlen<br \/>\nfelgyors\u00edtja a regener\u00e1l\u00f3d\u00e1st<\/p>\n<p>Az izol\u00e1tum a feh\u00e9rje egyik legtiszt\u00e1bb form\u00e1ja. A bors\u00f3feh\u00e9rje, ak\u00e1r a sz\u00f3ja, nagy mennyis\u00e9g\u0171 metionint tartalmaz, ami hat\u00e1sos az izomt\u00f6meg n\u00f6vel\u00e9se sor\u00e1n. M\u00e1s feh\u00e9rjeforr\u00e1sokt\u00f3l elt\u00e9r\u0151en a bors\u00f3feh\u00e9rje sokkal k\u00f6nnyebben felsz\u00edv\u00f3dik (t\u00f6bb mint 90%-ban).<br \/>\n100% All Natural Pea Protein Isolate biztos\u00edtja a szervezet folyamatos aminosav ell\u00e1t\u00e1s\u00e1t, ami rendk\u00edv\u00fcl fontos a pozit\u00edv nitrog\u00e9negyens\u00faly fenntart\u00e1sa \u00e9rdek\u00e9ben. A bors\u00f3feh\u00e9rje argininben is gazdag.<\/p>\n<p>A bors\u00f3feh\u00e9rje kellemes term\u00e9szetes \u00edze lehet\u0151v\u00e9 teszi, hogy mesters\u00e9ges \u00e9des\u00edt\u0151szerek \u00e9s \u00edzes\u00edt\u0151szerek hozz\u00e1ad\u00e1sa n\u00e9lk\u00fcl is kellemesen fogyaszthat\u00f3 legyen. Ez a feh\u00e9rje csak 1 gramm sz\u00e9nhidr\u00e1tot tartalmaz adagonk\u00e9nt \u00e9s 0 gramm zs\u00edrt.<br \/>\nEgy adag: 32 g (1 adagol\u00f3kan\u00e1l)<br \/>\nAj\u00e1nlott alkalmaz\u00e1s: naponta egy adagot fogyasszon 250-300 ml v\u00edzben keverve. Edz\u00e9snapokon edz\u00e9s ut\u00e1n.<br \/>\nCsomag tartalma: 14 adag<\/p>\n","protected":false},"excerpt":{"rendered":"<p>100% All Natural Pea Protein Isolate egy kiv\u00e1l\u00f3 min\u0151s\u00e9g\u0171 feh\u00e9rjepor, 100% n\u00f6v\u00e9nyi eredet\u0171. A bors\u00f3feh\u00e9rje-izol\u00e1tum seg\u00edt a sz\u00fcks\u00e9ges napi feh\u00e9rjeig\u00e9nyt biztos\u00edtani. K\u00fcl\u00f6n\u00f6sen alkalmas kieg\u00e9sz\u00edt\u0151k azoknak a sportol\u00f3knak, akik nem fogyasztanak \u00e1llati eredet\u0171 term\u00e9keket.<\/p>\n","protected":false},"featured_media":0,"comment_status":"closed","ping_status":"open","template":"","meta":[],"product_cat":[70],"product_tag":[],"class_list":{"0":"post-5121","1":"product","2":"type-product","3":"status-publish","5":"product_brand-haya-labs","6":"product_cat-proteinek","8":"first","9":"instock","10":"purchasable","11":"product-type-simple"},"_links":{"self":[{"href":"https:\/\/vitamin.coredesign.hu\/index.php?rest_route=\/wp\/v2\/product\/5121","targetHints":{"allow":["GET"]}}],"collection":[{"href":"https:\/\/vitamin.coredesign.hu\/index.php?rest_route=\/wp\/v2\/product"}],"about":[{"href":"https:\/\/vitamin.coredesign.hu\/index.php?rest_route=\/wp\/v2\/types\/product"}],"replies":[{"embeddable":true,"href":"https:\/\/vitamin.coredesign.hu\/index.php?rest_route=%2Fwp%2Fv2%2Fcomments&post=5121"}],"wp:attachment":[{"href":"https:\/\/vitamin.coredesign.hu\/index.php?rest_route=%2Fwp%2Fv2%2Fmedia&parent=5121"}],"wp:term":[{"taxonomy":"product_cat","embeddable":true,"href":"https:\/\/vitamin.coredesign.hu\/index.php?rest_route=%2Fwp%2Fv2%2Fproduct_cat&post=5121"},{"taxonomy":"product_tag","embeddable":true,"href":"https:\/\/vitamin.coredesign.hu\/index.php?rest_route=%2Fwp%2Fv2%2Fproduct_tag&post=5121"}],"curies":[{"name":"wp","href":"https:\/\/api.w.org\/{rel}","templated":true}]}}