{"id":5120,"date":"2025-10-12T12:20:31","date_gmt":"2025-10-12T10:20:31","guid":{"rendered":"https:\/\/vitamin.coredesign.hu\/?product=collango-d3k-komplex-drops"},"modified":"2026-01-08T23:22:10","modified_gmt":"2026-01-08T22:22:10","slug":"collango-d3k-komplex-drops","status":"publish","type":"product","link":"https:\/\/vitamin.coredesign.hu\/?product=collango-d3k-komplex-drops","title":{"rendered":"Collango D3&#038;K komplex drops"},"content":{"rendered":"<p>&nbsp;<\/p>\n<div id=\"lt-accessibility-devtools\" aria-hidden=\"true\"><\/div>\n<p><strong>A n\u00e9v k\u00f6telez, megszokhatt\u00e1tok, hogy a Collango egyet jelent:<\/strong><\/p>\n<ul type=\"disc\">\n<li>a min\u0151s\u00e9gi alapanyaggal<\/li>\n<li>a magas hat\u00f3anyag tartalommal<\/li>\n<li>ismert \u00e9s elismert + nyomonk\u00f6vethet\u0151 alapanyag gy\u00e1rt\u00f3kkal<\/li>\n<li>egyszer\u0171 adagol\u00e1ssal<\/li>\n<li>kiv\u00e1l\u00f3 \u00e1r- \u00e9rt\u00e9k ar\u00e1nnyal<\/li>\n<\/ul>\n<p>&nbsp;<\/p>\n<p dir=\"ltr\"><strong>Collango\u00a0<b>Drops D3&amp;K\u00a0komplex<\/b>\u00a0jellemz\u0151i:<\/strong><\/p>\n<ul>\n<li>4.000NE\u00a0 D-vitamint tartalmaz \u00e9s 1.000 \u00b5g K komplexet (900 \u00b5g K1- vitamin \u00e9s 100 \u00b5g K2- vitamin)\/ adag<\/li>\n<li>1 adag: 12\u00a0csepp<\/li>\n<li>60 adag\/kiszerel\u00e9s<\/li>\n<li>MCT olajban feloldva (fenntarthat\u00f3 gazdas\u00e1gb\u00f3l sz\u00e1rmazik- or\u00e1ngut\u00e1n bar\u00e1t)<\/li>\n<\/ul>\n<p><b>Collango Drops D3&amp;K komplex\u00a0el\u0151nyei:<\/b><\/p>\n<ul type=\"disc\">\n<li>Magas hat\u00f3anyag tartalom<\/li>\n<li>Gazdas\u00e1gos kiszerel\u00e9s<\/li>\n<li>K\u00f6nnyen adagolhat\u00f3<\/li>\n<\/ul>\n<p>A Collango Drops D3+K Komplex egy nagy d\u00f3zis\u00fa vitamin k\u00e9sz\u00edtm\u00e9ny. Kiv\u00e1l\u00f3 min\u0151s\u00e9g\u0171 DSM D3-vitamin (<a href=\"https:\/\/www.dsm.com\/human-nutrition\/en\/products\/vitamins\/vitamin-d.html\" target=\"_blank\" rel=\"noopener\">https:\/\/www.dsm.com\/human-nutrition\/en\/products\/vitamins\/vitamin-d.html<\/a>), alga eredet\u0171 D3-vitamin (vegan) (<a href=\"https:\/\/www.vitamind3v.xn--com)keverkbl-lkbb38o\/\" target=\"_blank\" rel=\"noopener\">https:\/\/www.vitamind3v.com)kever\u00e9k\u00e9b\u0151l<\/a>, gy\u00f3gyszerk\u00f6nyvi min\u0151s\u00e9g\u0171 K1-vitaminb\u00f3l (<a href=\"https:\/\/www.dsm.com\/human-nutrition\/en\/products\/vitamins\/vitamin-k.html\" target=\"_blank\" rel=\"noopener\">https:\/\/www.dsm.com\/human-nutrition\/en\/products\/vitamins\/vitamin-k.html<\/a>) \u00e9s teljesen term\u00e9szetes, biotranszform\u00e1ci\u00f3val el\u0151\u00e1ll\u00edtott vegan K2-vitaminb\u00f3l \u00e1ll (<a href=\"https:\/\/www.vitamk7.com\/\" target=\"_blank\" rel=\"noopener\">https:\/\/www.vitamk7.com\/<\/a>) melyet vegyes tokoferolokkal (E-vitamin) stabiliz\u00e1ltunk. Mindez feloldva RSPO min\u0151s\u00edtett MCT (k\u00f6zepes sz\u00e9nl\u00e1nc\u00fa zs\u00edrsavak trigliceridjei) olajban feloldva. Ez az\u00e9rt fontos, mert fenntarthat\u00f3 gazd\u00e1lkod\u00e1sb\u00f3l sz\u00e1rmazik \u00e9s \u00edgy k\u00f6z\u00f6sen meg\u0151rizhetj\u00fck a vadon \u00e9l\u0151 \u00e1llatfajok \u00e9l\u0151helyeit.<\/p>\n<p><b>D3 \u2013 vitaminr\u00f3l \u00e1ltal\u00e1nosan (<u>itt olvashat: https:\/\/collango.com\/termek\/collango-drops-d3-komplex\/)<\/u><\/b><\/p>\n<p><b>K-vitaminr\u00f3l \u00e1ltal\u00e1nosan<\/b><\/p>\n<p>A K-vitamin egy n\u00e9lk\u00fcl\u00f6zhetetlen zs\u00edrban old\u00f3d\u00f3 vitamin, amely t\u00e1mogatja a v\u00e9ralvad\u00e1st \u00e9s hozz\u00e1j\u00e1rul az eg\u00e9szs\u00e9ges csontok meg\u0151rz\u00e9s\u00e9hez. Egyre t\u00f6bb a tudom\u00e1nyos bizony\u00edt\u00e9k arra vonatkoz\u00f3an, hogy a K-vitamin k\u00fcl\u00f6nb\u00f6z\u0151 form\u00e1i elt\u00e9r\u0151 \u00e9s jelent\u0151s hat\u00e1ssal vannak a betegs\u00e9gek kock\u00e1zat\u00e1nak cs\u00f6kkent\u00e9s\u00e9re. A K-vitaminnak k\u00e9t term\u00e9szetes el\u0151fordul\u00e1si form\u00e1ja van: a K1-vitamin (filokinon), melyet n\u00f6v\u00e9nyek szintetiz\u00e1lnak. A K2-vitamin k\u00fcl\u00f6nb\u00f6z\u0151 form\u00e1i (menakinonok) f\u0151leg tejterm\u00e9kekben fedezhet\u0151ek fel, \u00e9s kisebb m\u00e9rt\u00e9kben az \u00e1llatok, emberek em\u00e9szt\u0151rendszer\u00e9ben tal\u00e1lhat\u00f3 bakt\u00e9riumok is el\u0151\u00e1ll\u00edtj\u00e1k.<\/p>\n<p>A kutat\u00f3k az ut\u00f3bbi p\u00e1r \u00e9vtizedben j\u00f6ttek r\u00e1, hogy a K1- \u00e9s K2-vitaminok nemcsak elt\u00e9r\u0151 k\u00e9miai szerkezettel, de k\u00fcl\u00f6nb\u00f6z\u0151 funkci\u00f3val is rendelkeznek. Ez\u00e1ltal sokan nincsenek is tiszt\u00e1ban a K2-vitamin eg\u00e9szs\u00e9gre gyakorolt pozit\u00edv hat\u00e1sair\u00f3l. \u00cdgy nagyon fontos megismerni a K2-vitaminban rejl\u0151 el\u0151ny\u00f6ket \u00e9s ez\u00e1ltal a fogyaszt\u00e1s\u00e1nak fontoss\u00e1g\u00e1t is.<\/p>\n<p><b>A K2-vitamin funkci\u00f3ja \u00e9s eg\u00e9szs\u00e9gre gyakorolt hat\u00e1sa<\/b><\/p>\n<p>A K-vitamin mindk\u00e9t t\u00edpus\u00e1ra sz\u00fcks\u00e9ge van az emberi szervezetnek a protrombin nev\u0171 feh\u00e9rje el\u0151\u00e1ll\u00edt\u00e1s\u00e1hoz. Ezen kulcsfontoss\u00e1g\u00fa feh\u00e9rje j\u00e1tszik szerepet a v\u00e9ralvad\u00e1sban, de a megfelel\u0151 csontanyagcser\u00e9hez \u00e9s a sz\u00edv m\u0171k\u00f6d\u00f6s\u00e9hez is hozz\u00e1j\u00e1rul. M\u00edg a K1-vitamin els\u0151sorban a v\u00e9ralvad\u00e1sban bet\u00f6lt\u00f6tt funkci\u00f3ja alapj\u00e1n ismeretes, addig a K2-vitamin mindezek mellett egy v\u00e1ltozatosabb funkci\u00f3kat bet\u00f6lt\u0151 szereppel b\u00edr az emberi szervezetben.<\/p>\n<p>A csontok eg\u00e9szs\u00e9g\u00e9nek, \u00e9ps\u00e9g\u00e9nek meg\u0151rz\u00e9se nem egyszer\u0171 feladat az \u00e9letkor el\u0151rehaladt\u00e1val. Sz\u00e1mos t\u00e9nyez\u0151 befoly\u00e1solja a csontjaink eg\u00e9szs\u00e9g\u00e9t pl.: D-vitamin, kalcium, magn\u00e9zium, b\u00e9lrendszer eg\u00e9szs\u00e9ge stb. Az aktu\u00e1lis tudom\u00e1ny \u00e1ll\u00e1spontja szerint ezen t\u00e9nyez\u0151ket b\u0151v\u00edteni kell a K2-vitaminnal. Hogy mi\u00e9rt? Mert ezen vitamin sz\u00fcks\u00e9ges az oszteokalcin nev\u0171 feh\u00e9rje m\u0171k\u00f6d\u00e9s\u00e9hez, melynek fontos szerepe van a csontok kialakul\u00e1s\u00e1ban \u00e9s meg\u00fajul\u00e1s\u00e1ban is. Amikor a K2-vitamin aktiv\u00e1l\u00f3dik, az oszteokalcin k\u00f6t\u0151dik a kalciumhoz melynek eredm\u00e9nyek\u00e9ppen a kalcium lerakodik a csontokba \u00e9s a csont mineraliz\u00e1l\u00f3dik, kem\u00e9nyebb\u00e9, ellen\u00e1ll\u00f3bb\u00e1 v\u00e1lik.<\/p>\n<p>A K2-vitamin aktiv\u00e1l egy olyan feh\u00e9rj\u00e9t (MGP), amely megakad\u00e1lyozza a kalcium lerak\u00f3d\u00e1s\u00e1nak kialakul\u00e1s\u00e1t az erek fal\u00e1ban. Ez\u00e1ltal, kisebb a kock\u00e1zata a sz\u00edvart\u00e9ri\u00e1k meszesed\u00e9s\u00e9nek, mereved\u00e9s\u00e9nek, amely a k\u00fcl\u00f6nb\u00f6z\u0151 sz\u00edvbetegs\u00e9gek okoz\u00f3ja. Teh\u00e1t a K2-vitamin visszatartja a kalciumot, \u00e9s seg\u00edt fenntartani az erek fal\u00e1nak rugalmass\u00e1g\u00e1t, hogy a v\u00e9r szabadon \u00e1ramolhasson a sz\u00edv art\u00e9ri\u00e1in, el\u0151seg\u00edtve ezzel a sz\u00edv eg\u00e9szs\u00e9gi \u00e1llapot\u00e1t.<\/p>\n<p><b>Milyen \u00e9lelmiszerek fogyaszt\u00e1s\u00e1val juthatunk K2-vitaminhoz?<\/b><\/p>\n<p>K2-vitamin kiv\u00e1l\u00f3 forr\u00e1sai az \u00e1llati eredet\u0171 \u00e9lelmiszerek:<\/p>\n<p>\u2022\u00a0\u00a0\u00a0\u00a0\u00a0\u00a0\u00a0 h\u00fas (csirke, marha)<\/p>\n<p>\u2022\u00a0\u00a0\u00a0\u00a0\u00a0\u00a0\u00a0 toj\u00e1ss\u00e1rg\u00e1ja<\/p>\n<p>\u2022\u00a0\u00a0\u00a0\u00a0\u00a0\u00a0\u00a0 magas zs\u00edrtartartalm\u00fa tejterm\u00e9kek (pl.vaj, sajtok)<\/p>\n<p>\u2022\u00a0\u00a0\u00a0\u00a0\u00a0\u00a0\u00a0 csirkem\u00e1j<\/p>\n<p>\u2022\u00a0\u00a0\u00a0\u00a0\u00a0\u00a0\u00a0 felv\u00e1gottak (sonka, szal\u00e1mi)<\/p>\n<p>Jelent\u0151s mennyis\u00e9g\u0171 K2-vitamint tartalmaznak az erjesztett \u00e9lelmiszerek is, mint p\u00e9ld\u00e1ul a savany\u00fa k\u00e1poszta, sajt. Az \u00e9lelmiszerek legmagasabb K2-vitamin koncentr\u00e1ci\u00f3ja a jap\u00e1n eredet\u0171 natto tartalmazza, mely sz\u00f3j\u00e1b\u00f3l erjeszt\u00e9ssel k\u00e9sz\u00fcl.<\/p>\n<p><b>Milyen t\u00fcnetek jelentkezhetnek K-vitamin hi\u00e1ny eset\u00e9n?<\/b><\/p>\n<p>A K-vitamin hi\u00e1ny feln\u0151ttekn\u00e9l ritka, de sajnos nem kiz\u00e1rt. Azokat az embereket \u00e9rintheti, akiknek a gy\u00f3gyszerszed\u00e9s\u00fck \u00e1ltal g\u00e1tolva van a K-vitamin anyagcsere a szervezet\u00fckben (pl. antibiotikumok). De el\u0151fordulhat k\u00fcl\u00f6nb\u00f6z\u0151 \u00e9lelmiszer \u00e9s t\u00e1panyagfelsz\u00edv\u00f3d\u00e1si zavarban szenved\u0151 betegekn\u00e9l, valamint \u00fajsz\u00fcl\u00f6ttekn\u00e9l, csecsem\u0151kn\u00e9l is.<\/p>\n<p>Leggyakoribb t\u00fcnetei a K-vitamin hi\u00e1nynak:<\/p>\n<p>\u2022\u00a0\u00a0\u00a0\u00a0\u00a0\u00a0\u00a0 Hosszabb v\u00e9ralvad\u00e1si id\u0151<\/p>\n<p>\u2022\u00a0\u00a0\u00a0\u00a0\u00a0\u00a0\u00a0 V\u00e9rz\u00e9s<\/p>\n<p>\u2022\u00a0\u00a0\u00a0\u00a0\u00a0\u00a0\u00a0 Csontritkul\u00e1s<\/p>\n<p>&nbsp;<\/p>\n<p><b>Mennyi K- vitaminra van sz\u00fcks\u00e9g\u00fcnk?<\/b><\/p>\n<p>Nincs hivatalos aj\u00e1nl\u00e1s a K2-vitamin bevitel\u00e9re, mivel ezen t\u00e1panyaggal kapcsolatos kutat\u00e1sok sz\u00e1ma folyamatosan n\u00f6vekszik. Azonban K-vitaminhoz juthatunk, mint m\u00e1r sz\u00f3 esett r\u00f3la az elfogyasztott \u00e9lelmiszerekb\u0151l, \u00e9trend-kieg\u00e9sz\u00edt\u0151kb\u0151l, illetve a b\u00e9lben \u00e9l\u0151 bakt\u00e9riumok termel\u00e9se \u00e1ltal is. \u00cdgy az \u00f6sszes K-vitamin javasolt bevitele n\u0151k eset\u00e9ben hozz\u00e1vet\u0151leg\u00a090 mikrogramm\/nap, m\u00edg a f\u00e9rfiakn\u00e1l 120 mikrogramm\/nap.<\/p>\n<p>&nbsp;<\/p>\n<p><b>A K-vitamin EFSA \u00e1ltal enged\u00e9lyezett \u00e1ll\u00edt\u00e1sai:<\/b><\/p>\n<p>A K-vitamin r\u00e9szt vesz a norm\u00e1l v\u00e9ralvad\u00e1sban.<\/p>\n<p>A K-vitamin r\u00e9szt vesz a norm\u00e1l csontozat fenntart\u00e1s\u00e1ban.<\/p>\n<p>&nbsp;<\/p>\n<p><b>\u00a0<\/b><\/p>\n<p><b>\u00a0<\/b><\/p>\n<p><b>Nett\u00f3 mennyis\u00e9g:<\/b>\u00a020ml (~18g)<\/p>\n<p><b>60 adag (1adag 12 csepp)<\/b><\/p>\n<p>&nbsp;<\/p>\n<table border=\"0\" width=\"372\" cellspacing=\"0\" cellpadding=\"0\">\n<tbody>\n<tr>\n<td nowrap=\"nowrap\" width=\"154\"><b>Hat\u00f3anyagok<\/b><\/td>\n<td nowrap=\"nowrap\" width=\"132\"><b>Napi 1 adagban<\/b><\/td>\n<td valign=\"top\" width=\"85\"><b>NRV<\/b><\/td>\n<\/tr>\n<tr>\n<td nowrap=\"nowrap\" width=\"154\">K-vitamin komplex<\/td>\n<td nowrap=\"nowrap\" width=\"132\">1000 \u03bcg<\/td>\n<td valign=\"top\" width=\"85\">1333%<\/td>\n<\/tr>\n<tr>\n<td nowrap=\"nowrap\" width=\"154\">\u00a0\u00a0 K1-vitamin<\/td>\n<td nowrap=\"nowrap\" width=\"132\">900 \u00b5g<\/td>\n<td valign=\"top\" width=\"85\">1200%<\/td>\n<\/tr>\n<tr>\n<td nowrap=\"nowrap\" width=\"154\">\u00a0\u00a0 K2-vitamin<\/td>\n<td nowrap=\"nowrap\" width=\"132\">100 \u00b5g<\/td>\n<td valign=\"top\" width=\"85\">133%<\/td>\n<\/tr>\n<tr>\n<td nowrap=\"nowrap\" width=\"154\">D3-vitamin<\/td>\n<td nowrap=\"nowrap\" width=\"132\">4000NE-100 \u00b5g<\/td>\n<td valign=\"top\" width=\"85\">2000%<\/td>\n<\/tr>\n<\/tbody>\n<\/table>\n<p>NRV: T\u00e1pl\u00e1lkoz\u00e1si napi beviteli referencia \u00e9rt\u00e9k feln\u0151ttek sz\u00e1m\u00e1ra.<\/p>\n<p><b>Adagol\u00e1si javaslat:\u00a0<\/b>napi 12 csepp javasolt, k\u00f6zvetlen\u00fcl sz\u00e1jba vagy \u00e9telhez keverve.<\/p>\n<p><b>\u00d6sszetev\u0151k:<\/b>\u00a0MCT olaj, fillokinon (K1 vitamin), menakinon (K2 vitamin-vitaMK7\u00ae), kolekalciferol (D3 vitamin), antioxid\u00e1ns: alfa-Tokoferol.<\/p>\n<p>Az aj\u00e1nlott napi fogyaszt\u00e1si mennyis\u00e9get ne l\u00e9pje t\u00fal!<\/p>\n<p>Az \u00e9trend-kieg\u00e9sz\u00edt\u0151k nem helyettes\u00edtik a kiegyens\u00falyozott, vegyes \u00e9trendet \u00e9s az eg\u00e9szs\u00e9ges \u00e9letm\u00f3dot. V\u00e9ralvad\u00e1st g\u00e1tl\u00f3t szed\u0151 egy\u00e9n, konzult\u00e1ljon orvos\u00e1val a term\u00e9k szed\u00e9se el\u0151tt!<\/p>\n<p>Sz\u00e1raz, h\u0171v\u00f6s helyen, kisgyermekek el\u0151l elz\u00e1rva tartand\u00f3.<\/p>\n<p><b>Forgalmaz\u00f3:<\/b>\u00a0Hofood Kft., 2142 Nagytarcsa, Bodza utca 14.<\/p>\n<p><b>Hivatkoz\u00e1sok:<\/b><\/p>\n<p>1.\u00a0\u00a0\u00a0\u00a0\u00a0\u00a0 Beulens JW, Booth SL, van den Heuvel EG, Stoecklin E, Baka A, Vermeer C. The role of menaquinones (vitamin K\u2082) in human health. Br J Nutr. 2013 Oct;110(8):1357-68. doi: 10.1017\/S0007114513001013. Epub 2013 Apr 16.<\/p>\n<p>2.\u00a0\u00a0\u00a0\u00a0\u00a0\u00a0 Bolton-Smith C, Price RJ, Fenton ST, Harrington DJ, Shearer MJ. Compilation of a provisional UK database for the phylloquinone (vitamin K1) content of foods. Br J Nutr. 2000 Apr;83(4):389-99.<\/p>\n<p>3.\u00a0\u00a0\u00a0\u00a0\u00a0\u00a0 Schurgers LJ, Vermeer C. Determination of phylloquinone and menaquinones in food. Effect of food matrix on circulating vitamin K concentrations. Haemostasis. 2000 Nov-Dec;30(6):298-307. doi: 10.1159\/000054147.<\/p>\n<p>4.\u00a0\u00a0\u00a0\u00a0\u00a0\u00a0 Kaneki M, Hodges SJ, Hosoi T, Fujiwara S, Lyons A, Crean SJ, Ishida N, Nakagawa M, Takechi M, Sano Y, Mizuno Y, Hoshino S, Miyao M, Inoue S, Horiki K, Shiraki M, Ouchi Y, Orimo H. Japanese fermented soybean food as the major determinant of the large geographic difference in circulating levels of vitamin K2: possible implications for hip-fracture risk. Nutrition. 2001 Apr;17(4):315-21. doi: 10.1016\/s0899-9007(00)00554-2. Erratum in: Nutrition. 2006 Oct;22(10):1075.<\/p>\n<p>5.\u00a0\u00a0\u00a0\u00a0\u00a0\u00a0 Plaza SM, Lamson DW. Vitamin K2 in bone metabolism and osteoporosis. Altern Med Rev. 2005 Mar;10(1):24-35.<\/p>\n<p>6.\u00a0\u00a0\u00a0\u00a0\u00a0\u00a0 Geleijnse JM, Vermeer C, Grobbee DE, Schurgers LJ, Knapen MH, van der Meer IM, Hofman A, Witteman JC. Dietary intake of menaquinone is associated with a reduced risk of coronary heart disease: the Rotterdam Study.<\/p>\n<p>J Nutr. 2004 Nov; 134(11):3100-5.<\/p>\n<p>7.\u00a0\u00a0\u00a0\u00a0\u00a0\u00a0 Sato T, Schurgers LJ, Uenishi K. Comparison of menaquinone-4 and menaquinone-7 bioavailability in healthy women. Nutr J. 2012 Nov 12;11:93. doi: 10.1186\/1475-2891-11-93. PMID: 23140417; PMCID: PMC3502319.<\/p>\n<p>8.\u00a0\u00a0\u00a0\u00a0\u00a0\u00a0 Shearer MJ, Bach A, Kohlmeier M. Chemistry, nutritional sources, tissue distribution and metabolism of vitamin K with special reference to bone health. J Nutr. 1996 Apr;126(4 Suppl):1181S-6S. doi: 10.1093\/jn\/126.suppl_4.1181S.<\/p>\n<p>9.\u00a0\u00a0\u00a0\u00a0\u00a0\u00a0 Kamao M, Suhara Y, Tsugawa N, Uwano M, Yamaguchi N, Uenishi K, Ishida H, Sasaki S, Okano T. Vitamin K content of foods and dietary vitamin K intake in Japanese young women. J Nutr Sci Vitaminol (Tokyo). 2007 Dec;53(6):464-70. doi: 10.3177\/jnsv.53.464.<\/p>\n<p>10.\u00a0\u00a0\u00a0\u00a0 Shearer MJ. Vitamin K deficiency bleeding (VKDB) in early infancy. Blood Rev. 2009 Mar;23(2):49-59. doi: 10.1016\/j.blre.2008.06.001. Epub 2008 Sep 19. PMID: 18804903.<\/p>\n<p>11.\u00a0\u00a0\u00a0\u00a0 Fusaro M, Noale M, Viola V, Galli F, Tripepi G, Vajente N, Plebani M, Zaninotto M, Guglielmi G, Miotto D, Dalle Carbonare L, D\u2019Angelo A, Naso A, Grimaldi C, Miozzo D, Giannini S, Gallieni M; VItamin K Italian (VIKI) Dialysis Study Investigators. Vitamin K, vertebral fractures, vascular calcifications, and mortality: VItamin K Italian (VIKI) dialysis study. J Bone Miner Res. 2012 Nov;27(11):2271-8. doi: 10.1002\/jbmr.1677.<\/p>\n<p>12.\u00a0\u00a0\u00a0\u00a0 EFSA NDA Panel (EFSA Panel on Dietetic Products, Nutrition and Allergies), Turck, D, Bresson, J\u2010L, Burlingame, B, Dean, T, Fairweather\u2010Tait, S, Heinonen, M, et al., 2017. Scientific Opinion on the dietary reference values for vitamin K. EFSA Journal 2017; 15( 5):4780, 78 pp. https:\/\/doi.org\/10.2903\/j.efsa.2017.4780<\/p>\n","protected":false},"excerpt":{"rendered":"<p>This is a grouped product.<\/p>\n","protected":false},"featured_media":0,"comment_status":"closed","ping_status":"open","template":"","meta":[],"product_cat":[60],"product_tag":[],"class_list":{"0":"post-5120","1":"product","2":"type-product","3":"status-publish","5":"product_brand-collango","6":"product_cat-vitaminok","8":"first","9":"instock","10":"purchasable","11":"product-type-simple"},"_links":{"self":[{"href":"https:\/\/vitamin.coredesign.hu\/index.php?rest_route=\/wp\/v2\/product\/5120","targetHints":{"allow":["GET"]}}],"collection":[{"href":"https:\/\/vitamin.coredesign.hu\/index.php?rest_route=\/wp\/v2\/product"}],"about":[{"href":"https:\/\/vitamin.coredesign.hu\/index.php?rest_route=\/wp\/v2\/types\/product"}],"replies":[{"embeddable":true,"href":"https:\/\/vitamin.coredesign.hu\/index.php?rest_route=%2Fwp%2Fv2%2Fcomments&post=5120"}],"wp:attachment":[{"href":"https:\/\/vitamin.coredesign.hu\/index.php?rest_route=%2Fwp%2Fv2%2Fmedia&parent=5120"}],"wp:term":[{"taxonomy":"product_cat","embeddable":true,"href":"https:\/\/vitamin.coredesign.hu\/index.php?rest_route=%2Fwp%2Fv2%2Fproduct_cat&post=5120"},{"taxonomy":"product_tag","embeddable":true,"href":"https:\/\/vitamin.coredesign.hu\/index.php?rest_route=%2Fwp%2Fv2%2Fproduct_tag&post=5120"}],"curies":[{"name":"wp","href":"https:\/\/api.w.org\/{rel}","templated":true}]}}