{"id":5113,"date":"2025-10-12T12:20:31","date_gmt":"2025-10-12T10:20:31","guid":{"rendered":"https:\/\/vitamin.coredesign.hu\/?product=drjuice-co-ezustkolloid-pattanasos-borfelulet-apolo-200ml"},"modified":"2026-01-08T23:22:09","modified_gmt":"2026-01-08T22:22:09","slug":"drjuice-co-ezustkolloid-pattanasos-borfelulet-apolo-200ml","status":"publish","type":"product","link":"https:\/\/vitamin.coredesign.hu\/?product=drjuice-co-ezustkolloid-pattanasos-borfelulet-apolo-200ml","title":{"rendered":"DrJuice Co. Ez\u00fcstkolloid Pattan\u00e1sos b\u0151rfel\u00fclet \u00e1pol\u00f3 200ml"},"content":{"rendered":"<p>&nbsp;<\/p>\n<div id=\"lt-accessibility-devtools\" aria-hidden=\"true\"><\/div>\n<div class=\"desc\">\n<p>Az ez\u00fcst esszenci\u00e1lis nyomelem, mind a n\u00f6v\u00e9nyek \u00e9s az \u00e1llatok, mind az ember sz\u00e1m\u00e1ra. V\u00e9di az immunrendszert. Az ez\u00fcstkolloid rendelkezik egy, az atomszerkezet\u00e9b\u0151l ad\u00f3d\u00f3 speci\u00e1lis hat\u00e1ssal, ami a m\u00e1j regener\u00e1ci\u00f3j\u00e1t el\u0151seg\u00edti, m\u00e9regtelen\u00edt\u00e9s\u00e9t fokozza. Igen hat\u00e1sos csontregener\u00e1l\u00f3 is, 50%-n\u00e1l is gyorsabb csontgy\u00f3gyul\u00e1st eredm\u00e9nyez. V\u00e1gott, horzsolt, \u00e9g\u00e9ses s\u00e9r\u00fcl\u00e9sekn\u00e9l el\u0151seg\u00edti a b\u0151r \u00e9s m\u00e1s finom sz\u00f6vetek \u00fajrak\u00e9pz\u0151d\u00e9s\u00e9t, r\u00e1ad\u00e1sul sterilen is tartja azokat.<\/p>\n<\/div>\n<div class=\"desc\">\n<p>Az ez\u00fcstkolloid az egysejt\u0171 \u00e9l\u0151l\u00e9nyek (bakt\u00e9riumok, gomb\u00e1k, v\u00edrusok) k\u00f6rnyezet\u00e9be ker\u00fclve g\u00e1tolja azok \u00e9letfunkci\u00f3it, \u00edgy azok r\u00f6vid id\u0151n bel\u00fcl elpusztulnak. A v\u00edrusok feh\u00e9rjeburk\u00e1nak szerkezet\u00e9t lerombolva akad\u00e1lyozza annak szaporod\u00e1si lehet\u0151s\u00e9g\u00e9t, el\u0151seg\u00edti azok pusztul\u00e1s\u00e1t. M\u00edg a gomb\u00e1k, bakt\u00e9riumok eset\u00e9ben egy bizonyos, sz\u00e1mukra \u00e9letfontoss\u00e1g\u00fa enzimj\u00e9t blokkolva okozza r\u00f6vid id\u0151n bel\u00fcli pusztul\u00e1sukat. M\u00e1r 10ppm-es (parts per million) koncentr\u00e1ci\u00f3 mellett nagyobb bakt\u00e9rium \u00f6l\u0151 hat\u00e1sa van, mint a legt\u00f6bb gy\u00f3gyszerk\u00e9nt kaphat\u00f3 antibiotikumnak. A mai napig kb. 650 f\u00e9le k\u00f3rokoz\u00f3r\u00f3l tudjuk, hogy az ez\u00fcstkolloid hat\u00e9konyan elpuszt\u00edtja. A kolloid\u00e1lt ez\u00fcst az ez\u00fcstnek az egyetlen form\u00e1ja, melyet biztons\u00e1gosan lehet alkalmazni. A sz\u00f6vetekbe el\u00e9g lassan sz\u00edv\u00f3dik fel ahhoz, hogy ne okozzon sz\u00f6veti irrit\u00e1ci\u00f3t.<\/p>\n<div class=\"box_01\">FIGYELMEZTET\u00c9SEK!<br \/>\n<strong>\u00c9trend-kieg\u00e9sz\u00edt\u0151k eset\u00e9n:<\/strong>\u00a0Az \u00e9trend-kleg\u00e9szit\u0151k nem helyettes\u00edtik a kiegyens\u00falyozott, vegyes \u00e9trendet \u00e9s az eg\u00e9szs\u00e9ges \u00e9letm\u00f3dot!<br \/>\n<strong>Orvostechnikai eszk\u00f6z\u00f6k eset\u00e9n:<\/strong>\u00a0A kock\u00e1zatokr\u00f3l olvassa el a haszn\u00e1lati \u00fatmutat\u00f3t, vagy k\u00e9rdezze meg kezel\u0151orvos\u00e1t!<br \/>\n<strong>Fert\u0151tlen\u00edt\u0151szerek eset\u00e9n:<\/strong> A fert\u0151tlen\u00edt\u0151szerek haszn\u00e1latakor \u00fcgyeljen a biztons\u00e1gra! Haszn\u00e1lat el\u0151tt mindig olvassa el a c\u00edmk\u00e9t \u00e9s a haszn\u00e1lati \u00fatmutat\u00f3t!<\/div>\n<\/div>\n","protected":false},"excerpt":{"rendered":"<p>&nbsp; Az ez\u00fcst esszenci\u00e1lis nyomelem, mind a n\u00f6v\u00e9nyek \u00e9s az \u00e1llatok, mind az ember sz\u00e1m\u00e1ra. V\u00e9di az immunrendszert. Az ez\u00fcstkolloid rendelkezik egy, az atomszerkezet\u00e9b\u0151l ad\u00f3d\u00f3 speci\u00e1lis hat\u00e1ssal, ami a m\u00e1j regener\u00e1ci\u00f3j\u00e1t el\u0151seg\u00edti, m\u00e9regtelen\u00edt\u00e9s\u00e9t fokozza. Igen hat\u00e1sos csontregener\u00e1l\u00f3 is, 50%-n\u00e1l is gyorsabb csontgy\u00f3gyul\u00e1st eredm\u00e9nyez. V\u00e1gott, horzsolt, \u00e9g\u00e9ses s\u00e9r\u00fcl\u00e9sekn\u00e9l el\u0151seg\u00edti a b\u0151r \u00e9s m\u00e1s finom sz\u00f6vetek \u00fajrak\u00e9pz\u0151d\u00e9s\u00e9t, [&hellip;]<\/p>\n","protected":false},"featured_media":0,"comment_status":"closed","ping_status":"open","template":"","meta":[],"product_cat":[61,67],"product_tag":[],"class_list":{"0":"post-5113","1":"product","2":"type-product","3":"status-publish","5":"product_brand-dr-juice","6":"product_cat-etrend-kiegeszitok","7":"product_cat-kolloidok","9":"first","10":"instock","11":"purchasable","12":"product-type-simple"},"_links":{"self":[{"href":"https:\/\/vitamin.coredesign.hu\/index.php?rest_route=\/wp\/v2\/product\/5113","targetHints":{"allow":["GET"]}}],"collection":[{"href":"https:\/\/vitamin.coredesign.hu\/index.php?rest_route=\/wp\/v2\/product"}],"about":[{"href":"https:\/\/vitamin.coredesign.hu\/index.php?rest_route=\/wp\/v2\/types\/product"}],"replies":[{"embeddable":true,"href":"https:\/\/vitamin.coredesign.hu\/index.php?rest_route=%2Fwp%2Fv2%2Fcomments&post=5113"}],"wp:attachment":[{"href":"https:\/\/vitamin.coredesign.hu\/index.php?rest_route=%2Fwp%2Fv2%2Fmedia&parent=5113"}],"wp:term":[{"taxonomy":"product_cat","embeddable":true,"href":"https:\/\/vitamin.coredesign.hu\/index.php?rest_route=%2Fwp%2Fv2%2Fproduct_cat&post=5113"},{"taxonomy":"product_tag","embeddable":true,"href":"https:\/\/vitamin.coredesign.hu\/index.php?rest_route=%2Fwp%2Fv2%2Fproduct_tag&post=5113"}],"curies":[{"name":"wp","href":"https:\/\/api.w.org\/{rel}","templated":true}]}}