{"id":5110,"date":"2025-10-12T12:20:31","date_gmt":"2025-10-12T10:20:31","guid":{"rendered":"https:\/\/vitamin.coredesign.hu\/?product=slow-down-1000mg-premium-10-cbd-olaj-10ml"},"modified":"2026-01-08T23:22:09","modified_gmt":"2026-01-08T22:22:09","slug":"slow-down-1000mg-premium-10-cbd-olaj-10ml","status":"publish","type":"product","link":"https:\/\/vitamin.coredesign.hu\/?product=slow-down-1000mg-premium-10-cbd-olaj-10ml","title":{"rendered":"Slow Down 1000mg Pr\u00e9mium 10% CBD olaj \u2013 10ml"},"content":{"rendered":"<p>&nbsp;<\/p>\n<div id=\"lt-accessibility-devtools\" aria-hidden=\"true\"><\/div>\n<p>Pellentesque habitant morbi tristique senectus et netus et malesuada fames ac turpis egestas. Vestibulum tortor quam, feugiat vitae, ultricies eget, tempor sit amet, ante. Donec eu libero sit amet quam egestas semper. Aenean ultricies mi vitae est. Mauris placerat eleifend leo.<\/p>\n","protected":false},"excerpt":{"rendered":"<p>A kendermagolajban oldott kannabidiol rendk\u00edv\u00fcl gazdag \u00e1sv\u00e1nyi anyagokban, flavonoidokban \u00e9s terp\u00e9nekben. A kenderben tal\u00e1lhat\u00f3 fitokannabinoidok az emberi szervezet \u00e1ltal termelt endokannabinoidokhoz nagyon hasonl\u00f3 vegy\u00fcletek, amik k\u00e9pesek stimul\u00e1lni a saj\u00e1t endokannabinoid rendszer\u00fcnket. Ennek a rendszernek megfelel\u0151 m\u0171k\u00f6d\u00e9se fontos a szervezet bels\u0151 egyens\u00faly\u00e1nak kialak\u00edt\u00e1s\u00e1hoz \u00e9s fenntart\u00e1s\u00e1hoz.<\/p>\n<p>Ezek a folyamatok hat\u00e1ssal vannak az immunrendszer az em\u00e9szt\u0151rendszer valamint az ideg- \u00e9s a hormonrendszer helyes m\u0171k\u00f6d\u00e9sre, ez\u00e1ltal p\u00e9ld\u00e1ul seg\u00edtik enyh\u00edteni a stressz \u00e9s a szorong\u00e1s t\u00fcneteit. Magas kannabidiolsav tartalm\u00e1nak k\u00f6sz\u00f6nhet\u0151en gyullad\u00e1scs\u00f6kkent\u0151, \u00edgy sz\u00e1mos megbeteged\u00e9s eset\u00e9n alkalmazhat\u00f3.<\/p>\n<p>Term\u00e9keink alapanyagak\u00e9nt felhaszn\u00e1lt kendert kiz\u00e1r\u00f3lag Eur\u00f3pai Uni\u00f3s orsz\u00e1gokb\u00f3l szerezz\u00fck be. A kendert organikus, n\u00f6v\u00e9nyv\u00e9d\u0151 szer mentes, GMO mentes m\u00f3dszerekkel termesztik, teljes m\u00e9rt\u00e9kben k\u00f6rnyezetbar\u00e1t \u00e9s fenntarthat\u00f3 m\u00f3don. A gazdas\u00e1gok az EU k\u00f6z\u00f6s fajtakatal\u00f3gusban felsorolt t\u00f6rzseket haszn\u00e1lnak, amelyek az EU-n bel\u00fcl termeszt\u00e9sre \u00e9s \u00e9rt\u00e9kes\u00edt\u00e9sre egyar\u00e1nt enged\u00e9lyezett kenderfajt\u00e1kat tartalmaznak.<\/p>\n<p>A term\u00e9k iparilag termesztett kenderb\u0151l k\u00e9sz\u00fcl szuperkritikus fluid extrakci\u00f3val, melynek sor\u00e1n kivon\u00f3szerk\u00e9nt sz\u00e9n-dioxidot alkalmaznak. Az \u00edgy el\u0151\u00e1ll\u00edtott kivonat kannabidiolokban rendk\u00edv\u00fcl gazdag (minimum 55%) \u00e9s szerves old\u00f3szereket nyomokban sem tartalmaz.<\/p>\n<h3>\u00d6sszetev\u0151k:<\/h3>\n<p>cs\u00edr\u00e1tlan\u00edtott kendermag olaj, 1000 mg kannabidiol (1,82 g kannabidiol, 55% kannabidiol desztill\u00e1tumb\u00f3l).<\/p>\n<p>Az \u00fcveg tartalma 10 ml (200 csepp) pr\u00e9mium min\u0151s\u00e9g\u0171 kendermag olaj.<\/p>\n<p>Garant\u00e1lt hat\u00f3anyagtartalom! Ellen\u0151rz\u00f6tt min\u0151s\u00e9g!<\/p>\n<p>0,2% alatti tartalom, az Eur\u00f3pai Uni\u00f3s el\u0151\u00edr\u00e1soknak megfelel\u0151en.<\/p>\n","protected":false},"featured_media":0,"comment_status":"closed","ping_status":"open","template":"","meta":[],"product_cat":[65,61],"product_tag":[],"class_list":{"0":"post-5110","1":"product","2":"type-product","3":"status-publish","5":"product_brand-sloo-down","6":"product_cat-cbd","7":"product_cat-etrend-kiegeszitok","9":"first","10":"instock","11":"purchasable","12":"product-type-simple"},"_links":{"self":[{"href":"https:\/\/vitamin.coredesign.hu\/index.php?rest_route=\/wp\/v2\/product\/5110","targetHints":{"allow":["GET"]}}],"collection":[{"href":"https:\/\/vitamin.coredesign.hu\/index.php?rest_route=\/wp\/v2\/product"}],"about":[{"href":"https:\/\/vitamin.coredesign.hu\/index.php?rest_route=\/wp\/v2\/types\/product"}],"replies":[{"embeddable":true,"href":"https:\/\/vitamin.coredesign.hu\/index.php?rest_route=%2Fwp%2Fv2%2Fcomments&post=5110"}],"wp:attachment":[{"href":"https:\/\/vitamin.coredesign.hu\/index.php?rest_route=%2Fwp%2Fv2%2Fmedia&parent=5110"}],"wp:term":[{"taxonomy":"product_cat","embeddable":true,"href":"https:\/\/vitamin.coredesign.hu\/index.php?rest_route=%2Fwp%2Fv2%2Fproduct_cat&post=5110"},{"taxonomy":"product_tag","embeddable":true,"href":"https:\/\/vitamin.coredesign.hu\/index.php?rest_route=%2Fwp%2Fv2%2Fproduct_tag&post=5110"}],"curies":[{"name":"wp","href":"https:\/\/api.w.org\/{rel}","templated":true}]}}