{"id":5109,"date":"2025-10-12T12:20:31","date_gmt":"2025-10-12T10:20:31","guid":{"rendered":"https:\/\/vitamin.coredesign.hu\/?product=mycolife-life-100-turbo-cd-vitaminnal"},"modified":"2026-01-08T23:22:09","modified_gmt":"2026-01-08T22:22:09","slug":"mycolife-life-100-turbo-cd-vitaminnal","status":"publish","type":"product","link":"https:\/\/vitamin.coredesign.hu\/?product=mycolife-life-100-turbo-cd-vitaminnal","title":{"rendered":"Mycolife Life 100 Turbo C+D vitaminnal"},"content":{"rendered":"<p>&nbsp;<\/p>\n<div id=\"lt-accessibility-devtools\" aria-hidden=\"true\"><\/div>\n<p>A Shiitake gomba, \u00e9s bodorr\u00f3zsa kivonat j\u00f3t\u00e9kony hat\u00e1sai r\u00e9g\u00f3ta ismertek, fogyaszt\u00e1suk nagy m\u00faltra tekint vissza.\u00a0<span dir=\"ltr\">A term\u00e9kben\u00a0<\/span><span dir=\"ltr\">tal\u00e1lhat\u00f3\u00a0<\/span><span dir=\"ltr\">kivonatokat\u00a0<\/span><span dir=\"ltr\">nagy\u00a0<\/span><span dir=\"ltr\">mennyis\u00e9g\u0171\u00a0<\/span><span dir=\"ltr\">C-\u00a0<\/span><span dir=\"ltr\">\u00e9s\u00a0<\/span><span dir=\"ltr\">D-vitaminnal\u00a0<\/span><span dir=\"ltr\">eg\u00e9sz\u00edtett\u00fck\u00a0<\/span><span dir=\"ltr\">ki,\u00a0<\/span><span dir=\"ltr\">amelyek\u00a0<\/span><span dir=\"ltr\">egym\u00e1st\u00a0<\/span><span dir=\"ltr\">er\u0151s\u00edtve t\u00e1mogatj\u00e1k immunrendszer\u00fcnket.<\/span><\/p>\n<p>t\u00e1pl\u00e1l\u00e9k-kieg\u00e9sz\u00edt\u0151 filmbe csomagolt tabletta form\u00e1j\u00e1ban. Vitaminokat, sziklar\u00f3zs\u00e1t \u00e9s shiitake gomba kivonatot tartalmaz.\u00a030 db filmbe csomagolt tabletta<\/p>\n<p><b>Fogalmaz\u00e1s:<\/b><\/p>\n<ul>\n<li>L-aszkorbinsav, tabletta t\u00e9rfogatn\u00f6vel\u0151 anyag (mikrokrist\u00e1lyos cellul\u00f3z),<\/li>\n<li>sziklar\u00f3zsa kivonat (Cistus incanus), stabiliz\u00e1tor (hidroxipropil-metil-cellul\u00f3z),<\/li>\n<li>shiitake gomba kivonat (Lentinus edodes), kolekalciferol,\u00a0adal\u00e9kanyagok\u00a0\u00a0(zs\u00edrsavak magn\u00e9zium s\u00f3i, talkum), sz\u00ednez\u00e9kek (tit\u00e1n-dioxid),<\/li>\n<li>kem\u00e9ny\u00edt\u0151.<\/li>\n<\/ul>\n<p>&nbsp;<\/p>\n<p><b>Hat\u00f3anyagok t\u00e1bl\u00e1zata:<\/b><\/p>\n<p><b>Hat\u00f3anyag mennyis\u00e9ge egy filmtablett\u00e1ban: NRV1<\/b><\/p>\n<p>C-vitamin 1000 mg 1250%<\/p>\n<p>D-vitamin 25 \u00b5g (1000 NE) 500%<\/p>\n<p>Sziklar\u00f3zsa kivonat 20 mg \u2013<\/p>\n<p>Shiitake gomba kivonat 20 mg \u2013<\/p>\n<p>1\u00a0% Napi j\u00f6vedelem referencia\u00e9rt\u00e9ke %-ban feln\u0151ttekn\u00e9l<\/p>\n<p><b>Adagol\u00e1s:<\/b>\u00a0napi 1 filmtabletta<\/p>\n<p><b>Figyelmeztet\u00e9s:<\/b>\u00a0A t\u00e1pl\u00e1l\u00e9k-kieg\u00e9sz\u00edt\u0151 nem helyettes\u00edti a kiegyens\u00falyozott, vegyes \u00e9trendet \u00e9s az eg\u00e9szs\u00e9ges \u00e9letm\u00f3dot!<\/p>\n<p>Ne l\u00e9pje t\u00fal az aj\u00e1nlott napi mennyis\u00e9get!<\/p>\n<p>&nbsp;<\/p>\n<p><b>Felhaszn\u00e1lhat\u00f3:<\/b>\u00a0d\u00e1tum a csomagol\u00e1s alj\u00e1n<\/p>\n<p>(nap h\u00f3nap \u00e9v).\u00a0Sz\u00e1raz helyen, sug\u00e1rz\u00f3 f\u00e9nyt\u0151l \u00e9s h\u0151t\u0151l v\u00e9dve t\u00e1roland\u00f3.<\/p>\n<p>Kisgyermekek el\u0151l elz\u00e1rva, 25\u00b0C-ot meg nem halad\u00f3 h\u0151m\u00e9rs\u00e9kleten tartand\u00f3.<\/p>\n<p><b>Nett\u00f3 t\u00f6meg: 40,5 g<\/b><\/p>\n","protected":false},"excerpt":{"rendered":"<p>Vitaminokat, bodorr\u00f3zsa \u00e9s shiitake gomba kivonatot tartalmaz\u00f3 \u00e9trend-kieg\u00e9sz\u00edt\u0151 filmtabletta.<\/p>\n","protected":false},"featured_media":0,"comment_status":"closed","ping_status":"open","template":"","meta":[],"product_cat":[63],"product_tag":[],"class_list":{"0":"post-5109","1":"product","2":"type-product","3":"status-publish","5":"product_brand-myco-life","6":"product_cat-gyogygombak","8":"first","9":"instock","10":"purchasable","11":"product-type-simple"},"_links":{"self":[{"href":"https:\/\/vitamin.coredesign.hu\/index.php?rest_route=\/wp\/v2\/product\/5109","targetHints":{"allow":["GET"]}}],"collection":[{"href":"https:\/\/vitamin.coredesign.hu\/index.php?rest_route=\/wp\/v2\/product"}],"about":[{"href":"https:\/\/vitamin.coredesign.hu\/index.php?rest_route=\/wp\/v2\/types\/product"}],"replies":[{"embeddable":true,"href":"https:\/\/vitamin.coredesign.hu\/index.php?rest_route=%2Fwp%2Fv2%2Fcomments&post=5109"}],"wp:attachment":[{"href":"https:\/\/vitamin.coredesign.hu\/index.php?rest_route=%2Fwp%2Fv2%2Fmedia&parent=5109"}],"wp:term":[{"taxonomy":"product_cat","embeddable":true,"href":"https:\/\/vitamin.coredesign.hu\/index.php?rest_route=%2Fwp%2Fv2%2Fproduct_cat&post=5109"},{"taxonomy":"product_tag","embeddable":true,"href":"https:\/\/vitamin.coredesign.hu\/index.php?rest_route=%2Fwp%2Fv2%2Fproduct_tag&post=5109"}],"curies":[{"name":"wp","href":"https:\/\/api.w.org\/{rel}","templated":true}]}}