{"id":5108,"date":"2025-10-12T12:20:31","date_gmt":"2025-10-12T10:20:31","guid":{"rendered":"https:\/\/vitamin.coredesign.hu\/?product=krilly-asztaxantin-astaxanthin-4mg-kapszula-30db"},"modified":"2026-01-08T23:22:09","modified_gmt":"2026-01-08T22:22:09","slug":"krilly-asztaxantin-astaxanthin-4mg-kapszula-30db","status":"publish","type":"product","link":"https:\/\/vitamin.coredesign.hu\/?product=krilly-asztaxantin-astaxanthin-4mg-kapszula-30db","title":{"rendered":"Krilly Asztaxantin (Astaxanthin 4mg) kapszula 30db"},"content":{"rendered":"<p>&nbsp;<\/p>\n<div id=\"lt-accessibility-devtools\" aria-hidden=\"true\"><\/div>\n<div>\n<p>Az asztaxantin tengeri alg\u00e1kban, krillekben, garn\u00e9l\u00e1ban, r\u00e1kokban \u00e9s hom\u00e1rokban valamint lazacf\u00e9l\u00e9kben tal\u00e1lhat\u00f3 antioxid\u00e1ns.<\/p>\n<p class=\"rovid\">30 db-os kapszula; Krilly term\u00e9k a j\u00f3 eg\u00e9szs\u00e9g\u00e9\u00e9rt.<\/p>\n<\/div>\n<div class=\"desc\">\n<p>Az Asztaxantin: 20-szor er\u0151sebb, mint a szintetikus v\u00e1ltozata, 50-szer er\u0151sebb, mint a b\u00e9ta-karotin, 60-szor er\u0151sebb, mint a C-vitamin, 14-szer hat\u00e1sosabb, mint az E vitamin<\/p>\n<p>Az asztaxantin az alg\u00e1k sz\u00ednez\u0151anyaga, melyek a sarkvid\u00e9ki tengerekben \u00e9lnek ezek a krill r\u00e1kok t\u00e1pl\u00e1l\u00e9kai. A v\u00f6r\u00f6s sz\u00ednanyag egy karotinoid t\u00edpus\u00fa vegy\u00fclet melyet az alg\u00e1k rekordmennyis\u00e9gben k\u00e9pesek felhalmozni a sejtjeikben ezt h\u00edvj\u00e1k asztaxantinnak. T\u00f6bb mint 100 m\u00e9ter m\u00e9lyen fagypont k\u00f6zeli h\u0151m\u00e9rs\u00e9kleten \u00e9lnek. T\u00f6bb \u00e9vtizedig kib\u00edrj\u00e1k t\u00e1pl\u00e1l\u00e9k \u00e9s v\u00edz n\u00e9lk\u00fcl, a ny\u00e1ri h\u0151s\u00e9g, a t\u00e9li, jeges hideg sem \u00e1rt meg nekik!<\/p>\n<p>Az asztaxantin egyed\u00fcl\u00e1ll\u00f3 tulajdons\u00e1gai r\u00e9v\u00e9n-mivel zs\u00edrban \u00e9s v\u00edzben is old\u00f3dik, k\u00f6nnyen bejuthat a szervezet minden sejtj\u00e9be, ez\u00e1ltal v\u00e9dve azt. A term\u00e9szetes asztaxantin a vil\u00e1g leger\u0151sebb antioxid\u00e1nsak\u00e9nt v\u00e1lt ismertt\u00e9. Test\u00fcnk sz\u00e1m\u00e1ra a legnagyobb vesz\u00e9lyt a szabad gy\u00f6k\u00f6k jelentik, melyek megt\u00e1madhatj\u00e1k a test sejtjeit. Az asztaxantin term\u00e9szetes form\u00e1j\u00e1ban molekul\u00e1ris l\u00e1nc\u00e1nak mindk\u00e9t v\u00e9g\u00e9n mindig zs\u00edrsavakhoz kapcsol\u00f3dik, ez az oka, hogy a term\u00e9szetes asztaxantin fel\u00fclm\u00falja a szintetikus asztaxantin k\u00e9pess\u00e9geit. Az asztaxantin \u00e1thatol a v\u00e9r-agy g\u00e1ton, antioxid\u00e1ns \u00e9s gyullad\u00e1sg\u00e1tl\u00f3 v\u00e9delmet ny\u00fajthat az agynak \u00e9s a k\u00f6zponti idegrendszernek. Ez egy rendk\u00edv\u00fcli jelens\u00e9g, mivel a v\u00e9r-agy g\u00e1t egy er\u0151sen szelekt\u00e1l\u00f3 filter, mely csak az agy \u00e1ltal sz\u00fcks\u00e9ges t\u00e1panyagokat engedi \u00e1t, \u00e9s kiz\u00e1r\u00f3lag t\u00e1panyagcsere term\u00e9keket tov\u00e1bb\u00edt. Ily m\u00f3don v\u00e9dheti az agyat a v\u00e9rben kering\u0151 k\u00f3rokoz\u00f3kt\u00f3l, toxinokt\u00f3l \u00e9s h\u00edrviv\u0151 anyagokt\u00f3l. Az asztaxantin \u00e1thatol a v\u00e9r-retina g\u00e1ton, \u00e9s antioxid\u00e1ns, illetve gyullad\u00e1sg\u00e1tl\u00f3 v\u00e9delmet biztos\u00edthat a szemeknek. A v\u00e9r-retina g\u00e1t is szelekt\u00e1l\u00f3 filter, melynek hat\u00e1s\u00e1ra csak adott anyagok ker\u00fclhetnek a retinah\u00e1rty\u00e1ra.<\/p>\n<p>Seg\u00edthet megfelel\u0151 szinten tartani a b\u0151r nedvess\u00e9gtartalm\u00e1t, a b\u0151r sima \u00e9s elasztikus lesz, kisimulnak az apr\u00f3 r\u00e1ncok. Megsz\u00fcntetheti a b\u0151rfoltokat. Mindennek k\u00f6sz\u00f6nhet\u0151en friss\u00e9 \u00e9s fiatalosabb\u00e1 v\u00e1lik a b\u0151r.<\/p>\n<p>Az asztaxantin legfontosabb pozit\u00edvumai:<br \/>\nelt\u00f6rp\u00fcl az E-vitamin, mint antioxid\u00e1ns: az asztaxantin 14-szer hat\u00e1sosabb!<br \/>\nv\u00edzben old\u00f3dik, ez\u00e9rt t\u00faladagol\u00e1sa kiz\u00e1rt<br \/>\na m\u00e1jat nem terheli az em\u00e9szt\u0151rendszerb\u0151l k\u00f6zvetlen\u00fcl sz\u00edv\u00f3dik fel, m\u00e9regtelen\u00edt\u00e9skor aj\u00e1nlott<br \/>\naz asztaxantin molekula egyed\u00fcl\u00e1ll\u00f3 m\u00f3don a sejtek (bilipid membr\u00e1nj\u00e1nak) mindk\u00e9t oldal\u00e1n megtapad, \u00edgy a sejtek rendk\u00edv\u00fcl v\u00e9dettek nem \u00f6regednek el id\u0151 el\u0151tt<br \/>\ng\u00e1toljhatja a sejtek roncsol\u00f3d\u00e1s\u00e1t, korai sejthal\u00e1lt<br \/>\nt\u00e1mogathatja a sejtek legoptim\u00e1lisabb m\u0171k\u00f6d\u00e9si felt\u00e9teleit<br \/>\nfokozhatja az izomfejl\u0151d\u00e9st<br \/>\nfelpezsd\u00edtheti a teljes\u00edt\u0151- \u00e9s \u00e1ll\u00f3k\u00e9pess\u00e9get<br \/>\nmell\u00e9khat\u00e1smentes \u2013 nem pro-oxidat\u00edv, \u00e1tjut a v\u00e9r-agy, \u00e9s v\u00e9r-retina g\u00e1ton \u2013 gyullad\u00e1sg\u00e1tl\u00f3, er\u0151s gyullad\u00e1scs\u00f6kkent\u0151 \u00e9s f\u00e1jdalomcsillap\u00edt\u00f3 hat\u00e1sa van.<\/p>\n<p>Hogyan alkalmazhat\u00f3 az Asztaxantin?<br \/>\nNapi 1 kapszula, reggel vagy d\u00e9lut\u00e1n \u00e9tkez\u00e9s ut\u00e1n.<\/p>\n<p>Astaxanthin, a legmodernebb bels\u0151 napv\u00e9d\u0151. Igen, ez a t\u00e1panyag k\u00fcl\u00f6n\u00f6sen hasznos a napk\u00e1rosod\u00e1s ellen!<br \/>\nAz astaxanthin a k\u00f6zelm\u00faltban ker\u00fclt el\u0151t\u00e9rbe, mint &#8222;szupert\u00e1panyag,&#8221;\u00e9s sz\u00e1mos szakmailag lektor\u00e1lt tudom\u00e1nyos vizsg\u00e1lat t\u00e1rgya. Tengeri alg\u00e1k termelik az UV sug\u00e1rz\u00e1s hat\u00e1s\u00e1ra. Az alga \u00edgy v\u00e9di mag\u00e1t. Teljesen \u00e9rthet\u0151 teh\u00e1t, hogy ez az er\u0151sen pigment\u00e1lt anyag k\u00e9pes megv\u00e9deni a szervezetet, ha el\u00e9g nagy adagban \u00e9s el\u00e9g hossz\u00fa ideig szedj\u00fck ahhoz, hogy a sz\u00f6veteinkbe be tudjon \u00e9p\u00fclni. Ez t\u00f6bb h\u00e9tig eltart.<br \/>\nAz egyik el\u0151nye, ami felkeltette a tud\u00f3sok \u00e9rdekl\u0151d\u00e9s\u00e9t, hogy cs\u00f6kkenti az \u00f6reged\u00e9s jeleit az\u00e1ltal, hogy megv\u00e9di a b\u0151rt a nap okozta k\u00e1rosod\u00e1st\u00f3l.<br \/>\nEgy f\u00fcggetlen kutat\u00f3 laborat\u00f3rium vizsg\u00e1latot v\u00e9gzett a b\u0151r mind az UVA mind az UVB f\u00e9nnyel szembeni ellen\u00e1ll\u00f3 k\u00e9pess\u00e9g\u00e9r\u0151l astaxanthin szed\u00e9se el\u0151tt \u00e9s ut\u00e1n. Napi 4 mg k\u00e9t h\u00e9ten \u00e1t val\u00f3 szed\u00e9se ut\u00e1n az alanyok b\u0151re csak jelent\u0151sen hosszabb ideig tart\u00f3 UV sug\u00e1rz\u00e1s ut\u00e1n v\u00e1lt piross\u00e1.<\/p>\n<p><strong>\u00d6sszetev\u0151k:<\/strong><br \/>\nAstaReal A1010 (Haematococcus pluvialis mikroalga koncentr\u00e1tum) valamint napraforg\u00f3olaj, aszkorbinsav, d-alfa-tokoferol, s\u0171r\u00edt\u0151anyagok-feh\u00e9r m\u00e9hviasz, szil\u00edcium-dioxid.<\/p>\n<p>A kapszulah\u00e9j \u00f6sszetev\u0151i:<br \/>\nVeget\u00e1ri\u00e1nus, hipromell\u00f3z (HPMC) kapszul\u00e1k. Veget\u00e1ri\u00e1nusok \u00e9s veg\u00e1nok is fogyaszthatj\u00e1k k\u00f3ser igazol\u00e1ssal, a Veget\u00e1ri\u00e1nus \u00e9s veg\u00e1n t\u00e1rsas\u00e1g min\u0151s\u00edt\u00e9s\u00e9vel.<\/p>\n<p>A term\u00e9k nem tartalmaz:<br \/>\nMesters\u00e9ges sz\u00ednez\u00e9kek, lakt\u00f3zt, glut\u00e9nt, tart\u00f3s\u00edt\u00f3szereket, s\u00f3t, \u00e9leszt\u0151t. Veget\u00e1ri\u00e1nusok is fogyaszthatj\u00e1k. Az Eur\u00f3pai Parlament \u00e9s az Eur\u00f3pa Tan\u00e1cs (EU) No. 1169\/2011. sz\u00e1m\u00fa rendelete \u00e9rtelm\u00e9ben nem tartalmaz allerg\u00e9neket.<\/p>\n<p>A Krilly asztaxantin egy eg\u00e9szs\u00e9gmeg\u0151rz\u00e9st t\u00e1mogat\u00f3 \u00e9trend-kieg\u00e9sz\u00edt\u0151 term\u00e9k \u00e9s nem gy\u00f3gyszer. A 37\/2004 (IV. 26.) EU-s rendeletben foglaltak szerint az \u00e9trend-kieg\u00e9sz\u00edt\u0151k nem alkalmasak betegs\u00e9gek \u00e9s a szervezet m\u0171k\u00f6d\u00e9si zavarainak gy\u00f3gy\u00edt\u00e1s\u00e1ra, kezel\u00e9s\u00e9re, megel\u0151z\u00e9s\u00e9re. Fogyaszt\u00e1suk nem helyettes\u00edti a megfelel\u0151 szakorvosi diagn\u00f3zist \u00e9s a gy\u00f3gyszeres kezel\u00e9st, de kieg\u00e9sz\u00edtheti az orvos \u00e1ltal javasolt ter\u00e1pi\u00e1t. A le\u00edr\u00e1sban szerepl\u0151 \u00e1ll\u00edt\u00e1sok, a hat\u00f3anyagokra vonatkoz\u00f3 szakirodalmi forr\u00e1sokb\u00f3l vett id\u00e9zetek.<\/p>\n<p>Hat\u00f3anyag 420 mg kapszul\u00e1nk\u00e9nt:<br \/>\nAsztaxantin:4 mg (Alga massza &#8211; Asta Real: 84 mg)<br \/>\nNapraforg\u00f3 olaj (finom\u00edtott):224,5 mg, Lecitint: 3 mg, C-vitamin (aszkorbinsav):66mg, term\u00e9szetes E-vitamin:16,5mg (D-alpha-tokoferol), Feh\u00e9r m\u00e9hviasz:25 mg, Szilicium-dioxid:4 mg<br \/>\nSv\u00e9dorsz\u00e1gbanban gy\u00e1rtott term\u00e9k, O\u00c9TI notifik\u00e1ci\u00f3s sz\u00e1m: 20766\/2018.<\/p>\n<\/div>\n","protected":false},"excerpt":{"rendered":"<p>Az asztaxantin tengeri alg\u00e1kban, krillekben, garn\u00e9l\u00e1ban, r\u00e1kokban \u00e9s hom\u00e1rokban valamint lazacf\u00e9l\u00e9kben tal\u00e1lhat\u00f3 antioxid\u00e1ns.<\/p>\n","protected":false},"featured_media":0,"comment_status":"closed","ping_status":"open","template":"","meta":[],"product_cat":[61],"product_tag":[],"class_list":{"0":"post-5108","1":"product","2":"type-product","3":"status-publish","5":"product_brand-krilly","6":"product_cat-etrend-kiegeszitok","8":"first","9":"instock","10":"purchasable","11":"product-type-simple"},"_links":{"self":[{"href":"https:\/\/vitamin.coredesign.hu\/index.php?rest_route=\/wp\/v2\/product\/5108","targetHints":{"allow":["GET"]}}],"collection":[{"href":"https:\/\/vitamin.coredesign.hu\/index.php?rest_route=\/wp\/v2\/product"}],"about":[{"href":"https:\/\/vitamin.coredesign.hu\/index.php?rest_route=\/wp\/v2\/types\/product"}],"replies":[{"embeddable":true,"href":"https:\/\/vitamin.coredesign.hu\/index.php?rest_route=%2Fwp%2Fv2%2Fcomments&post=5108"}],"wp:attachment":[{"href":"https:\/\/vitamin.coredesign.hu\/index.php?rest_route=%2Fwp%2Fv2%2Fmedia&parent=5108"}],"wp:term":[{"taxonomy":"product_cat","embeddable":true,"href":"https:\/\/vitamin.coredesign.hu\/index.php?rest_route=%2Fwp%2Fv2%2Fproduct_cat&post=5108"},{"taxonomy":"product_tag","embeddable":true,"href":"https:\/\/vitamin.coredesign.hu\/index.php?rest_route=%2Fwp%2Fv2%2Fproduct_tag&post=5108"}],"curies":[{"name":"wp","href":"https:\/\/api.w.org\/{rel}","templated":true}]}}