{"id":5107,"date":"2025-10-12T12:20:31","date_gmt":"2025-10-12T10:20:31","guid":{"rendered":"https:\/\/vitamin.coredesign.hu\/?product=krilly-krill-olaj-590mg-60db"},"modified":"2026-01-08T23:22:09","modified_gmt":"2026-01-08T22:22:09","slug":"krilly-krill-olaj-590mg-60db","status":"publish","type":"product","link":"https:\/\/vitamin.coredesign.hu\/?product=krilly-krill-olaj-590mg-60db","title":{"rendered":"Krilly Krill Olaj 590mg 60db"},"content":{"rendered":"<p>&nbsp;<\/p>\n<div id=\"lt-accessibility-devtools\" aria-hidden=\"true\"><\/div>\n<p><strong>A Krilly Superba \u2122 Boost egy vadonat\u00faj egyed\u00fcl\u00e1ll\u00f3 590 mg-os krill olaj koncentr\u00e1tum, amely nagyobb mennyis\u00e9g\u0171 omega-3-at, foszfolipidet \u00e9s kolint tartalmaz!<br \/>\n<\/strong>Ez egy pr\u00e9mium min\u0151s\u00e9g\u0171 cs\u00facsterm\u00e9k, a vil\u00e1g vezet\u0151 krill gy\u00e1rt\u00f3j\u00e1nak a \u201cz\u00e1szl\u00f3shaj\u00f3ja\u201d! Az Aker el\u0151z\u0151 500 mg-os Krill olaja m\u00e1r kor\u00e1bban vil\u00e1gszerte sokat bizony\u00edtott. Ennek a tov\u00e1bbfejlesztett \u00faj gener\u00e1ci\u00f3ja, az Aker Biomarine 590 mg-os megemelt hat\u00f3anyag tartalm\u00fa Krill olaja, a Krilly Superba \u2122 Boost 590 mg. Ez egy teljesen egyed\u00fcl\u00e1ll\u00f3 term\u00e9k, Magyarorsz\u00e1gon szinte csak a Krilly forgalmazza! A Krilly Superba \u2122 Boost 590 mg Krill olaj tulajdons\u00e1gai:<br \/>\n\u2022 50%-kal t\u00f6bb foszfolipidet<br \/>\n\u2022 40%-kal t\u00f6bb foszfolipidben k\u00f6t\u00f6tt omega-3-at<br \/>\n\u2022 20-30%-kal t\u00f6bb omega-3 zs\u00edrsavat (EPA \u00e9s DHA)<br \/>\n\u2022 40%-kal t\u00f6bb kolint tartalmaz, mint a hagyom\u00e1nyos 500 mg-os Krill olaj.<\/p>\n<p>A Krill olajban az omega-3 zs\u00edrsavak k\u00f6t\u00f6tt, foszfolipid form\u00e1ban vannak jelen, melyek k\u00f6nnyebben felsz\u00edv\u00f3dnak, k\u00f6nnyen em\u00e9szthet\u0151ek \u00e9s jobban hasznosulnak az emberi szervezetben mint a halolajak eset\u00e9ben, amelyn\u00e9l a triglicerideket a m\u00e1jnak m\u00e9g \u00e1t kell alak\u00edtania, ami vesztes\u00e9ggel j\u00e1r. A krill alap\u00fa t\u00f6bbsz\u00f6r\u00f6sen tel\u00edtetlen omega-3 zs\u00edrsavak \u2013 EPA \u00e9s DHA \u2013 fogyaszt\u00e1sa (naponta 250 mg EPA \u00e9s DHA bevitel) hozz\u00e1j\u00e1rul a sz\u00edv megfelel\u0151 m\u0171k\u00f6d\u00e9s\u00e9hez. A Krill olaj jelent\u0151s mennyis\u00e9gben tartalmaz egy v\u00f6r\u00f6s sz\u00edn\u0171 hat\u00f3anyagot, az asztaxantint, melynek \u00e9l\u00e9nk sz\u00edn\u00e9t is k\u00f6sz\u00f6nheti. Agyunk jelent\u0151s r\u00e9sze Omega zs\u00edrsavakb\u00f3l \u00e1ll. A megfelel\u0151 agyi teljes\u00edtm\u00e9ny el\u00e9r\u00e9s\u00e9hez szervezet\u00fcnknek folyamatosan sz\u00fcks\u00e9ge van omega-3-ra. Ennek hi\u00e1nya vagy alacsony szintje nemcsak \u00f6regkorban vezethet elbutul\u00e1shoz \u00e9s a ment\u00e1lis teljes\u00edtm\u00e9ny cs\u00f6kken\u00e9s\u00e9hez, hanem m\u00e1r j\u00f3val kor\u00e1bban is.<\/p>\n<p>A Krill olaj aj\u00e1nlott a kismam\u00e1knak a v\u00e1rand\u00f3ss\u00e1g 3. h\u00f3napj\u00e1t\u00f3l a magzati agy \u00e9s immunrendszer fejl\u0151d\u00e9s\u00e9re. A szoptat\u00f3s kismam\u00e1knak az omega-3 p\u00f3tl\u00e1s\u00e1ra \u00e9s a sz\u00fcl\u00e9s ut\u00e1ni depresszi\u00f3 megel\u0151z\u00e9s\u00e9re vagy lek\u00fczd\u00e9s\u00e9re. Ut\u00f3bbi legf\u0151bb el\u0151id\u00e9z\u0151je a szak\u00e9rt\u0151k szerint ugyanis a sz\u00fcl\u00e9s ut\u00e1ni megcsappant omega-3 szint az anyuk\u00e1kn\u00e1l.<\/p>\n<p>Miben seg\u00edthet a Krill olaj?<\/p>\n<p>Sz\u00edv-\u00e9s \u00e9rrendszeri megbeteged\u00e9sek megel\u0151z\u00e9s\u00e9ben, \u00edz\u00fcleti gyullad\u00e1sokban, gyomor- \u00e9s b\u00e9lbetegs\u00e9gekben, UV-sug\u00e1rz\u00e1s elleni v\u00e9delemben, a m\u00e1jm\u0171k\u00f6d\u00e9s jav\u00edt\u00e1s\u00e1ban, daganatos betegs\u00e9gek megel\u0151z\u00e9s\u00e9ben, prosztata b\u00e1ntalmakban, autoimmun betegs\u00e9gekben, l\u00e1t\u00e1sjav\u00edt\u00e1sban, az agyi teljes\u00edtm\u00e9ny fokoz\u00e1s\u00e1ban, mem\u00f3ria \u00e9s koncentr\u00e1l\u00e1s jav\u00edt\u00e1s\u00e1ban, az \u00f6reged\u00e9si folyamatok lass\u00edt\u00e1s\u00e1ban, a v\u00e9rzs\u00edrok normaliz\u00e1l\u00e1s\u00e1ban, medd\u0151s\u00e9gben, a spermiumok min\u0151s\u00e9gi \u00e9s mennyis\u00e9gi javul\u00e1s\u00e1ban, a b\u0151r sz\u00e9ps\u00e9g\u00e9nek meg\u0151rz\u00e9s\u00e9ben, a v\u00e9rcukorszint cs\u00f6kkent\u00e9s\u00e9ben, a hormon\u00e1lis egyens\u00faly fenntart\u00e1s\u00e1ban, a depresszi\u00f3 lek\u00fczd\u00e9s\u00e9ben.<\/p>\n<p>Egy kapszula 590 mg hat\u00f3anyagot tartalmaz. Norv\u00e9g term\u00e9k!<br \/>\nOGY\u00c9I notifik\u00e1ci\u00f3s sz\u00e1m:20939\/2018<br \/>\nFeln\u0151tteknek az aj\u00e1nlott napi adag: 2 kapszula<\/p>\n","protected":false},"excerpt":{"rendered":"<p>A halolajhoz hasonl\u00f3an a krill olaj is tartalmaz a sz\u00edv \u00e9s \u00e9rrendszer sz\u00e1m\u00e1ra n\u00e9lk\u00fcl\u00f6zhetetlen zs\u00edrsavakat. \u00d6sszetev\u0151i jav\u00edthatj\u00e1k az \u00e9letmin\u0151s\u00e9get, az \u00e1ltal\u00e1nos fizikai \u00e9s ment\u00e1lis eg\u00e9szs\u00e9gi \u00e1llapotot.<\/p>\n","protected":false},"featured_media":0,"comment_status":"closed","ping_status":"open","template":"","meta":[],"product_cat":[61],"product_tag":[],"class_list":{"0":"post-5107","1":"product","2":"type-product","3":"status-publish","5":"product_brand-krilly","6":"product_cat-etrend-kiegeszitok","8":"first","9":"instock","10":"purchasable","11":"product-type-simple"},"_links":{"self":[{"href":"https:\/\/vitamin.coredesign.hu\/index.php?rest_route=\/wp\/v2\/product\/5107","targetHints":{"allow":["GET"]}}],"collection":[{"href":"https:\/\/vitamin.coredesign.hu\/index.php?rest_route=\/wp\/v2\/product"}],"about":[{"href":"https:\/\/vitamin.coredesign.hu\/index.php?rest_route=\/wp\/v2\/types\/product"}],"replies":[{"embeddable":true,"href":"https:\/\/vitamin.coredesign.hu\/index.php?rest_route=%2Fwp%2Fv2%2Fcomments&post=5107"}],"wp:attachment":[{"href":"https:\/\/vitamin.coredesign.hu\/index.php?rest_route=%2Fwp%2Fv2%2Fmedia&parent=5107"}],"wp:term":[{"taxonomy":"product_cat","embeddable":true,"href":"https:\/\/vitamin.coredesign.hu\/index.php?rest_route=%2Fwp%2Fv2%2Fproduct_cat&post=5107"},{"taxonomy":"product_tag","embeddable":true,"href":"https:\/\/vitamin.coredesign.hu\/index.php?rest_route=%2Fwp%2Fv2%2Fproduct_tag&post=5107"}],"curies":[{"name":"wp","href":"https:\/\/api.w.org\/{rel}","templated":true}]}}