{"id":5106,"date":"2025-10-12T12:20:31","date_gmt":"2025-10-12T10:20:31","guid":{"rendered":"https:\/\/vitamin.coredesign.hu\/?product=krilly-energy-max-multivitamin-filmtabletta-30db"},"modified":"2026-01-08T23:22:09","modified_gmt":"2026-01-08T22:22:09","slug":"krilly-energy-max-multivitamin-filmtabletta-30db","status":"publish","type":"product","link":"https:\/\/vitamin.coredesign.hu\/?product=krilly-energy-max-multivitamin-filmtabletta-30db","title":{"rendered":"Krilly Energy Max Multivitamin filmtabletta \u2013 30db"},"content":{"rendered":"<p>&nbsp;<\/p>\n<div id=\"lt-accessibility-devtools\" aria-hidden=\"true\"><\/div>\n<p>A Krilly Energy Max Multivitamin vitaminokat, \u00e1sv\u00e1nyi anyagokat, nyomelemeket, koenzim Q10-et tartalmaz\u00f3 \u00e9trendkieg\u00e9sz\u00edt\u0151 k\u00e9sz\u00edtm\u00e9ny, feln\u0151tteknek.<\/p>\n<h3>Multivitamin<\/h3>\n<p>A multivitamin rendszeres szed\u00e9s\u00e9vel a szervezet hozz\u00e1jut minden alapvet\u0151 vitaminhoz \u00e9s \u00e1sv\u00e1nyi anyaghoz, ez\u00e1ltal a szervezet m\u0171k\u00f6d\u00e9se kiegyens\u00falyozottabb\u00e1 v\u00e1lhat, az immunrendszer er\u0151s\u00f6dhet, \u00edgy a betegs\u00e9gekkel szemben is ellen\u00e1ll\u00f3bb\u00e1 v\u00e1lhat. A vitaminok kiemelt szerepet j\u00e1tszanak az eg\u00e9szs\u00e9g meg\u0151rz\u00e9s\u00e9ben, viszont fontos a szervezet\u00fcnkbe ker\u00fcl\u0151 vitaminok egym\u00e1shoz viszony\u00edtott ar\u00e1nya, emiatt legink\u00e1bb a multivitamin k\u00e9sz\u00edtm\u00e9nyeket \u00e9rdemes el\u0151nyben r\u00e9szes\u00edteni. A multivitamin k\u00e9sz\u00edtm\u00e9nyek er\u0151ss\u00e9g\u00fckt\u0151l f\u00fcggetlen\u00fcl t\u00f6bbnyire megfelel\u0151 ar\u00e1nyokban tartalmazz\u00e1k a k\u00fcl\u00f6nb\u00f6z\u0151 vitaminokat, \u00e1sv\u00e1nyi anyagokat, nyomelemeket, vagy ak\u00e1r m\u00e9g gy\u00f3gyn\u00f6v\u00e9nyeket \u00e9s aminosavakat is. A hat\u00f3anyagok komplex bevitele el\u0151seg\u00edti a k\u00fcl\u00f6nb\u00f6z\u0151 vitaminok \u00e9s \u00e1sv\u00e1nyi anyagok jobb felsz\u00edv\u00f3d\u00e1s\u00e1t, amelyek egym\u00e1ssal k\u00f6lcs\u00f6nhat\u00e1sba l\u00e9pve nagyobb hat\u00e1sfokban tudnak hasznosulni a szervezetben.<\/p>\n<p>A Multivitamin filmtabletta fogyaszt\u00e1sa hozz\u00e1j\u00e1rul a szervezet alapvet\u0151 vitamin-, \u00e1sv\u00e1nyi anyag \u00e9s nyomelem sz\u00fcks\u00e9glet\u00e9nek biztos\u00edt\u00e1s\u00e1hoz. A k\u00e9sz\u00edtm\u00e9nyben l\u00e9v\u0151 Koenzim Q10 el\u0151seg\u00edti a szervezet eg\u00e9szs\u00e9ges m\u0171k\u00f6d\u00e9s\u00e9t intenz\u00edv testi \u00e9s szellemi terhel\u00e9s eset\u00e9n is.<\/p>\n<h3>Aj\u00e1nlott adagol\u00e1s:<\/h3>\n<p>napi 1 tabletta.<\/p>\n<h3>Hat\u00f3nyagok 1 tablett\u00e1ban:<\/h3>\n<ul>\n<li>B1-vitamin: 1,1 mg<\/li>\n<li>B2-vitamin: 1,4 mg<\/li>\n<li>Nikotinamid: 16 mg<\/li>\n<li>B5-vitamin: 6 mg<\/li>\n<li>B6-vitamin: 1,4 mg<\/li>\n<li>B12-vitamin: 2,5 \u03bcg<\/li>\n<li>Folsav: 200 \u03bcg<\/li>\n<li>Biotin: 50 \u03bcg<\/li>\n<li>C-vitamin: 80 mg<\/li>\n<li>E-vitamin: 12 mg<\/li>\n<li>A-vitamin: 800 \u03bcg<\/li>\n<li>D3-vitamin: 5 \u03bcg<\/li>\n<li>K1-vitamin: 40 \u03bcg<\/li>\n<li>Kalcium: 120 mg<\/li>\n<li>Foszfor: 92,8 mg<\/li>\n<li>Magn\u00e9zium: 100 mg<\/li>\n<li>Cink: 15 mg<\/li>\n<li>Vas: 9 mg<\/li>\n<li>Mang\u00e1n: 1 mg<\/li>\n<li>B\u00f3r: 1 mg<\/li>\n<li>R\u00e9z: 0,7 mg<\/li>\n<li>J\u00f3d: 150 \u03bcg<\/li>\n<li>Kr\u00f3m: 40 \u03bcg<\/li>\n<li>Szel\u00e9n: 55 \u03bcg<\/li>\n<li>Molibd\u00e9n: 50 \u03bcg<\/li>\n<li>Rutin: 5 mg<\/li>\n<li>Likopin: 1 mg<\/li>\n<li>Lutein: 0,3 mg<\/li>\n<li>Koenzim Q10: 5 mg<\/li>\n<\/ul>\n<h3>\u00d6sszetev\u0151k:<\/h3>\n<p>kalcium-hidrog\u00e9n-foszf\u00e1t, magn\u00e9zium-oxid, t\u00f6megn\u00f6vel\u0151 szer: (isomalt, polidextr\u00f3z, mikrokrist\u00e1lyos cellul\u00f3z), csom\u00f3sod\u00e1st g\u00e1tl\u00f3: (karbox-meti-cellul\u00f3z-n\u00e1trium, magn\u00e9zium-sztear\u00e1t), stabiliz\u00e1tor: (hidroxi-propil-metil-cellul\u00f3z, polivinilpirrolidon, polietil\u00e9nglikol), L-aszkorbinsav, cink-szulf\u00e1t, vas-fumar\u00e1t, dl-alfa-tokoferil-acet\u00e1t, nikotinamid, csom\u00f3sod\u00e1st g\u00e1tl\u00f3: talkum, kalcium-pantoten\u00e1t, b\u00f3rsav, all-transz-retinyl-acet\u00e1t, r\u00e9z-gl\u00fckon\u00e1t, rutin, koenzim Q10, mang\u00e1n-szulf\u00e1t, kolekalciferol, piridoxin-hidroklorid, sz\u00ednez\u00e9kek: (tit\u00e1n-dioxid, vasoxid s\u00e1rga, vas-oxid v\u00f6r\u00f6s), riboflavin, tiamin-mononitr\u00e1t, likopin, n\u00e1trium szelenit, lutein, kr\u00f3m-klorid, folsav, k\u00e1lium-jodid, amm\u00f3nium-molibd\u00e1t, biotin, fitomenadion, cianokobolamin.<\/p>\n","protected":false},"excerpt":{"rendered":"<p>A Krilly Energy Max Multivitamin vitaminokat, \u00e1sv\u00e1nyi anyagokat, nyomelemeket, koenzim Q10-et tartalmaz\u00f3 k\u00e9sz\u00edtm\u00e9ny, mely biztos\u00edtja a szervezet sz\u00e1m\u00e1ra a n\u00e9lk\u00fcl\u00f6zhetetlen esszenci\u00e1lis vitaminokat, \u00e1sv\u00e1nyi anyagokat, nyomelemeket, amelyek szervesen, organikusan k\u00f6t\u0151dnek a szervezet vegy\u00fcleteihez, mely maximaliz\u00e1lja a szervezetben t\u00f6rt\u00e9n\u0151 hasznosul\u00e1sukat.<\/p>\n","protected":false},"featured_media":0,"comment_status":"closed","ping_status":"open","template":"","meta":[],"product_cat":[60],"product_tag":[],"class_list":{"0":"post-5106","1":"product","2":"type-product","3":"status-publish","5":"product_brand-krilly","6":"product_cat-vitaminok","8":"first","9":"instock","10":"purchasable","11":"product-type-simple"},"_links":{"self":[{"href":"https:\/\/vitamin.coredesign.hu\/index.php?rest_route=\/wp\/v2\/product\/5106","targetHints":{"allow":["GET"]}}],"collection":[{"href":"https:\/\/vitamin.coredesign.hu\/index.php?rest_route=\/wp\/v2\/product"}],"about":[{"href":"https:\/\/vitamin.coredesign.hu\/index.php?rest_route=\/wp\/v2\/types\/product"}],"replies":[{"embeddable":true,"href":"https:\/\/vitamin.coredesign.hu\/index.php?rest_route=%2Fwp%2Fv2%2Fcomments&post=5106"}],"wp:attachment":[{"href":"https:\/\/vitamin.coredesign.hu\/index.php?rest_route=%2Fwp%2Fv2%2Fmedia&parent=5106"}],"wp:term":[{"taxonomy":"product_cat","embeddable":true,"href":"https:\/\/vitamin.coredesign.hu\/index.php?rest_route=%2Fwp%2Fv2%2Fproduct_cat&post=5106"},{"taxonomy":"product_tag","embeddable":true,"href":"https:\/\/vitamin.coredesign.hu\/index.php?rest_route=%2Fwp%2Fv2%2Fproduct_tag&post=5106"}],"curies":[{"name":"wp","href":"https:\/\/api.w.org\/{rel}","templated":true}]}}